{"id":11,"date":"2018-02-22T10:20:37","date_gmt":"2018-02-22T10:20:37","guid":{"rendered":"http:\/\/goldenclinic.es\/web\/?page_id=11"},"modified":"2018-04-18T14:45:31","modified_gmt":"2018-04-18T14:45:31","slug":"dr-juan-carlos-santiago-blazquez","status":"publish","type":"page","link":"https:\/\/goldenclinic.es\/en\/dr-juan-carlos-santiago-blazquez\/","title":{"rendered":"Dr. Juan Carlos Santiago Bl\u00e1zquez"},"content":{"rendered":"<div id=\"pl-11\"  class=\"panel-layout\" ><div id=\"pg-11-0\"  class=\"panel-grid panel-no-style\" ><div id=\"pgc-11-0-0\"  class=\"panel-grid-cell\" ><div id=\"panel-11-0-0-0\" class=\"so-panel widget widget_media_image panel-first-child panel-last-child\" data-index=\"0\" ><img loading=\"lazy\" decoding=\"async\" width=\"548\" height=\"365\" src=\"https:\/\/goldenclinic.es\/en\/wp-content\/uploads\/sites\/6\/2018\/02\/drsantiago_365.jpg\" class=\"image wp-image-7694  attachment-full size-full\" alt=\"Dr Juan Carlos Santiago - Ginec\u00f3logo Marbella\" style=\"max-width: 100%; height: auto;\" srcset=\"https:\/\/goldenclinic.es\/en\/wp-content\/uploads\/sites\/6\/2018\/02\/drsantiago_365.jpg 548w, https:\/\/goldenclinic.es\/en\/wp-content\/uploads\/sites\/6\/2018\/02\/drsantiago_365-300x200.jpg 300w, https:\/\/goldenclinic.es\/en\/wp-content\/uploads\/sites\/6\/2018\/02\/drsantiago_365-360x240.jpg 360w, https:\/\/goldenclinic.es\/en\/wp-content\/uploads\/sites\/6\/2018\/02\/drsantiago_365-272x182.jpg 272w\" sizes=\"auto, (max-width: 548px) 100vw, 548px\" \/><\/div><\/div><div id=\"pgc-11-0-1\"  class=\"panel-grid-cell\" ><div id=\"panel-11-0-1-0\" class=\"so-panel widget widget_sow-editor panel-first-child panel-last-child\" data-index=\"1\" ><div\n\t\t\t\n\t\t\tclass=\"so-widget-sow-editor so-widget-sow-editor-base\"\n\t\t\t\n\t\t>\n<div class=\"siteorigin-widget-tinymce textwidget\">\n\t<p>Doctor in Medicine by Granada University, was involved in research from 1992-96 obtaining his <strong>PhD in Obstetrics and Medicine<\/strong> two years after achieving the degree of <strong>specialist in obstetrics and gynecology<\/strong> (residency at Granada University Regional Hospital. 1990-94). During his two years stage at <strong>King\u2019s College London University Hospital<\/strong> as Research Fellow he was trained in Fetal Medicine and Ultrasound skills acquiring expertise qualification. Also he was trained in endoscopic technics (Hysteroscopy and Laparoscopic surgery) (1994-96).<\/p>\n<p>During his extensive professional career was <strong>in charge of the Fetal Medicine Unit<\/strong> at Granada University Hospital throughout a decade (1996-2006) after which he was named <strong>Head of Obstetrics and Gynaecology<\/strong> Department at Quiron Marbella Hospital (former USP) until 2018.<\/p>\n<p>Currently he is attending patients and involved in the management of GOLDEN Clinic Marbella.<\/p>\n<\/div>\n<\/div><\/div><\/div><\/div><div id=\"pg-11-1\"  class=\"panel-grid panel-no-style\" ><div id=\"pgc-11-1-0\"  class=\"panel-grid-cell\" ><div id=\"panel-11-1-0-0\" class=\"so-panel widget widget_sow-editor panel-first-child panel-last-child\" data-index=\"2\" ><div\n\t\t\t\n\t\t\tclass=\"so-widget-sow-editor so-widget-sow-editor-base\"\n\t\t\t\n\t\t><h3 class=\"widget-title\">Get an Appointment with Dr. Santiago<\/h3>\n<div class=\"siteorigin-widget-tinymce textwidget\">\n\t\n<div class=\"wpcf7 no-js\" id=\"wpcf7-f7792-o1\" lang=\"es-ES\" dir=\"ltr\" data-wpcf7-id=\"7792\">\n<div class=\"screen-reader-response\"><p role=\"status\" aria-live=\"polite\" aria-atomic=\"true\"><\/p> <ul><\/ul><\/div>\n<form action=\"\/en\/wp-json\/wp\/v2\/pages\/11#wpcf7-f7792-o1\" method=\"post\" class=\"wpcf7-form init\" aria-label=\"Formulario de contacto\" novalidate=\"novalidate\" data-status=\"init\">\n<fieldset class=\"hidden-fields-container\"><input type=\"hidden\" name=\"_wpcf7\" value=\"7792\" \/><input type=\"hidden\" name=\"_wpcf7_version\" value=\"6.1.3\" \/><input type=\"hidden\" name=\"_wpcf7_locale\" value=\"es_ES\" \/><input type=\"hidden\" name=\"_wpcf7_unit_tag\" value=\"wpcf7-f7792-o1\" \/><input type=\"hidden\" name=\"_wpcf7_container_post\" value=\"0\" \/><input type=\"hidden\" name=\"_wpcf7_posted_data_hash\" value=\"\" \/>\n<\/fieldset>\n<div class=\"white-featured-box\">\n\t<div class=\"row\">\n\t\t<div class=\"col-xs-12 col-md-6\">\n\t\t\t<p><span>Name *<\/span><span class=\"wpcf7-form-control-wrap\" data-name=\"client-name\"><input size=\"40\" maxlength=\"400\" class=\"wpcf7-form-control wpcf7-text wpcf7-validates-as-required\" aria-required=\"true\" aria-invalid=\"false\" placeholder=\"Name\" value=\"\" type=\"text\" name=\"client-name\" \/><\/span><span>Email *<\/span><span class=\"wpcf7-form-control-wrap\" data-name=\"client-email\"><input size=\"40\" maxlength=\"400\" class=\"wpcf7-form-control wpcf7-email wpcf7-validates-as-required wpcf7-text wpcf7-validates-as-email\" aria-required=\"true\" aria-invalid=\"false\" placeholder=\"Email address\" value=\"\" type=\"email\" name=\"client-email\" \/><\/span><span>Phone number *<\/span><span class=\"wpcf7-form-control-wrap\" data-name=\"client-phone\"><input size=\"40\" maxlength=\"400\" class=\"wpcf7-form-control wpcf7-tel wpcf7-validates-as-required wpcf7-text wpcf7-validates-as-tel\" aria-required=\"true\" aria-invalid=\"false\" placeholder=\"Phone number\" value=\"\" type=\"tel\" name=\"client-phone\" \/><\/span>\n\t\t\t<\/p>\n\t\t<\/div>\n\t\t<div class=\"col-xs-12 col-md-6\">\n\t\t\t<p><span>Reason for appointment *<\/span><span class=\"wpcf7-form-control-wrap\" data-name=\"asunto-cita\"><input size=\"40\" maxlength=\"400\" class=\"wpcf7-form-control wpcf7-text wpcf7-validates-as-required\" aria-required=\"true\" aria-invalid=\"false\" placeholder=\"Gynecologist, Obstretician...\" value=\"\" type=\"text\" name=\"asunto-cita\" \/><\/span><span>Your message <\/span><span class=\"wpcf7-form-control-wrap\" data-name=\"mensaje-cita\"><textarea cols=\"40\" rows=\"10\" maxlength=\"2000\" class=\"wpcf7-form-control wpcf7-textarea\" aria-invalid=\"false\" placeholder=\"Your message...\" name=\"mensaje-cita\"><\/textarea><\/span>\n\t\t\t<\/p>\n\t\t<\/div>\n\t\t<div class=\"col-md-12\">\n\t\t\t<p><span class=\"wpcf7-form-control-wrap\" data-name=\"aceptacion-lopd\"><span class=\"wpcf7-form-control wpcf7-acceptance\"><span class=\"wpcf7-list-item\"><label><input type=\"checkbox\" name=\"aceptacion-lopd\" value=\"1\" class=\"inline-checkbox\" aria-invalid=\"false\" \/><span class=\"wpcf7-list-item-label\">Acceptance according to European Data Protection (RGPD) <br><span style=\"font-size:10px\"> Responsable: Identidad: GINECOSUR S.L. - CIF: B92677186  Dir. postal: URB. EL REAL, CALLE DALIAS 80 29603 MARBELLA Tel\u00e9fono: 952857890    Correo elect: info@goldenclinic.es \n\u201cEn nombre de la empresa tratamos la informaci\u00f3n que nos facilita con el fin de enviarle publicidad relacionada con nuestros productos y servicios por cualquier medio (postal, email o tel\u00e9fono) e invitarle a eventos organizados por la empresa. Los datos proporcionados se conservar\u00e1n mientras no solicite el cese de la actividad. Los datos no se ceder\u00e1n a terceros salvo en los casos en que exista una obligaci\u00f3n legal. Usted tiene derecho a obtener confirmaci\u00f3n sobre si en GINECOSUR S.L. estamos tratando sus datos personales por tanto tiene derecho a acceder a sus datos personales, rectificar los datos inexacto o solicitar su supresi\u00f3n cuando los datos ya no sean necesarios para los fines que fueron recogidos\u201d\n<\/span><\/span><\/label><\/span><\/span><\/span>\n\t\t\t<\/p>\n\t\t<\/div>\n\t\t<div class=\"col-xs-12 col-md-12\">\n\t\t\t<p>[recaptcha ]<input class=\"wpcf7-form-control wpcf7-submit has-spinner btn btn-primary\" type=\"submit\" value=\"Get an appointment\" \/><input type=\"reset\" class=\"btn btn-outline\" value=\"Clear\" \/>\n\t\t\t<\/p>\n\t\t<\/div>\n\t<\/div>\n<\/div><p style=\"display: none !important;\" class=\"akismet-fields-container\" data-prefix=\"_wpcf7_ak_\"><label>&#916;<textarea name=\"_wpcf7_ak_hp_textarea\" cols=\"45\" rows=\"8\" maxlength=\"100\"><\/textarea><\/label><input type=\"hidden\" id=\"ak_js_1\" name=\"_wpcf7_ak_js\" value=\"20\"\/><script>document.getElementById( \"ak_js_1\" ).setAttribute( \"value\", ( new Date() ).getTime() );<\/script><\/p><div class=\"wpcf7-response-output\" aria-hidden=\"true\"><\/div>\n<\/form>\n<\/div>\n\n<\/div>\n<\/div><\/div><\/div><\/div><\/div>","protected":false},"excerpt":{"rendered":"<p>Doctor in Medicine by Granada University, was involved in research from 1992-96 obtaining his PhD in Obstetrics and Medicine two years after achieving the degree of specialist in obstetrics and gynecology (residency at Granada University Regional Hospital. 1990-94). During his two years stage at King\u2019s College London University Hospital as Research Fellow he was trained [&hellip;]<\/p>\n","protected":false},"author":1,"featured_media":7694,"parent":0,"menu_order":0,"comment_status":"closed","ping_status":"closed","template":"","meta":{"footnotes":""},"class_list":["post-11","page","type-page","status-publish","has-post-thumbnail","hentry"],"yoast_head":"<!-- This site is optimized with the Yoast SEO plugin v26.2 - https:\/\/yoast.com\/wordpress\/plugins\/seo\/ -->\n<title>Dr. Juan Carlos Santiago Bl\u00e1zquez - Golden Clinic Gynecologist - English<\/title>\n<meta name=\"robots\" content=\"index, follow, max-snippet:-1, max-image-preview:large, max-video-preview:-1\" \/>\n<link rel=\"canonical\" href=\"https:\/\/goldenclinic.es\/en\/dr-juan-carlos-santiago-blazquez\/\" \/>\n<meta property=\"og:locale\" content=\"en_GB\" \/>\n<meta property=\"og:type\" content=\"article\" \/>\n<meta property=\"og:title\" content=\"Dr. Juan Carlos Santiago Bl\u00e1zquez - Golden Clinic Gynecologist - English\" \/>\n<meta property=\"og:description\" content=\"Doctor in Medicine by Granada University, was involved in research from 1992-96 obtaining his PhD in Obstetrics and Medicine two years after achieving the degree of specialist in obstetrics and gynecology (residency at Granada University Regional Hospital. 1990-94). During his two years stage at King\u2019s College London University Hospital as Research Fellow he was trained [&hellip;]\" \/>\n<meta property=\"og:url\" content=\"https:\/\/goldenclinic.es\/en\/dr-juan-carlos-santiago-blazquez\/\" \/>\n<meta property=\"og:site_name\" content=\"Golden Clinic Gynecologist - English\" \/>\n<meta property=\"article:modified_time\" content=\"2018-04-18T14:45:31+00:00\" \/>\n<meta property=\"og:image\" content=\"https:\/\/goldenclinic.es\/en\/wp-content\/uploads\/sites\/6\/2018\/02\/drsantiago_365.jpg\" \/>\n\t<meta property=\"og:image:width\" content=\"548\" \/>\n\t<meta property=\"og:image:height\" content=\"365\" \/>\n\t<meta property=\"og:image:type\" content=\"image\/jpeg\" \/>\n<meta name=\"twitter:card\" content=\"summary_large_image\" \/>\n<meta name=\"twitter:label1\" content=\"Estimated reading time\" \/>\n\t<meta name=\"twitter:data1\" content=\"1 minute\" \/>\n<script type=\"application\/ld+json\" class=\"yoast-schema-graph\">{\"@context\":\"https:\/\/schema.org\",\"@graph\":[{\"@type\":\"WebPage\",\"@id\":\"https:\/\/goldenclinic.es\/en\/dr-juan-carlos-santiago-blazquez\/\",\"url\":\"https:\/\/goldenclinic.es\/en\/dr-juan-carlos-santiago-blazquez\/\",\"name\":\"Dr. Juan Carlos Santiago Bl\u00e1zquez - Golden Clinic Gynecologist - English\",\"isPartOf\":{\"@id\":\"https:\/\/goldenclinic.es\/en\/#website\"},\"primaryImageOfPage\":{\"@id\":\"https:\/\/goldenclinic.es\/en\/dr-juan-carlos-santiago-blazquez\/#primaryimage\"},\"image\":{\"@id\":\"https:\/\/goldenclinic.es\/en\/dr-juan-carlos-santiago-blazquez\/#primaryimage\"},\"thumbnailUrl\":\"https:\/\/goldenclinic.es\/en\/wp-content\/uploads\/sites\/6\/2018\/02\/drsantiago_365.jpg\",\"datePublished\":\"2018-02-22T10:20:37+00:00\",\"dateModified\":\"2018-04-18T14:45:31+00:00\",\"breadcrumb\":{\"@id\":\"https:\/\/goldenclinic.es\/en\/dr-juan-carlos-santiago-blazquez\/#breadcrumb\"},\"inLanguage\":\"en-GB\",\"potentialAction\":[{\"@type\":\"ReadAction\",\"target\":[\"https:\/\/goldenclinic.es\/en\/dr-juan-carlos-santiago-blazquez\/\"]}]},{\"@type\":\"ImageObject\",\"inLanguage\":\"en-GB\",\"@id\":\"https:\/\/goldenclinic.es\/en\/dr-juan-carlos-santiago-blazquez\/#primaryimage\",\"url\":\"https:\/\/goldenclinic.es\/en\/wp-content\/uploads\/sites\/6\/2018\/02\/drsantiago_365.jpg\",\"contentUrl\":\"https:\/\/goldenclinic.es\/en\/wp-content\/uploads\/sites\/6\/2018\/02\/drsantiago_365.jpg\",\"width\":548,\"height\":365,\"caption\":\"Dr Juan Carlos Santiago - Ginec\u00f3logo Marbella\"},{\"@type\":\"BreadcrumbList\",\"@id\":\"https:\/\/goldenclinic.es\/en\/dr-juan-carlos-santiago-blazquez\/#breadcrumb\",\"itemListElement\":[{\"@type\":\"ListItem\",\"position\":1,\"name\":\"Portada\",\"item\":\"https:\/\/goldenclinic.es\/en\/\"},{\"@type\":\"ListItem\",\"position\":2,\"name\":\"Dr. Juan Carlos Santiago Bl\u00e1zquez\"}]},{\"@type\":\"WebSite\",\"@id\":\"https:\/\/goldenclinic.es\/en\/#website\",\"url\":\"https:\/\/goldenclinic.es\/en\/\",\"name\":\"Golden Clinic Gynecologist - English\",\"description\":\"Marbella Gynecology and Obstretics\",\"potentialAction\":[{\"@type\":\"SearchAction\",\"target\":{\"@type\":\"EntryPoint\",\"urlTemplate\":\"https:\/\/goldenclinic.es\/en\/?s={search_term_string}\"},\"query-input\":{\"@type\":\"PropertyValueSpecification\",\"valueRequired\":true,\"valueName\":\"search_term_string\"}}],\"inLanguage\":\"en-GB\"}]}<\/script>\n<!-- \/ Yoast SEO plugin. -->","yoast_head_json":{"title":"Dr. Juan Carlos Santiago Bl\u00e1zquez - Golden Clinic Gynecologist - English","robots":{"index":"index","follow":"follow","max-snippet":"max-snippet:-1","max-image-preview":"max-image-preview:large","max-video-preview":"max-video-preview:-1"},"canonical":"https:\/\/goldenclinic.es\/en\/dr-juan-carlos-santiago-blazquez\/","og_locale":"en_GB","og_type":"article","og_title":"Dr. Juan Carlos Santiago Bl\u00e1zquez - Golden Clinic Gynecologist - English","og_description":"Doctor in Medicine by Granada University, was involved in research from 1992-96 obtaining his PhD in Obstetrics and Medicine two years after achieving the degree of specialist in obstetrics and gynecology (residency at Granada University Regional Hospital. 1990-94). During his two years stage at King\u2019s College London University Hospital as Research Fellow he was trained [&hellip;]","og_url":"https:\/\/goldenclinic.es\/en\/dr-juan-carlos-santiago-blazquez\/","og_site_name":"Golden Clinic Gynecologist - English","article_modified_time":"2018-04-18T14:45:31+00:00","og_image":[{"width":548,"height":365,"url":"https:\/\/goldenclinic.es\/en\/wp-content\/uploads\/sites\/6\/2018\/02\/drsantiago_365.jpg","type":"image\/jpeg"}],"twitter_card":"summary_large_image","twitter_misc":{"Estimated reading time":"1 minute"},"schema":{"@context":"https:\/\/schema.org","@graph":[{"@type":"WebPage","@id":"https:\/\/goldenclinic.es\/en\/dr-juan-carlos-santiago-blazquez\/","url":"https:\/\/goldenclinic.es\/en\/dr-juan-carlos-santiago-blazquez\/","name":"Dr. Juan Carlos Santiago Bl\u00e1zquez - Golden Clinic Gynecologist - English","isPartOf":{"@id":"https:\/\/goldenclinic.es\/en\/#website"},"primaryImageOfPage":{"@id":"https:\/\/goldenclinic.es\/en\/dr-juan-carlos-santiago-blazquez\/#primaryimage"},"image":{"@id":"https:\/\/goldenclinic.es\/en\/dr-juan-carlos-santiago-blazquez\/#primaryimage"},"thumbnailUrl":"https:\/\/goldenclinic.es\/en\/wp-content\/uploads\/sites\/6\/2018\/02\/drsantiago_365.jpg","datePublished":"2018-02-22T10:20:37+00:00","dateModified":"2018-04-18T14:45:31+00:00","breadcrumb":{"@id":"https:\/\/goldenclinic.es\/en\/dr-juan-carlos-santiago-blazquez\/#breadcrumb"},"inLanguage":"en-GB","potentialAction":[{"@type":"ReadAction","target":["https:\/\/goldenclinic.es\/en\/dr-juan-carlos-santiago-blazquez\/"]}]},{"@type":"ImageObject","inLanguage":"en-GB","@id":"https:\/\/goldenclinic.es\/en\/dr-juan-carlos-santiago-blazquez\/#primaryimage","url":"https:\/\/goldenclinic.es\/en\/wp-content\/uploads\/sites\/6\/2018\/02\/drsantiago_365.jpg","contentUrl":"https:\/\/goldenclinic.es\/en\/wp-content\/uploads\/sites\/6\/2018\/02\/drsantiago_365.jpg","width":548,"height":365,"caption":"Dr Juan Carlos Santiago - Ginec\u00f3logo Marbella"},{"@type":"BreadcrumbList","@id":"https:\/\/goldenclinic.es\/en\/dr-juan-carlos-santiago-blazquez\/#breadcrumb","itemListElement":[{"@type":"ListItem","position":1,"name":"Portada","item":"https:\/\/goldenclinic.es\/en\/"},{"@type":"ListItem","position":2,"name":"Dr. Juan Carlos Santiago Bl\u00e1zquez"}]},{"@type":"WebSite","@id":"https:\/\/goldenclinic.es\/en\/#website","url":"https:\/\/goldenclinic.es\/en\/","name":"Golden Clinic Gynecologist - English","description":"Marbella Gynecology and Obstretics","potentialAction":[{"@type":"SearchAction","target":{"@type":"EntryPoint","urlTemplate":"https:\/\/goldenclinic.es\/en\/?s={search_term_string}"},"query-input":{"@type":"PropertyValueSpecification","valueRequired":true,"valueName":"search_term_string"}}],"inLanguage":"en-GB"}]}},"_links":{"self":[{"href":"https:\/\/goldenclinic.es\/en\/wp-json\/wp\/v2\/pages\/11","targetHints":{"allow":["GET"]}}],"collection":[{"href":"https:\/\/goldenclinic.es\/en\/wp-json\/wp\/v2\/pages"}],"about":[{"href":"https:\/\/goldenclinic.es\/en\/wp-json\/wp\/v2\/types\/page"}],"author":[{"embeddable":true,"href":"https:\/\/goldenclinic.es\/en\/wp-json\/wp\/v2\/users\/1"}],"replies":[{"embeddable":true,"href":"https:\/\/goldenclinic.es\/en\/wp-json\/wp\/v2\/comments?post=11"}],"version-history":[{"count":17,"href":"https:\/\/goldenclinic.es\/en\/wp-json\/wp\/v2\/pages\/11\/revisions"}],"predecessor-version":[{"id":8157,"href":"https:\/\/goldenclinic.es\/en\/wp-json\/wp\/v2\/pages\/11\/revisions\/8157"}],"wp:featuredmedia":[{"embeddable":true,"href":"https:\/\/goldenclinic.es\/en\/wp-json\/wp\/v2\/media\/7694"}],"wp:attachment":[{"href":"https:\/\/goldenclinic.es\/en\/wp-json\/wp\/v2\/media?parent=11"}],"curies":[{"name":"wp","href":"https:\/\/api.w.org\/{rel}","templated":true}]}}