{"id":8194,"date":"2019-03-06T23:14:32","date_gmt":"2019-03-06T23:14:32","guid":{"rendered":"http:\/\/goldenclinic.es\/en\/?page_id=8194"},"modified":"2022-04-12T17:15:56","modified_gmt":"2022-04-12T17:15:56","slug":"dra-marta-frieyro-2","status":"publish","type":"page","link":"https:\/\/goldenclinic.es\/en\/dra-marta-frieyro-2\/","title":{"rendered":"Dra. Marta Frieyro"},"content":{"rendered":"<div id=\"pl-8194\"  class=\"panel-layout\" ><div id=\"pg-8194-0\"  class=\"panel-grid panel-no-style\" ><div id=\"pgc-8194-0-0\"  class=\"panel-grid-cell\" ><div id=\"panel-8194-0-0-0\" class=\"so-panel widget widget_media_image panel-first-child panel-last-child\" data-index=\"0\" ><img loading=\"lazy\" decoding=\"async\" width=\"1024\" height=\"683\" src=\"https:\/\/goldenclinic.es\/en\/wp-content\/uploads\/sites\/6\/2022\/03\/202203Marta-Frieyro-_-25-02-22-21-1-1024x683.jpg\" class=\"image wp-image-8207  attachment-large size-large\" alt=\"\" style=\"max-width: 100%; height: auto;\" srcset=\"https:\/\/goldenclinic.es\/en\/wp-content\/uploads\/sites\/6\/2022\/03\/202203Marta-Frieyro-_-25-02-22-21-1-1024x683.jpg 1024w, https:\/\/goldenclinic.es\/en\/wp-content\/uploads\/sites\/6\/2022\/03\/202203Marta-Frieyro-_-25-02-22-21-1-300x200.jpg 300w, https:\/\/goldenclinic.es\/en\/wp-content\/uploads\/sites\/6\/2022\/03\/202203Marta-Frieyro-_-25-02-22-21-1-768x513.jpg 768w, https:\/\/goldenclinic.es\/en\/wp-content\/uploads\/sites\/6\/2022\/03\/202203Marta-Frieyro-_-25-02-22-21-1-360x240.jpg 360w, https:\/\/goldenclinic.es\/en\/wp-content\/uploads\/sites\/6\/2022\/03\/202203Marta-Frieyro-_-25-02-22-21-1-850x567.jpg 850w, https:\/\/goldenclinic.es\/en\/wp-content\/uploads\/sites\/6\/2022\/03\/202203Marta-Frieyro-_-25-02-22-21-1-272x182.jpg 272w\" sizes=\"auto, (max-width: 1024px) 100vw, 1024px\" \/><\/div><\/div><div id=\"pgc-8194-0-1\"  class=\"panel-grid-cell\" ><div id=\"panel-8194-0-1-0\" class=\"so-panel widget widget_sow-editor panel-first-child panel-last-child\" data-index=\"1\" ><div\n\t\t\t\n\t\t\tclass=\"so-widget-sow-editor so-widget-sow-editor-base\"\n\t\t\t\n\t\t>\n<div class=\"siteorigin-widget-tinymce textwidget\">\n\t<p>Bachelor of Medicine and Surgery from the Faculty of Medicine of Granada with an outstanding rating.<\/p>\n<p>He obtained the title of Specialist Physician in Dermatology-Surgical Physician and Venereology at the Virgen de la Victoria Clinical Hospital in Malaga, completing his training through rotation at the Jim\u00e9nez D\u00edaz Foundation in Madrid and in Mohs micrographic surgery at the Valencian Institute of Oncology. .<\/p>\n<p>Subsequently, he develops his activity as a specialist doctor at the Costa del Sol Hospital in Marbella where he develops different areas: Being co-responsible for the pigmentary lesions and melanoma units, the sexually transmitted infections unit and skin oncology. In addition to carrying out the implementation and development of the Mohs micrographic surgery unit in the dermatology area of \u200b\u200bsaid hospital. Experience in inflammatory diseases, hyperhidrosis and alopecia.<\/p>\n<p>In the Private Medicine sector, he develops his professional activity as a specialist in dermatology at USP Hospital de Marbella and later at Hospital Quir\u00f3n Marbella, ranging from general dermatology to dermatological surgery, melanoma and non-melanoma skin cancer. She is appointed Head of the Dermatology Service, holding the position from 2018 to 2021. She currently combines her activity as a dermatology specialist at Golden Clinic and High Care International Hospital.<\/p>\n<p>She has participated in multiple Dermatology courses and congresses from 2001 to the present, presenting communications and papers and various publications in scientific journals and books.<\/p>\n<p>In recent years he has developed an intense activity specializing in dermatological lasers, intense pulsed light, management of all types of scars and acne scars, as well as laser facial rejuvenation, attending numerous courses and rotations in specialized laser clinics. and scars Rotation at the Ram\u00f3n y Cajal Hospital and at the Corium Dermatology clinic in Barcelona. Scars and acne scars course by Dr. Didac Barco.<\/p>\n<p>She is a member of:<\/p>\n<p>- Spanish Academy of Dermatology (AEDV)<\/p>\n<p>- European Academy of Dermatology (EADV)<\/p>\n<\/div>\n<\/div><\/div><\/div><\/div><div id=\"pg-8194-1\"  class=\"panel-grid panel-no-style\" ><div id=\"pgc-8194-1-0\"  class=\"panel-grid-cell\" ><div id=\"panel-8194-1-0-0\" class=\"so-panel widget widget_sow-editor panel-first-child panel-last-child\" data-index=\"2\" ><div\n\t\t\t\n\t\t\tclass=\"so-widget-sow-editor so-widget-sow-editor-base\"\n\t\t\t\n\t\t><h3 class=\"widget-title\">Get\u00a0an Appointment with Dra. Frieyro <\/h3>\n<div class=\"siteorigin-widget-tinymce textwidget\">\n\t<div class=\"siteorigin-widget-tinymce textwidget\">\n<div class=\"wpcf7 no-js\" id=\"wpcf7-f8188-o1\" lang=\"es-ES\" dir=\"ltr\" data-wpcf7-id=\"8188\">\n<div class=\"screen-reader-response\"><p role=\"status\" aria-live=\"polite\" aria-atomic=\"true\"><\/p> <ul><\/ul><\/div>\n<form action=\"\/en\/wp-json\/wp\/v2\/pages\/8194#wpcf7-f8188-o1\" method=\"post\" class=\"wpcf7-form init\" aria-label=\"Formulario de contacto\" novalidate=\"novalidate\" data-status=\"init\">\n<fieldset class=\"hidden-fields-container\"><input type=\"hidden\" name=\"_wpcf7\" value=\"8188\" \/><input type=\"hidden\" name=\"_wpcf7_version\" value=\"6.1.3\" \/><input type=\"hidden\" name=\"_wpcf7_locale\" value=\"es_ES\" \/><input type=\"hidden\" name=\"_wpcf7_unit_tag\" value=\"wpcf7-f8188-o1\" \/><input type=\"hidden\" name=\"_wpcf7_container_post\" value=\"0\" \/><input type=\"hidden\" name=\"_wpcf7_posted_data_hash\" value=\"\" \/>\n<\/fieldset>\n<div class=\"white-featured-box\">\n\t<div class=\"row\">\n\t\t<div class=\"col-xs-12 col-md-6\">\n\t\t\t<p><span>Name *<\/span><span class=\"wpcf7-form-control-wrap\" data-name=\"client-name\"><input size=\"40\" maxlength=\"400\" class=\"wpcf7-form-control wpcf7-text wpcf7-validates-as-required\" aria-required=\"true\" aria-invalid=\"false\" placeholder=\"Name\" value=\"\" type=\"text\" name=\"client-name\" \/><\/span><span>Email *<\/span><span class=\"wpcf7-form-control-wrap\" data-name=\"client-email\"><input size=\"40\" maxlength=\"400\" class=\"wpcf7-form-control wpcf7-email wpcf7-validates-as-required wpcf7-text wpcf7-validates-as-email\" aria-required=\"true\" aria-invalid=\"false\" placeholder=\"Email address\" value=\"\" type=\"email\" name=\"client-email\" \/><\/span><span>Phone number *<\/span><span class=\"wpcf7-form-control-wrap\" data-name=\"client-phone\"><input size=\"40\" maxlength=\"400\" class=\"wpcf7-form-control wpcf7-tel wpcf7-validates-as-required wpcf7-text wpcf7-validates-as-tel\" aria-required=\"true\" aria-invalid=\"false\" placeholder=\"Phone number\" value=\"\" type=\"tel\" name=\"client-phone\" \/><\/span>\n\t\t\t<\/p>\n\t\t<\/div>\n\t\t<div class=\"col-xs-12 col-md-6\">\n\t\t\t<p><span>Reason for appointment *<\/span><span class=\"wpcf7-form-control-wrap\" data-name=\"asunto-cita\"><input size=\"40\" maxlength=\"400\" class=\"wpcf7-form-control wpcf7-text wpcf7-validates-as-required\" aria-required=\"true\" aria-invalid=\"false\" placeholder=\"Sthetic, Laser...\" value=\"\" type=\"text\" name=\"asunto-cita\" \/><\/span><span>Your message <\/span><span class=\"wpcf7-form-control-wrap\" data-name=\"mensaje-cita\"><textarea cols=\"40\" rows=\"10\" maxlength=\"2000\" class=\"wpcf7-form-control wpcf7-textarea\" aria-invalid=\"false\" placeholder=\"Your message...\" name=\"mensaje-cita\"><\/textarea><\/span>\n\t\t\t<\/p>\n\t\t<\/div>\n\t\t<div class=\"col-md-12\">\n\t\t\t<p><span class=\"wpcf7-form-control-wrap\" data-name=\"aceptacion-lopd\"><span class=\"wpcf7-form-control wpcf7-acceptance\"><span class=\"wpcf7-list-item\"><label><input type=\"checkbox\" name=\"aceptacion-lopd\" value=\"1\" class=\"inline-checkbox\" aria-invalid=\"false\" \/><span class=\"wpcf7-list-item-label\">Acceptance according to European Data Protection (RGPD) <br><span style=\"font-size:10px\"> Responsable: Identidad: GINECOSUR S.L. - CIF: B92677186  Dir. postal: URB. EL REAL, CALLE DALIAS 80 29603 MARBELLA Tel\u00e9fono: 952857890    Correo elect: info@goldenclinic.es \n\u201cEn nombre de la empresa tratamos la informaci\u00f3n que nos facilita con el fin de enviarle publicidad relacionada con nuestros productos y servicios por cualquier medio (postal, email o tel\u00e9fono) e invitarle a eventos organizados por la empresa. Los datos proporcionados se conservar\u00e1n mientras no solicite el cese de la actividad. Los datos no se ceder\u00e1n a terceros salvo en los casos en que exista una obligaci\u00f3n legal. Usted tiene derecho a obtener confirmaci\u00f3n sobre si en GINECOSUR S.L. estamos tratando sus datos personales por tanto tiene derecho a acceder a sus datos personales, rectificar los datos inexacto o solicitar su supresi\u00f3n cuando los datos ya no sean necesarios para los fines que fueron recogidos\u201d\n<\/span><\/span><\/label><\/span><\/span><\/span>\n\t\t\t<\/p>\n\t\t<\/div>\n\t\t<div class=\"col-xs-12 col-md-12\">\n\t\t\t<p>[recaptcha ]<input class=\"wpcf7-form-control wpcf7-submit has-spinner btn btn-primary\" type=\"submit\" value=\"Get an appointment\" \/><input type=\"reset\" class=\"btn btn-outline\" value=\"Clear\" \/>\n\t\t\t<\/p>\n\t\t<\/div>\n\t<\/div>\n<\/div><p style=\"display: none !important;\" class=\"akismet-fields-container\" data-prefix=\"_wpcf7_ak_\"><label>&#916;<textarea name=\"_wpcf7_ak_hp_textarea\" cols=\"45\" rows=\"8\" maxlength=\"100\"><\/textarea><\/label><input type=\"hidden\" id=\"ak_js_1\" name=\"_wpcf7_ak_js\" value=\"227\"\/><script>document.getElementById( \"ak_js_1\" ).setAttribute( \"value\", ( new Date() ).getTime() );<\/script><\/p><div class=\"wpcf7-response-output\" aria-hidden=\"true\"><\/div>\n<\/form>\n<\/div>\n<\/div>\n<\/div>\n<\/div><\/div><\/div><\/div><\/div>","protected":false},"excerpt":{"rendered":"<p>Bachelor of Medicine and Surgery from the Faculty of Medicine of Granada with an outstanding rating. He obtained the title of Specialist Physician in Dermatology-Surgical Physician and Venereology at the Virgen de la Victoria Clinical Hospital in Malaga, completing his training through rotation at the Jim\u00e9nez D\u00edaz Foundation in Madrid and in Mohs micrographic surgery [&hellip;]<\/p>\n","protected":false},"author":1,"featured_media":8207,"parent":0,"menu_order":0,"comment_status":"closed","ping_status":"closed","template":"","meta":{"footnotes":""},"class_list":["post-8194","page","type-page","status-publish","has-post-thumbnail","hentry"],"yoast_head":"<!-- This site is optimized with the Yoast SEO plugin v26.2 - https:\/\/yoast.com\/wordpress\/plugins\/seo\/ -->\n<title>Dra. Marta Frieyro - Golden Clinic Gynecologist - English<\/title>\n<meta name=\"robots\" content=\"index, follow, max-snippet:-1, max-image-preview:large, max-video-preview:-1\" \/>\n<link rel=\"canonical\" href=\"https:\/\/goldenclinic.es\/en\/dra-marta-frieyro-2\/\" \/>\n<meta property=\"og:locale\" content=\"en_GB\" \/>\n<meta property=\"og:type\" content=\"article\" \/>\n<meta property=\"og:title\" content=\"Dra. Marta Frieyro - Golden Clinic Gynecologist - English\" \/>\n<meta property=\"og:description\" content=\"Bachelor of Medicine and Surgery from the Faculty of Medicine of Granada with an outstanding rating. He obtained the title of Specialist Physician in Dermatology-Surgical Physician and Venereology at the Virgen de la Victoria Clinical Hospital in Malaga, completing his training through rotation at the Jim\u00e9nez D\u00edaz Foundation in Madrid and in Mohs micrographic surgery [&hellip;]\" \/>\n<meta property=\"og:url\" content=\"https:\/\/goldenclinic.es\/en\/dra-marta-frieyro-2\/\" \/>\n<meta property=\"og:site_name\" content=\"Golden Clinic Gynecologist - English\" \/>\n<meta property=\"article:modified_time\" content=\"2022-04-12T17:15:56+00:00\" \/>\n<meta property=\"og:image\" content=\"https:\/\/goldenclinic.es\/en\/wp-content\/uploads\/sites\/6\/2022\/03\/202203Marta-Frieyro-_-25-02-22-21-1.jpg\" \/>\n\t<meta property=\"og:image:width\" content=\"2953\" \/>\n\t<meta property=\"og:image:height\" content=\"1971\" \/>\n\t<meta property=\"og:image:type\" content=\"image\/jpeg\" \/>\n<meta name=\"twitter:card\" content=\"summary_large_image\" \/>\n<meta name=\"twitter:label1\" content=\"Estimated reading time\" \/>\n\t<meta name=\"twitter:data1\" content=\"2 minutes\" \/>\n<script type=\"application\/ld+json\" class=\"yoast-schema-graph\">{\"@context\":\"https:\/\/schema.org\",\"@graph\":[{\"@type\":\"WebPage\",\"@id\":\"https:\/\/goldenclinic.es\/en\/dra-marta-frieyro-2\/\",\"url\":\"https:\/\/goldenclinic.es\/en\/dra-marta-frieyro-2\/\",\"name\":\"Dra. Marta Frieyro - Golden Clinic Gynecologist - English\",\"isPartOf\":{\"@id\":\"https:\/\/goldenclinic.es\/en\/#website\"},\"primaryImageOfPage\":{\"@id\":\"https:\/\/goldenclinic.es\/en\/dra-marta-frieyro-2\/#primaryimage\"},\"image\":{\"@id\":\"https:\/\/goldenclinic.es\/en\/dra-marta-frieyro-2\/#primaryimage\"},\"thumbnailUrl\":\"https:\/\/goldenclinic.es\/en\/wp-content\/uploads\/sites\/6\/2022\/03\/202203Marta-Frieyro-_-25-02-22-21-1.jpg\",\"datePublished\":\"2019-03-06T23:14:32+00:00\",\"dateModified\":\"2022-04-12T17:15:56+00:00\",\"breadcrumb\":{\"@id\":\"https:\/\/goldenclinic.es\/en\/dra-marta-frieyro-2\/#breadcrumb\"},\"inLanguage\":\"en-GB\",\"potentialAction\":[{\"@type\":\"ReadAction\",\"target\":[\"https:\/\/goldenclinic.es\/en\/dra-marta-frieyro-2\/\"]}]},{\"@type\":\"ImageObject\",\"inLanguage\":\"en-GB\",\"@id\":\"https:\/\/goldenclinic.es\/en\/dra-marta-frieyro-2\/#primaryimage\",\"url\":\"https:\/\/goldenclinic.es\/en\/wp-content\/uploads\/sites\/6\/2022\/03\/202203Marta-Frieyro-_-25-02-22-21-1.jpg\",\"contentUrl\":\"https:\/\/goldenclinic.es\/en\/wp-content\/uploads\/sites\/6\/2022\/03\/202203Marta-Frieyro-_-25-02-22-21-1.jpg\",\"width\":2953,\"height\":1971},{\"@type\":\"BreadcrumbList\",\"@id\":\"https:\/\/goldenclinic.es\/en\/dra-marta-frieyro-2\/#breadcrumb\",\"itemListElement\":[{\"@type\":\"ListItem\",\"position\":1,\"name\":\"Portada\",\"item\":\"https:\/\/goldenclinic.es\/en\/\"},{\"@type\":\"ListItem\",\"position\":2,\"name\":\"Dra. Marta Frieyro\"}]},{\"@type\":\"WebSite\",\"@id\":\"https:\/\/goldenclinic.es\/en\/#website\",\"url\":\"https:\/\/goldenclinic.es\/en\/\",\"name\":\"Golden Clinic Gynecologist - English\",\"description\":\"Marbella Gynecology and Obstretics\",\"potentialAction\":[{\"@type\":\"SearchAction\",\"target\":{\"@type\":\"EntryPoint\",\"urlTemplate\":\"https:\/\/goldenclinic.es\/en\/?s={search_term_string}\"},\"query-input\":{\"@type\":\"PropertyValueSpecification\",\"valueRequired\":true,\"valueName\":\"search_term_string\"}}],\"inLanguage\":\"en-GB\"}]}<\/script>\n<!-- \/ Yoast SEO plugin. -->","yoast_head_json":{"title":"Dra. Marta Frieyro - Golden Clinic Gynecologist - English","robots":{"index":"index","follow":"follow","max-snippet":"max-snippet:-1","max-image-preview":"max-image-preview:large","max-video-preview":"max-video-preview:-1"},"canonical":"https:\/\/goldenclinic.es\/en\/dra-marta-frieyro-2\/","og_locale":"en_GB","og_type":"article","og_title":"Dra. Marta Frieyro - Golden Clinic Gynecologist - English","og_description":"Bachelor of Medicine and Surgery from the Faculty of Medicine of Granada with an outstanding rating. He obtained the title of Specialist Physician in Dermatology-Surgical Physician and Venereology at the Virgen de la Victoria Clinical Hospital in Malaga, completing his training through rotation at the Jim\u00e9nez D\u00edaz Foundation in Madrid and in Mohs micrographic surgery [&hellip;]","og_url":"https:\/\/goldenclinic.es\/en\/dra-marta-frieyro-2\/","og_site_name":"Golden Clinic Gynecologist - English","article_modified_time":"2022-04-12T17:15:56+00:00","og_image":[{"width":2953,"height":1971,"url":"https:\/\/goldenclinic.es\/en\/wp-content\/uploads\/sites\/6\/2022\/03\/202203Marta-Frieyro-_-25-02-22-21-1.jpg","type":"image\/jpeg"}],"twitter_card":"summary_large_image","twitter_misc":{"Estimated reading time":"2 minutes"},"schema":{"@context":"https:\/\/schema.org","@graph":[{"@type":"WebPage","@id":"https:\/\/goldenclinic.es\/en\/dra-marta-frieyro-2\/","url":"https:\/\/goldenclinic.es\/en\/dra-marta-frieyro-2\/","name":"Dra. Marta Frieyro - Golden Clinic Gynecologist - English","isPartOf":{"@id":"https:\/\/goldenclinic.es\/en\/#website"},"primaryImageOfPage":{"@id":"https:\/\/goldenclinic.es\/en\/dra-marta-frieyro-2\/#primaryimage"},"image":{"@id":"https:\/\/goldenclinic.es\/en\/dra-marta-frieyro-2\/#primaryimage"},"thumbnailUrl":"https:\/\/goldenclinic.es\/en\/wp-content\/uploads\/sites\/6\/2022\/03\/202203Marta-Frieyro-_-25-02-22-21-1.jpg","datePublished":"2019-03-06T23:14:32+00:00","dateModified":"2022-04-12T17:15:56+00:00","breadcrumb":{"@id":"https:\/\/goldenclinic.es\/en\/dra-marta-frieyro-2\/#breadcrumb"},"inLanguage":"en-GB","potentialAction":[{"@type":"ReadAction","target":["https:\/\/goldenclinic.es\/en\/dra-marta-frieyro-2\/"]}]},{"@type":"ImageObject","inLanguage":"en-GB","@id":"https:\/\/goldenclinic.es\/en\/dra-marta-frieyro-2\/#primaryimage","url":"https:\/\/goldenclinic.es\/en\/wp-content\/uploads\/sites\/6\/2022\/03\/202203Marta-Frieyro-_-25-02-22-21-1.jpg","contentUrl":"https:\/\/goldenclinic.es\/en\/wp-content\/uploads\/sites\/6\/2022\/03\/202203Marta-Frieyro-_-25-02-22-21-1.jpg","width":2953,"height":1971},{"@type":"BreadcrumbList","@id":"https:\/\/goldenclinic.es\/en\/dra-marta-frieyro-2\/#breadcrumb","itemListElement":[{"@type":"ListItem","position":1,"name":"Portada","item":"https:\/\/goldenclinic.es\/en\/"},{"@type":"ListItem","position":2,"name":"Dra. Marta Frieyro"}]},{"@type":"WebSite","@id":"https:\/\/goldenclinic.es\/en\/#website","url":"https:\/\/goldenclinic.es\/en\/","name":"Golden Clinic Gynecologist - English","description":"Marbella Gynecology and Obstretics","potentialAction":[{"@type":"SearchAction","target":{"@type":"EntryPoint","urlTemplate":"https:\/\/goldenclinic.es\/en\/?s={search_term_string}"},"query-input":{"@type":"PropertyValueSpecification","valueRequired":true,"valueName":"search_term_string"}}],"inLanguage":"en-GB"}]}},"_links":{"self":[{"href":"https:\/\/goldenclinic.es\/en\/wp-json\/wp\/v2\/pages\/8194","targetHints":{"allow":["GET"]}}],"collection":[{"href":"https:\/\/goldenclinic.es\/en\/wp-json\/wp\/v2\/pages"}],"about":[{"href":"https:\/\/goldenclinic.es\/en\/wp-json\/wp\/v2\/types\/page"}],"author":[{"embeddable":true,"href":"https:\/\/goldenclinic.es\/en\/wp-json\/wp\/v2\/users\/1"}],"replies":[{"embeddable":true,"href":"https:\/\/goldenclinic.es\/en\/wp-json\/wp\/v2\/comments?post=8194"}],"version-history":[{"count":16,"href":"https:\/\/goldenclinic.es\/en\/wp-json\/wp\/v2\/pages\/8194\/revisions"}],"predecessor-version":[{"id":8222,"href":"https:\/\/goldenclinic.es\/en\/wp-json\/wp\/v2\/pages\/8194\/revisions\/8222"}],"wp:featuredmedia":[{"embeddable":true,"href":"https:\/\/goldenclinic.es\/en\/wp-json\/wp\/v2\/media\/8207"}],"wp:attachment":[{"href":"https:\/\/goldenclinic.es\/en\/wp-json\/wp\/v2\/media?parent=8194"}],"curies":[{"name":"wp","href":"https:\/\/api.w.org\/{rel}","templated":true}]}}