{"id":110,"date":"2015-11-27T17:59:19","date_gmt":"2015-11-27T17:59:19","guid":{"rendered":"http:\/\/export-xml.qreativethemes.com\/physio\/?page_id=110"},"modified":"2018-04-18T17:04:29","modified_gmt":"2018-04-18T17:04:29","slug":"services","status":"publish","type":"page","link":"https:\/\/goldenclinic.es\/fr\/services\/","title":{"rendered":"Services"},"content":{"rendered":"<div id=\"pl-110\"  class=\"panel-layout\" ><div id=\"pg-110-0\"  class=\"panel-grid panel-no-style\" ><div id=\"pgc-110-0-0\"  class=\"panel-grid-cell\" ><div id=\"panel-110-0-0-0\" class=\"so-panel widget widget_qt_feature_page widget-featured-page panel-first-child panel-last-child\" data-index=\"0\" >\n\t\t\t<div class=\"featured-page\">\n\t\t\t\t\t\t\t\t\t<div class=\"featured-page--image\">\n\t\t\t\t\t\t<a href=\"https:\/\/goldenclinic.es\/fr\/services\/gynecologique-cancer-prevention\/\">\n\t\t\t\t\t\t\t<img loading=\"lazy\" decoding=\"async\" src=\"https:\/\/goldenclinic.es\/fr\/wp-content\/uploads\/sites\/9\/2018\/04\/servicios-prevencion-cancer-360x240.jpg\" width=\"360\" height=\"240\" srcset=\"https:\/\/goldenclinic.es\/fr\/wp-content\/uploads\/sites\/9\/2018\/04\/servicios-prevencion-cancer-360x240.jpg 360w, https:\/\/goldenclinic.es\/fr\/wp-content\/uploads\/sites\/9\/2018\/04\/servicios-prevencion-cancer.jpg 850w\" sizes=\"auto, (min-width: 781px) 360px, calc(100vw - 30px)\" alt=\"Pr\u00e9vention du cancer gyn\u00e9cologique\">\n\t\t\t\t\t\t\t<div class=\"featured-page--overlay\">\n\t\t\t\t\t\t\t\t\t\t\t\t\t\t\t\t\t<div class=\"overlay--center\">\n\t\t\t\t\t\t\t\t\t\t<span>Lire la suite<\/span>\n\t\t\t\t\t\t\t\t\t<\/div>\n\t\t\t\t\t\t\t\t\t\t\t\t\t\t\t<\/div>\n\t\t\t\t\t\t<\/a>\n\t\t\t\t\t<\/div>\n\t\t\t\t\t\t\t\t<div class=\"featured-page--content\">\n\t\t\t\t\t<h4 class=\"featued-page--title\">\n\t\t\t\t\t\t<a href=\"https:\/\/goldenclinic.es\/fr\/services\/gynecologique-cancer-prevention\/\">Pr\u00e9vention du cancer gyn\u00e9cologique<\/a>\n\t\t\t\t\t<\/h4>\n\t\t\t\t\t\t\t\t\t\t\t<p>Associ\u00e9 au criblage classique cytologigue avec des proc\u00e9dures les plus avanc\u00e9es comme la typification, vid\u00e9o coloscopie, \u00e9chographe PR (polyarthrite rhumato\u00efde) endocavitaire...<\/p>\n\t\t\t\t\t\t\t\t\t\t\t\t\t<a href=\"https:\/\/goldenclinic.es\/fr\/services\/gynecologique-cancer-prevention\/\" class=\"text-link\">Lire la suite<\/a>\n\t\t\t\t\t\t\t\t\t\t\t\t\t\t\t<\/div>\n\t\t\t<\/div>\n\n\t\t\t<\/div><\/div><div id=\"pgc-110-0-1\"  class=\"panel-grid-cell\" ><div id=\"panel-110-0-1-0\" class=\"so-panel widget widget_qt_feature_page widget-featured-page panel-first-child panel-last-child\" data-index=\"1\" >\n\t\t\t<div class=\"featured-page\">\n\t\t\t\t\t\t\t\t\t<div class=\"featured-page--image\">\n\t\t\t\t\t\t<a href=\"https:\/\/goldenclinic.es\/fr\/services\/sexual-transmitted-diseases-marbella\/\">\n\t\t\t\t\t\t\t<img loading=\"lazy\" decoding=\"async\" src=\"https:\/\/goldenclinic.es\/fr\/wp-content\/uploads\/sites\/9\/2018\/04\/servicios-enfermedades-360x240.jpg\" width=\"360\" height=\"240\" srcset=\"https:\/\/goldenclinic.es\/fr\/wp-content\/uploads\/sites\/9\/2018\/04\/servicios-enfermedades-360x240.jpg 360w, https:\/\/goldenclinic.es\/fr\/wp-content\/uploads\/sites\/9\/2018\/04\/servicios-enfermedades.jpg 850w\" sizes=\"auto, (min-width: 781px) 360px, calc(100vw - 30px)\" alt=\"Maladies Sexuellment Transmissibles\">\n\t\t\t\t\t\t\t<div class=\"featured-page--overlay\">\n\t\t\t\t\t\t\t\t\t\t\t\t\t\t\t\t\t<div class=\"overlay--center\">\n\t\t\t\t\t\t\t\t\t\t<span>Lire la suite<\/span>\n\t\t\t\t\t\t\t\t\t<\/div>\n\t\t\t\t\t\t\t\t\t\t\t\t\t\t\t<\/div>\n\t\t\t\t\t\t<\/a>\n\t\t\t\t\t<\/div>\n\t\t\t\t\t\t\t\t<div class=\"featured-page--content\">\n\t\t\t\t\t<h4 class=\"featued-page--title\">\n\t\t\t\t\t\t<a href=\"https:\/\/goldenclinic.es\/fr\/services\/sexual-transmitted-diseases-marbella\/\">Maladies Sexuellment Transmissibles<\/a>\n\t\t\t\t\t<\/h4>\n\t\t\t\t\t\t\t\t\t\t\t<p>Nous fournissons des mesures de pr\u00e9vention et de vaccination, un diagnostic pr\u00e9coce et des traitements minimalement invasifs pour \u00e9radiquer et vous prot\u00e9ger contre les l\u00e9sions...<\/p>\n\t\t\t\t\t\t\t\t\t\t\t\t\t<a href=\"https:\/\/goldenclinic.es\/fr\/services\/sexual-transmitted-diseases-marbella\/\" class=\"text-link\">Lire la suite<\/a>\n\t\t\t\t\t\t\t\t\t\t\t\t\t\t\t<\/div>\n\t\t\t<\/div>\n\n\t\t\t<\/div><\/div><div id=\"pgc-110-0-2\"  class=\"panel-grid-cell\" ><div id=\"panel-110-0-2-0\" class=\"so-panel widget widget_qt_feature_page widget-featured-page panel-first-child panel-last-child\" data-index=\"2\" >\n\t\t\t<div class=\"featured-page\">\n\t\t\t\t\t\t\t\t\t<div class=\"featured-page--image\">\n\t\t\t\t\t\t<a href=\"https:\/\/goldenclinic.es\/fr\/services\/menopause-marbella\/\">\n\t\t\t\t\t\t\t<img loading=\"lazy\" decoding=\"async\" src=\"https:\/\/goldenclinic.es\/fr\/wp-content\/uploads\/sites\/9\/2018\/02\/young-woman-1745173_1280-360x240.jpg\" width=\"360\" height=\"240\" srcset=\"https:\/\/goldenclinic.es\/fr\/wp-content\/uploads\/sites\/9\/2018\/02\/young-woman-1745173_1280-360x240.jpg 360w, https:\/\/goldenclinic.es\/fr\/wp-content\/uploads\/sites\/9\/2018\/02\/young-woman-1745173_1280-850x567.jpg 850w\" sizes=\"auto, (min-width: 781px) 360px, calc(100vw - 30px)\" alt=\"M\u00e9nopause\">\n\t\t\t\t\t\t\t<div class=\"featured-page--overlay\">\n\t\t\t\t\t\t\t\t\t\t\t\t\t\t\t\t\t<div class=\"overlay--center\">\n\t\t\t\t\t\t\t\t\t\t<span>Lire la suite<\/span>\n\t\t\t\t\t\t\t\t\t<\/div>\n\t\t\t\t\t\t\t\t\t\t\t\t\t\t\t<\/div>\n\t\t\t\t\t\t<\/a>\n\t\t\t\t\t<\/div>\n\t\t\t\t\t\t\t\t<div class=\"featured-page--content\">\n\t\t\t\t\t<h4 class=\"featued-page--title\">\n\t\t\t\t\t\t<a href=\"https:\/\/goldenclinic.es\/fr\/services\/menopause-marbella\/\">M\u00e9nopause<\/a>\n\t\t\t\t\t<\/h4>\n\t\t\t\t\t\t\t\t\t\t\t<p>Pr\u00e9vention, diagnostic et traitement de la pathologie li\u00e9e \u00e0 la m\u00e9nopause<\/p>\n\t\t\t\t\t\t\t\t\t\t\t\t\t<a href=\"https:\/\/goldenclinic.es\/fr\/services\/menopause-marbella\/\" class=\"text-link\">Lire la suite<\/a>\n\t\t\t\t\t\t\t\t\t\t\t\t\t\t\t<\/div>\n\t\t\t<\/div>\n\n\t\t\t<\/div><\/div><\/div><div id=\"pg-110-1\"  class=\"panel-grid panel-no-style\" ><div id=\"pgc-110-1-0\"  class=\"panel-grid-cell\" ><div id=\"panel-110-1-0-0\" class=\"so-panel widget widget_qt_feature_page widget-featured-page panel-first-child panel-last-child\" data-index=\"3\" >\n\t\t\t<div class=\"featured-page\">\n\t\t\t\t\t\t\t\t\t<div class=\"featured-page--image\">\n\t\t\t\t\t\t<a href=\"https:\/\/goldenclinic.es\/fr\/services\/co2-laser-gynecologique-marbella\/\">\n\t\t\t\t\t\t\t<img loading=\"lazy\" decoding=\"async\" src=\"https:\/\/goldenclinic.es\/fr\/wp-content\/uploads\/sites\/9\/2018\/04\/servicios-laser-co2-360x240.jpg\" width=\"360\" height=\"240\" srcset=\"https:\/\/goldenclinic.es\/fr\/wp-content\/uploads\/sites\/9\/2018\/04\/servicios-laser-co2-360x240.jpg 360w, https:\/\/goldenclinic.es\/fr\/wp-content\/uploads\/sites\/9\/2018\/04\/servicios-laser-co2.jpg 850w\" sizes=\"auto, (min-width: 781px) 360px, calc(100vw - 30px)\" alt=\"Laser Gyn\u00e9cologique CO2\">\n\t\t\t\t\t\t\t<div class=\"featured-page--overlay\">\n\t\t\t\t\t\t\t\t\t\t\t\t\t\t\t\t\t<div class=\"overlay--center\">\n\t\t\t\t\t\t\t\t\t\t<span>Lire la suite<\/span>\n\t\t\t\t\t\t\t\t\t<\/div>\n\t\t\t\t\t\t\t\t\t\t\t\t\t\t\t<\/div>\n\t\t\t\t\t\t<\/a>\n\t\t\t\t\t<\/div>\n\t\t\t\t\t\t\t\t<div class=\"featured-page--content\">\n\t\t\t\t\t<h4 class=\"featued-page--title\">\n\t\t\t\t\t\t<a href=\"https:\/\/goldenclinic.es\/fr\/services\/co2-laser-gynecologique-marbella\/\">Laser Gyn\u00e9cologique CO2<\/a>\n\t\t\t\t\t<\/h4>\n\t\t\t\t\t\t\t\t\t\t\t<p>Le traitement non invasif, indolore et sans g\u00eane de fr\u00e9quents probl\u00e8mes de sant\u00e9 vulvovaginal<\/p>\n\t\t\t\t\t\t\t\t\t\t\t\t\t<a href=\"https:\/\/goldenclinic.es\/fr\/services\/co2-laser-gynecologique-marbella\/\" class=\"text-link\">Lire la suite<\/a>\n\t\t\t\t\t\t\t\t\t\t\t\t\t\t\t<\/div>\n\t\t\t<\/div>\n\n\t\t\t<\/div><\/div><div id=\"pgc-110-1-1\"  class=\"panel-grid-cell\" ><div id=\"panel-110-1-1-0\" class=\"so-panel widget widget_qt_feature_page widget-featured-page panel-first-child panel-last-child\" data-index=\"4\" >\n\t\t\t<div class=\"featured-page\">\n\t\t\t\t\t\t\t\t\t<div class=\"featured-page--image\">\n\t\t\t\t\t\t<a href=\"https:\/\/goldenclinic.es\/fr\/services\/grossese-marbella\/\">\n\t\t\t\t\t\t\t<img loading=\"lazy\" decoding=\"async\" src=\"https:\/\/goldenclinic.es\/fr\/wp-content\/uploads\/sites\/9\/2018\/04\/servicios-control-embarazo-360x240.jpg\" width=\"360\" height=\"240\" srcset=\"https:\/\/goldenclinic.es\/fr\/wp-content\/uploads\/sites\/9\/2018\/04\/servicios-control-embarazo-360x240.jpg 360w, https:\/\/goldenclinic.es\/fr\/wp-content\/uploads\/sites\/9\/2018\/04\/servicios-control-embarazo.jpg 850w\" sizes=\"auto, (min-width: 781px) 360px, calc(100vw - 30px)\" alt=\"Grossese\">\n\t\t\t\t\t\t\t<div class=\"featured-page--overlay\">\n\t\t\t\t\t\t\t\t\t\t\t\t\t\t\t\t\t<div class=\"overlay--center\">\n\t\t\t\t\t\t\t\t\t\t<span>Lire la suite<\/span>\n\t\t\t\t\t\t\t\t\t<\/div>\n\t\t\t\t\t\t\t\t\t\t\t\t\t\t\t<\/div>\n\t\t\t\t\t\t<\/a>\n\t\t\t\t\t<\/div>\n\t\t\t\t\t\t\t\t<div class=\"featured-page--content\">\n\t\t\t\t\t<h4 class=\"featued-page--title\">\n\t\t\t\t\t\t<a href=\"https:\/\/goldenclinic.es\/fr\/services\/grossese-marbella\/\">Grossese<\/a>\n\t\t\t\t\t<\/h4>\n\t\t\t\t\t\t\t\t\t\t\t<p>Tous nos efforts sont destin\u00e9s \u00e0 vous faire sentir confiant et assur\u00e9 pendant votre exp\u00e9rience de maternit\u00e9<\/p>\n\t\t\t\t\t\t\t\t\t\t\t\t\t<a href=\"https:\/\/goldenclinic.es\/fr\/services\/grossese-marbella\/\" class=\"text-link\">Lire la suite<\/a>\n\t\t\t\t\t\t\t\t\t\t\t\t\t\t\t<\/div>\n\t\t\t<\/div>\n\n\t\t\t<\/div><\/div><div id=\"pgc-110-1-2\"  class=\"panel-grid-cell\" ><div id=\"panel-110-1-2-0\" class=\"so-panel widget widget_qt_feature_page widget-featured-page panel-first-child panel-last-child\" data-index=\"5\" >\n\t\t\t<div class=\"featured-page\">\n\t\t\t\t\t\t\t\t\t<div class=\"featured-page--image\">\n\t\t\t\t\t\t<a href=\"https:\/\/goldenclinic.es\/fr\/services\/sexualite-reproduction-marbella\/\">\n\t\t\t\t\t\t\t<img loading=\"lazy\" decoding=\"async\" src=\"https:\/\/goldenclinic.es\/fr\/wp-content\/uploads\/sites\/9\/2018\/02\/pregnancy-775041_1280-360x240.jpg\" width=\"360\" height=\"240\" srcset=\"https:\/\/goldenclinic.es\/fr\/wp-content\/uploads\/sites\/9\/2018\/02\/pregnancy-775041_1280-360x240.jpg 360w, https:\/\/goldenclinic.es\/fr\/wp-content\/uploads\/sites\/9\/2018\/02\/pregnancy-775041_1280-850x567.jpg 850w\" sizes=\"auto, (min-width: 781px) 360px, calc(100vw - 30px)\" alt=\"Sexualit\u00e9-Reproduction\">\n\t\t\t\t\t\t\t<div class=\"featured-page--overlay\">\n\t\t\t\t\t\t\t\t\t\t\t\t\t\t\t\t\t<div class=\"overlay--center\">\n\t\t\t\t\t\t\t\t\t\t<span>Lire la suite<\/span>\n\t\t\t\t\t\t\t\t\t<\/div>\n\t\t\t\t\t\t\t\t\t\t\t\t\t\t\t<\/div>\n\t\t\t\t\t\t<\/a>\n\t\t\t\t\t<\/div>\n\t\t\t\t\t\t\t\t<div class=\"featured-page--content\">\n\t\t\t\t\t<h4 class=\"featued-page--title\">\n\t\t\t\t\t\t<a href=\"https:\/\/goldenclinic.es\/fr\/services\/sexualite-reproduction-marbella\/\">Sexualit\u00e9-Reproduction<\/a>\n\t\t\t\t\t<\/h4>\n\t\t\t\t\t\t\t\t\t\t\t<p>Diagnostic et traitement des probl\u00e8mes li\u00e9s aux relations sexuelles et \u00e0 la fertilit\u00e9<\/p>\n\t\t\t\t\t\t\t\t\t\t\t\t\t<a href=\"https:\/\/goldenclinic.es\/fr\/services\/sexualite-reproduction-marbella\/\" class=\"text-link\">Lire la suite<\/a>\n\t\t\t\t\t\t\t\t\t\t\t\t\t\t\t<\/div>\n\t\t\t<\/div>\n\n\t\t\t<\/div><\/div><\/div><\/div>","protected":false},"excerpt":{"rendered":"<p>Lire la suite Pr\u00e9vention du cancer gyn\u00e9cologique Associ\u00e9 au criblage classique cytologigue avec des proc\u00e9dures les plus avanc\u00e9es comme la typification, vid\u00e9o coloscopie, \u00e9chographe PR (polyarthrite rhumato\u00efde) endocavitaire&#8230; Lire la suite Lire la suite Maladies Sexuellment Transmissibles Nous fournissons des mesures de pr\u00e9vention et de vaccination, un diagnostic pr\u00e9coce et des traitements minimalement invasifs pour [&hellip;]<\/p>\n","protected":false},"author":1,"featured_media":0,"parent":0,"menu_order":0,"comment_status":"closed","ping_status":"closed","template":"","meta":{"footnotes":""},"class_list":["post-110","page","type-page","status-publish","hentry"],"yoast_head":"<!-- This site is optimized with the Yoast SEO plugin v26.2 - https:\/\/yoast.com\/wordpress\/plugins\/seo\/ -->\n<title>Services - Golden Clinic - Fran\u00e7ais<\/title>\n<meta name=\"robots\" content=\"index, follow, max-snippet:-1, max-image-preview:large, max-video-preview:-1\" \/>\n<link rel=\"canonical\" href=\"https:\/\/goldenclinic.es\/fr\/services\/\" \/>\n<meta property=\"og:locale\" content=\"fr_FR\" \/>\n<meta property=\"og:type\" content=\"article\" \/>\n<meta property=\"og:title\" content=\"Services - Golden Clinic - Fran\u00e7ais\" \/>\n<meta property=\"og:description\" content=\"Lire la suite Pr\u00e9vention du cancer gyn\u00e9cologique Associ\u00e9 au criblage classique cytologigue avec des proc\u00e9dures les plus avanc\u00e9es comme la typification, vid\u00e9o coloscopie, \u00e9chographe PR (polyarthrite rhumato\u00efde) endocavitaire... Lire la suite Lire la suite Maladies Sexuellment Transmissibles Nous fournissons des mesures de pr\u00e9vention et de vaccination, un diagnostic pr\u00e9coce et des traitements minimalement invasifs pour [&hellip;]\" \/>\n<meta property=\"og:url\" content=\"https:\/\/goldenclinic.es\/fr\/services\/\" \/>\n<meta property=\"og:site_name\" content=\"Golden Clinic - Fran\u00e7ais\" \/>\n<meta property=\"article:modified_time\" content=\"2018-04-18T17:04:29+00:00\" \/>\n<meta name=\"twitter:card\" content=\"summary_large_image\" \/>\n<script type=\"application\/ld+json\" class=\"yoast-schema-graph\">{\"@context\":\"https:\/\/schema.org\",\"@graph\":[{\"@type\":\"WebPage\",\"@id\":\"https:\/\/goldenclinic.es\/fr\/services\/\",\"url\":\"https:\/\/goldenclinic.es\/fr\/services\/\",\"name\":\"Services - Golden Clinic - Fran\u00e7ais\",\"isPartOf\":{\"@id\":\"https:\/\/goldenclinic.es\/fr\/#website\"},\"datePublished\":\"2015-11-27T17:59:19+00:00\",\"dateModified\":\"2018-04-18T17:04:29+00:00\",\"breadcrumb\":{\"@id\":\"https:\/\/goldenclinic.es\/fr\/services\/#breadcrumb\"},\"inLanguage\":\"fr-FR\",\"potentialAction\":[{\"@type\":\"ReadAction\",\"target\":[\"https:\/\/goldenclinic.es\/fr\/services\/\"]}]},{\"@type\":\"BreadcrumbList\",\"@id\":\"https:\/\/goldenclinic.es\/fr\/services\/#breadcrumb\",\"itemListElement\":[{\"@type\":\"ListItem\",\"position\":1,\"name\":\"Portada\",\"item\":\"https:\/\/goldenclinic.es\/fr\/\"},{\"@type\":\"ListItem\",\"position\":2,\"name\":\"Services\"}]},{\"@type\":\"WebSite\",\"@id\":\"https:\/\/goldenclinic.es\/fr\/#website\",\"url\":\"https:\/\/goldenclinic.es\/fr\/\",\"name\":\"Golden Clinic - Fran\u00e7ais\",\"description\":\"Marbella Ginecolog\u00eda y Obstreticia\",\"potentialAction\":[{\"@type\":\"SearchAction\",\"target\":{\"@type\":\"EntryPoint\",\"urlTemplate\":\"https:\/\/goldenclinic.es\/fr\/?s={search_term_string}\"},\"query-input\":{\"@type\":\"PropertyValueSpecification\",\"valueRequired\":true,\"valueName\":\"search_term_string\"}}],\"inLanguage\":\"fr-FR\"}]}<\/script>\n<!-- \/ Yoast SEO plugin. -->","yoast_head_json":{"title":"Services - Golden Clinic - Fran\u00e7ais","robots":{"index":"index","follow":"follow","max-snippet":"max-snippet:-1","max-image-preview":"max-image-preview:large","max-video-preview":"max-video-preview:-1"},"canonical":"https:\/\/goldenclinic.es\/fr\/services\/","og_locale":"fr_FR","og_type":"article","og_title":"Services - Golden Clinic - Fran\u00e7ais","og_description":"Lire la suite Pr\u00e9vention du cancer gyn\u00e9cologique Associ\u00e9 au criblage classique cytologigue avec des proc\u00e9dures les plus avanc\u00e9es comme la typification, vid\u00e9o coloscopie, \u00e9chographe PR (polyarthrite rhumato\u00efde) endocavitaire... Lire la suite Lire la suite Maladies Sexuellment Transmissibles Nous fournissons des mesures de pr\u00e9vention et de vaccination, un diagnostic pr\u00e9coce et des traitements minimalement invasifs pour [&hellip;]","og_url":"https:\/\/goldenclinic.es\/fr\/services\/","og_site_name":"Golden Clinic - Fran\u00e7ais","article_modified_time":"2018-04-18T17:04:29+00:00","twitter_card":"summary_large_image","schema":{"@context":"https:\/\/schema.org","@graph":[{"@type":"WebPage","@id":"https:\/\/goldenclinic.es\/fr\/services\/","url":"https:\/\/goldenclinic.es\/fr\/services\/","name":"Services - Golden Clinic - Fran\u00e7ais","isPartOf":{"@id":"https:\/\/goldenclinic.es\/fr\/#website"},"datePublished":"2015-11-27T17:59:19+00:00","dateModified":"2018-04-18T17:04:29+00:00","breadcrumb":{"@id":"https:\/\/goldenclinic.es\/fr\/services\/#breadcrumb"},"inLanguage":"fr-FR","potentialAction":[{"@type":"ReadAction","target":["https:\/\/goldenclinic.es\/fr\/services\/"]}]},{"@type":"BreadcrumbList","@id":"https:\/\/goldenclinic.es\/fr\/services\/#breadcrumb","itemListElement":[{"@type":"ListItem","position":1,"name":"Portada","item":"https:\/\/goldenclinic.es\/fr\/"},{"@type":"ListItem","position":2,"name":"Services"}]},{"@type":"WebSite","@id":"https:\/\/goldenclinic.es\/fr\/#website","url":"https:\/\/goldenclinic.es\/fr\/","name":"Golden Clinic - Fran\u00e7ais","description":"Marbella Ginecolog\u00eda y Obstreticia","potentialAction":[{"@type":"SearchAction","target":{"@type":"EntryPoint","urlTemplate":"https:\/\/goldenclinic.es\/fr\/?s={search_term_string}"},"query-input":{"@type":"PropertyValueSpecification","valueRequired":true,"valueName":"search_term_string"}}],"inLanguage":"fr-FR"}]}},"_links":{"self":[{"href":"https:\/\/goldenclinic.es\/fr\/wp-json\/wp\/v2\/pages\/110","targetHints":{"allow":["GET"]}}],"collection":[{"href":"https:\/\/goldenclinic.es\/fr\/wp-json\/wp\/v2\/pages"}],"about":[{"href":"https:\/\/goldenclinic.es\/fr\/wp-json\/wp\/v2\/types\/page"}],"author":[{"embeddable":true,"href":"https:\/\/goldenclinic.es\/fr\/wp-json\/wp\/v2\/users\/1"}],"replies":[{"embeddable":true,"href":"https:\/\/goldenclinic.es\/fr\/wp-json\/wp\/v2\/comments?post=110"}],"version-history":[{"count":17,"href":"https:\/\/goldenclinic.es\/fr\/wp-json\/wp\/v2\/pages\/110\/revisions"}],"predecessor-version":[{"id":8197,"href":"https:\/\/goldenclinic.es\/fr\/wp-json\/wp\/v2\/pages\/110\/revisions\/8197"}],"wp:attachment":[{"href":"https:\/\/goldenclinic.es\/fr\/wp-json\/wp\/v2\/media?parent=110"}],"curies":[{"name":"wp","href":"https:\/\/api.w.org\/{rel}","templated":true}]}}