{"id":117,"date":"2015-11-27T18:00:51","date_gmt":"2015-11-27T18:00:51","guid":{"rendered":"http:\/\/export-xml.qreativethemes.com\/physio\/?page_id=117"},"modified":"2018-12-08T16:32:57","modified_gmt":"2018-12-08T16:32:57","slug":"contact","status":"publish","type":"page","link":"https:\/\/goldenclinic.es\/fr\/contact\/","title":{"rendered":"Contact"},"content":{"rendered":"<div id=\"pl-117\"  class=\"panel-layout\" ><div id=\"pg-117-0\"  class=\"panel-grid panel-no-style\" ><div id=\"pgc-117-0-0\"  class=\"panel-grid-cell\" ><div id=\"panel-117-0-0-0\" class=\"so-panel widget widget_sow-editor panel-first-child\" data-index=\"0\" ><div class=\"featured-box panel-widget-style panel-widget-style-for-117-0-0-0\" ><div\n\t\t\t\n\t\t\tclass=\"so-widget-sow-editor so-widget-sow-editor-base\"\n\t\t\t\n\t\t>\n<div class=\"siteorigin-widget-tinymce textwidget\">\n\t<p><strong>Golden Clinic<br \/> <\/strong>Avda. Hohenlohe 9<br \/>Centro Comercial Tembo<br \/>Urb Alhambra del Mar Oficinas A4-5\u00a0<br \/> 29602 Marbella (M\u00e1laga)<\/p>\n<hr \/>\n<p><b>T\u00e9l\u00e9phone<br \/><\/b>+34 952 857 890<b><br \/><\/b><\/p>\n<hr \/>\n<p><b>Envoie-nous un message<br \/><\/b>info@goldenclinic.es<\/p>\n<hr \/>\n<p><strong>Social Media<br \/><\/strong><\/p>\n<p><a class=\"icon-wrap\" href=\"#\" target=\"_blank\"><i class=\"fa fa-facebook\"><\/i><\/a> \u00a0 <a class=\"icon-wrap\" href=\"#\" target=\"_blank\"><i class=\"fa fa-twitter\"><\/i><\/a> \u00a0 <a class=\"icon-wrap\" href=\"#\" target=\"_self\"><i class=\"fa fa-linkedin\"><\/i><\/a> \u00a0 <a class=\"icon-wrap\" href=\"#\" target=\"_self\"><i class=\"fa fa-youtube\"><\/i><\/a> \u00a0 <span class=\"icon-wrap\"><i class=\"fa fa-instagram\"><\/i><\/span><\/p>\n<\/div>\n<\/div><\/div><\/div><div id=\"panel-117-0-0-1\" class=\"so-panel widget widget_qt_opening_hours widget-opening-hours panel-last-child\" data-index=\"1\" ><div class=\"smaller-widget-title panel-widget-style panel-widget-style-for-117-0-0-1\" ><h3 class=\"widget-title\">Opening Hours<\/h3><div class=\"opening-hours\"><ul><li class=\"weekday\">Monday<span class=\"right\">09:00-19:00<\/span><\/li><li class=\"weekday today\">Tuesday<span class=\"right\">09:00-19:00<\/span><\/li><li class=\"weekday\">Wednesday<span class=\"right\">09:00-19:00<\/span><\/li><li class=\"weekday\">Thursday<span class=\"right\">09:00-19:00<\/span><\/li><li class=\"weekday\">Friday<span class=\"right\">09:00-19:00<\/span><\/li><li class=\"weekday\">Saturday<span class=\"right\">Closed<\/span><\/li><li class=\"weekday\">Sunday<span class=\"right\">Closed<\/span><\/li><\/ul><\/div><\/div><\/div><\/div><div id=\"pgc-117-0-1\"  class=\"panel-grid-cell\" ><div id=\"panel-117-0-1-0\" class=\"so-panel widget widget_sow-google-map panel-first-child\" data-index=\"2\" ><div class=\"panel-widget-style panel-widget-style-for-117-0-1-0\" ><div\n\t\t\t\n\t\t\tclass=\"so-widget-sow-google-map so-widget-sow-google-map-default-7c85adda2d36-117\"\n\t\t\t\n\t\t>\n<div class=\"sow-google-map-canvas\"\n\tstyle=\"\"\n\tid=\"map-canvas-3492a34dc88c191ee59df80d31ba4d8b\"\n\tdata-options=\"{&quot;address&quot;:&quot;Avda. Hohenlohe 64-58, Marbella&quot;,&quot;zoom&quot;:17,&quot;mobileZoom&quot;:17,&quot;gestureHandling&quot;:&quot;cooperative&quot;,&quot;disableUi&quot;:false,&quot;markerIcon&quot;:false,&quot;markersDraggable&quot;:false,&quot;markerAtCenter&quot;:false,&quot;markerInfoDisplay&quot;:&quot;always&quot;,&quot;markerInfoMultiple&quot;:true,&quot;markerPositions&quot;:[{&quot;place&quot;:&quot;Avda. Hohenlohe 64-58, Marbella&quot;,&quot;info&quot;:&quot;&lt;p&gt;&lt;strong&gt;Golden Clinic&lt;\\\/strong&gt;&lt;br \\\/&gt;Avda. Hohenlohe 9 - Centro Comercial Tembo&lt;br \\\/&gt;Urb Alhambra del Mar Oficinas A4-5 - 29602 &lt;strong&gt;Marbella&lt;\\\/strong&gt; (M\\u00e1laga)&lt;\\\/p&gt;&quot;,&quot;infoSelectedEditor&quot;:&quot;tmce&quot;,&quot;infoMaxWidth&quot;:&quot;&quot;,&quot;customMarkerIcon&quot;:0,&quot;customMarkerIconSize&quot;:&quot;&quot;}],&quot;mapName&quot;:&quot;Carte personnalis\\u00e9e&quot;,&quot;mapStyles&quot;:[{&quot;featureType&quot;:&quot;landscape&quot;,&quot;stylers&quot;:[{&quot;saturation&quot;:-100},{&quot;lightness&quot;:60}]},{&quot;featureType&quot;:&quot;road.local&quot;,&quot;stylers&quot;:[{&quot;saturation&quot;:-100},{&quot;lightness&quot;:40},{&quot;visibility&quot;:&quot;on&quot;}]},{&quot;featureType&quot;:&quot;transit&quot;,&quot;stylers&quot;:[{&quot;saturation&quot;:-100},{&quot;visibility&quot;:&quot;simplified&quot;}]},{&quot;featureType&quot;:&quot;administrative.province&quot;,&quot;stylers&quot;:[{&quot;visibility&quot;:&quot;off&quot;}]},{&quot;featureType&quot;:&quot;water&quot;,&quot;stylers&quot;:[{&quot;visibility&quot;:&quot;on&quot;},{&quot;lightness&quot;:30}]},{&quot;featureType&quot;:&quot;road.highway&quot;,&quot;elementType&quot;:&quot;geometry.fill&quot;,&quot;stylers&quot;:[{&quot;color&quot;:&quot;#ef8c25&quot;},{&quot;lightness&quot;:40}]},{&quot;featureType&quot;:&quot;road.highway&quot;,&quot;elementType&quot;:&quot;geometry.stroke&quot;,&quot;stylers&quot;:[{&quot;visibility&quot;:&quot;off&quot;}]},{&quot;featureType&quot;:&quot;poi.park&quot;,&quot;elementType&quot;:&quot;geometry.fill&quot;,&quot;stylers&quot;:[{&quot;color&quot;:&quot;#b6c54c&quot;},{&quot;lightness&quot;:40},{&quot;saturation&quot;:-40}]},[]],&quot;directions&quot;:&quot;&quot;,&quot;apiKey&quot;:&quot;AIzaSyAKwmdjjTWIby6DQIvUhMbaI2YaY8CUh0M&quot;,&quot;breakpoint&quot;:780}\"\n\tdata-fallback-image=\"{&quot;img&quot;:&quot;&quot;}\"><\/div>\n<\/div><\/div><\/div><div id=\"panel-117-0-1-1\" class=\"so-panel widget widget_sow-editor\" data-index=\"3\" ><div class=\"smaller-widget-title panel-widget-style panel-widget-style-for-117-0-1-1\" ><div\n\t\t\t\n\t\t\tclass=\"so-widget-sow-editor so-widget-sow-editor-base\"\n\t\t\t\n\t\t><h3 class=\"widget-title\">Envoie-nous un message<\/h3>\n<div class=\"siteorigin-widget-tinymce textwidget\">\n\t<p>Contact us by phone or use the following form to send us a message. You will contact you back as soon as possible<\/p>\n<\/div>\n<\/div><\/div><\/div><div id=\"panel-117-0-1-2\" class=\"so-panel widget widget_sow-editor panel-last-child\" data-index=\"4\" ><div class=\"panel-widget-style panel-widget-style-for-117-0-1-2\" ><div\n\t\t\t\n\t\t\tclass=\"so-widget-sow-editor so-widget-sow-editor-base\"\n\t\t\t\n\t\t>\n<div class=\"siteorigin-widget-tinymce textwidget\">\n\t\n<div class=\"wpcf7 no-js\" id=\"wpcf7-f7485-o1\" lang=\"en-US\" dir=\"ltr\" data-wpcf7-id=\"7485\">\n<div class=\"screen-reader-response\"><p role=\"status\" aria-live=\"polite\" aria-atomic=\"true\"><\/p> <ul><\/ul><\/div>\n<form action=\"\/fr\/wp-json\/wp\/v2\/pages\/117#wpcf7-f7485-o1\" method=\"post\" class=\"wpcf7-form init\" aria-label=\"Contact form\" novalidate=\"novalidate\" data-status=\"init\">\n<fieldset class=\"hidden-fields-container\"><input type=\"hidden\" name=\"_wpcf7\" value=\"7485\" \/><input type=\"hidden\" name=\"_wpcf7_version\" value=\"6.1.3\" \/><input type=\"hidden\" name=\"_wpcf7_locale\" value=\"en_US\" \/><input type=\"hidden\" name=\"_wpcf7_unit_tag\" value=\"wpcf7-f7485-o1\" \/><input type=\"hidden\" name=\"_wpcf7_container_post\" value=\"0\" \/><input type=\"hidden\" name=\"_wpcf7_posted_data_hash\" value=\"\" \/>\n<\/fieldset>\n<div class=\"white-featured-box\">\n\t<div class=\"row\">\n\t\t<div class=\"col-xs-12 col-md-6\">\n\t\t\t<p><span>Nom, Pr\u00e9nom *<\/span><span class=\"wpcf7-form-control-wrap\" data-name=\"your-name\"><input size=\"40\" maxlength=\"400\" class=\"wpcf7-form-control wpcf7-text wpcf7-validates-as-required\" aria-required=\"true\" aria-invalid=\"false\" placeholder=\"Nom, Pr\u00e9nom\" value=\"\" type=\"text\" name=\"your-name\" \/><\/span><span>E-mail *<\/span><span class=\"wpcf7-form-control-wrap\" data-name=\"your-email\"><input size=\"40\" maxlength=\"400\" class=\"wpcf7-form-control wpcf7-email wpcf7-validates-as-required wpcf7-text wpcf7-validates-as-email\" aria-required=\"true\" aria-invalid=\"false\" placeholder=\"E-mail\" value=\"\" type=\"email\" name=\"your-email\" \/><\/span><span>T\u00e9l\u00e9phone *<\/span><span class=\"wpcf7-form-control-wrap\" data-name=\"your-phone\"><input size=\"40\" maxlength=\"400\" class=\"wpcf7-form-control wpcf7-tel wpcf7-validates-as-required wpcf7-text wpcf7-validates-as-tel\" aria-required=\"true\" aria-invalid=\"false\" placeholder=\"T\u00e9l\u00e9phone\" value=\"\" type=\"tel\" name=\"your-phone\" \/><\/span>\n\t\t\t<\/p>\n\t\t<\/div>\n\t\t<div class=\"col-xs-12 col-md-6\">\n\t\t\t<p><span>Sujet de votre message<\/span><span class=\"wpcf7-form-control-wrap\" data-name=\"your-subject\"><input size=\"40\" maxlength=\"400\" class=\"wpcf7-form-control wpcf7-text\" aria-invalid=\"false\" placeholder=\"\" value=\"\" type=\"text\" name=\"your-subject\" \/><\/span><span>Votre message *<\/span><span class=\"wpcf7-form-control-wrap\" data-name=\"your-message\"><textarea cols=\"40\" rows=\"10\" maxlength=\"2000\" class=\"wpcf7-form-control wpcf7-textarea\" aria-invalid=\"false\" placeholder=\"...\" name=\"your-message\"><\/textarea><\/span>\n\t\t\t<\/p>\n\t\t<\/div>\n\t\t<div class=\"col-md-12\">\n\t\t\t<p><span class=\"wpcf7-form-control-wrap\" data-name=\"aceptacion-lopd\"><span class=\"wpcf7-form-control wpcf7-acceptance\"><span class=\"wpcf7-list-item\"><label><input type=\"checkbox\" name=\"aceptacion-lopd\" value=\"1\" class=\"inline-checkbox\" aria-invalid=\"false\" \/><span class=\"wpcf7-list-item-label\">Acceptance according to European Data Protection regulation (R.G.P.D.)<br><span style=\"font-size:10px\"> Responsable: Identidad: GINECOSUR S.L. - CIF: B92677186  Dir. postal: URB. EL REAL, CALLE DALIAS 80 29603 MARBELLA Tel\u00e9fono: 952857890    Correo elect: info@goldenclinic.es \n\u201cEn nombre de la empresa tratamos la informaci\u00f3n que nos facilita con el fin de enviarle publicidad relacionada con nuestros productos y servicios por cualquier medio (postal, email o tel\u00e9fono) e invitarle a eventos organizados por la empresa. Los datos proporcionados se conservar\u00e1n mientras no solicite el cese de la actividad. Los datos no se ceder\u00e1n a terceros salvo en los casos en que exista una obligaci\u00f3n legal. Usted tiene derecho a obtener confirmaci\u00f3n sobre si en GINECOSUR S.L. estamos tratando sus datos personales por tanto tiene derecho a acceder a sus datos personales, rectificar los datos inexacto o solicitar su supresi\u00f3n cuando los datos ya no sean necesarios para los fines que fueron recogidos\u201d\n<\/span><\/span><\/label><\/span><\/span><\/span>\n\t\t\t<\/p>\n\t\t<\/div>\n\t\t<div class=\"col-xs-12 col-md-12\">\n\t\t\t<p><input class=\"wpcf7-form-control wpcf7-submit has-spinner btn btn-primary\" type=\"submit\" value=\"Envoyer\" \/><input type=\"reset\" class=\"btn btn-outline\" value=\"Clear\" \/>\n\t\t\t<\/p>\n\t\t<\/div>\n\t<\/div>\n<\/div><p style=\"display: none !important;\" class=\"akismet-fields-container\" data-prefix=\"_wpcf7_ak_\"><label>&#916;<textarea name=\"_wpcf7_ak_hp_textarea\" cols=\"45\" rows=\"8\" maxlength=\"100\"><\/textarea><\/label><input type=\"hidden\" id=\"ak_js_1\" name=\"_wpcf7_ak_js\" value=\"37\"\/><script>document.getElementById( \"ak_js_1\" ).setAttribute( \"value\", ( new Date() ).getTime() );<\/script><\/p><div class=\"wpcf7-response-output\" aria-hidden=\"true\"><\/div>\n<\/form>\n<\/div>\n\n<\/div>\n<\/div><\/div><\/div><\/div><\/div><\/div>","protected":false},"excerpt":{"rendered":"<p>Golden Clinic Avda. Hohenlohe 9Centro Comercial TemboUrb Alhambra del Mar Oficinas A4-5\u00a0 29602 Marbella (M\u00e1laga) T\u00e9l\u00e9phone+34 952 857 890 Envoie-nous un messageinfo@goldenclinic.es Social Media \u00a0 \u00a0 \u00a0 \u00a0 Contact us by phone or use the following form to send us a message. You will contact you back as soon as possible<\/p>\n","protected":false},"author":1,"featured_media":0,"parent":0,"menu_order":0,"comment_status":"closed","ping_status":"closed","template":"","meta":{"footnotes":""},"class_list":["post-117","page","type-page","status-publish","hentry"],"yoast_head":"<!-- This site is optimized with the Yoast SEO plugin v26.2 - https:\/\/yoast.com\/wordpress\/plugins\/seo\/ -->\n<title>Contact - Golden Clinic - Fran\u00e7ais<\/title>\n<meta name=\"robots\" content=\"index, follow, max-snippet:-1, max-image-preview:large, max-video-preview:-1\" \/>\n<link rel=\"canonical\" href=\"https:\/\/goldenclinic.es\/fr\/contact\/\" \/>\n<meta property=\"og:locale\" content=\"fr_FR\" \/>\n<meta property=\"og:type\" content=\"article\" \/>\n<meta property=\"og:title\" content=\"Contact - Golden Clinic - Fran\u00e7ais\" \/>\n<meta property=\"og:description\" content=\"Golden Clinic Avda. Hohenlohe 9Centro Comercial TemboUrb Alhambra del Mar Oficinas A4-5\u00a0 29602 Marbella (M\u00e1laga) T\u00e9l\u00e9phone+34 952 857 890 Envoie-nous un messageinfo@goldenclinic.es Social Media \u00a0 \u00a0 \u00a0 \u00a0 Contact us by phone or use the following form to send us a message. You will contact you back as soon as possible\" \/>\n<meta property=\"og:url\" content=\"https:\/\/goldenclinic.es\/fr\/contact\/\" \/>\n<meta property=\"og:site_name\" content=\"Golden Clinic - Fran\u00e7ais\" \/>\n<meta property=\"article:modified_time\" content=\"2018-12-08T16:32:57+00:00\" \/>\n<meta name=\"twitter:card\" content=\"summary_large_image\" \/>\n<script type=\"application\/ld+json\" class=\"yoast-schema-graph\">{\"@context\":\"https:\/\/schema.org\",\"@graph\":[{\"@type\":\"WebPage\",\"@id\":\"https:\/\/goldenclinic.es\/fr\/contact\/\",\"url\":\"https:\/\/goldenclinic.es\/fr\/contact\/\",\"name\":\"Contact - Golden Clinic - Fran\u00e7ais\",\"isPartOf\":{\"@id\":\"https:\/\/goldenclinic.es\/fr\/#website\"},\"datePublished\":\"2015-11-27T18:00:51+00:00\",\"dateModified\":\"2018-12-08T16:32:57+00:00\",\"breadcrumb\":{\"@id\":\"https:\/\/goldenclinic.es\/fr\/contact\/#breadcrumb\"},\"inLanguage\":\"fr-FR\",\"potentialAction\":[{\"@type\":\"ReadAction\",\"target\":[\"https:\/\/goldenclinic.es\/fr\/contact\/\"]}]},{\"@type\":\"BreadcrumbList\",\"@id\":\"https:\/\/goldenclinic.es\/fr\/contact\/#breadcrumb\",\"itemListElement\":[{\"@type\":\"ListItem\",\"position\":1,\"name\":\"Portada\",\"item\":\"https:\/\/goldenclinic.es\/fr\/\"},{\"@type\":\"ListItem\",\"position\":2,\"name\":\"Contact\"}]},{\"@type\":\"WebSite\",\"@id\":\"https:\/\/goldenclinic.es\/fr\/#website\",\"url\":\"https:\/\/goldenclinic.es\/fr\/\",\"name\":\"Golden Clinic - Fran\u00e7ais\",\"description\":\"Marbella Ginecolog\u00eda y Obstreticia\",\"potentialAction\":[{\"@type\":\"SearchAction\",\"target\":{\"@type\":\"EntryPoint\",\"urlTemplate\":\"https:\/\/goldenclinic.es\/fr\/?s={search_term_string}\"},\"query-input\":{\"@type\":\"PropertyValueSpecification\",\"valueRequired\":true,\"valueName\":\"search_term_string\"}}],\"inLanguage\":\"fr-FR\"}]}<\/script>\n<!-- \/ Yoast SEO plugin. -->","yoast_head_json":{"title":"Contact - Golden Clinic - Fran\u00e7ais","robots":{"index":"index","follow":"follow","max-snippet":"max-snippet:-1","max-image-preview":"max-image-preview:large","max-video-preview":"max-video-preview:-1"},"canonical":"https:\/\/goldenclinic.es\/fr\/contact\/","og_locale":"fr_FR","og_type":"article","og_title":"Contact - Golden Clinic - Fran\u00e7ais","og_description":"Golden Clinic Avda. Hohenlohe 9Centro Comercial TemboUrb Alhambra del Mar Oficinas A4-5\u00a0 29602 Marbella (M\u00e1laga) T\u00e9l\u00e9phone+34 952 857 890 Envoie-nous un messageinfo@goldenclinic.es Social Media \u00a0 \u00a0 \u00a0 \u00a0 Contact us by phone or use the following form to send us a message. You will contact you back as soon as possible","og_url":"https:\/\/goldenclinic.es\/fr\/contact\/","og_site_name":"Golden Clinic - Fran\u00e7ais","article_modified_time":"2018-12-08T16:32:57+00:00","twitter_card":"summary_large_image","schema":{"@context":"https:\/\/schema.org","@graph":[{"@type":"WebPage","@id":"https:\/\/goldenclinic.es\/fr\/contact\/","url":"https:\/\/goldenclinic.es\/fr\/contact\/","name":"Contact - Golden Clinic - Fran\u00e7ais","isPartOf":{"@id":"https:\/\/goldenclinic.es\/fr\/#website"},"datePublished":"2015-11-27T18:00:51+00:00","dateModified":"2018-12-08T16:32:57+00:00","breadcrumb":{"@id":"https:\/\/goldenclinic.es\/fr\/contact\/#breadcrumb"},"inLanguage":"fr-FR","potentialAction":[{"@type":"ReadAction","target":["https:\/\/goldenclinic.es\/fr\/contact\/"]}]},{"@type":"BreadcrumbList","@id":"https:\/\/goldenclinic.es\/fr\/contact\/#breadcrumb","itemListElement":[{"@type":"ListItem","position":1,"name":"Portada","item":"https:\/\/goldenclinic.es\/fr\/"},{"@type":"ListItem","position":2,"name":"Contact"}]},{"@type":"WebSite","@id":"https:\/\/goldenclinic.es\/fr\/#website","url":"https:\/\/goldenclinic.es\/fr\/","name":"Golden Clinic - Fran\u00e7ais","description":"Marbella Ginecolog\u00eda y Obstreticia","potentialAction":[{"@type":"SearchAction","target":{"@type":"EntryPoint","urlTemplate":"https:\/\/goldenclinic.es\/fr\/?s={search_term_string}"},"query-input":{"@type":"PropertyValueSpecification","valueRequired":true,"valueName":"search_term_string"}}],"inLanguage":"fr-FR"}]}},"_links":{"self":[{"href":"https:\/\/goldenclinic.es\/fr\/wp-json\/wp\/v2\/pages\/117","targetHints":{"allow":["GET"]}}],"collection":[{"href":"https:\/\/goldenclinic.es\/fr\/wp-json\/wp\/v2\/pages"}],"about":[{"href":"https:\/\/goldenclinic.es\/fr\/wp-json\/wp\/v2\/types\/page"}],"author":[{"embeddable":true,"href":"https:\/\/goldenclinic.es\/fr\/wp-json\/wp\/v2\/users\/1"}],"replies":[{"embeddable":true,"href":"https:\/\/goldenclinic.es\/fr\/wp-json\/wp\/v2\/comments?post=117"}],"version-history":[{"count":24,"href":"https:\/\/goldenclinic.es\/fr\/wp-json\/wp\/v2\/pages\/117\/revisions"}],"predecessor-version":[{"id":8219,"href":"https:\/\/goldenclinic.es\/fr\/wp-json\/wp\/v2\/pages\/117\/revisions\/8219"}],"wp:attachment":[{"href":"https:\/\/goldenclinic.es\/fr\/wp-json\/wp\/v2\/media?parent=117"}],"curies":[{"name":"wp","href":"https:\/\/api.w.org\/{rel}","templated":true}]}}