{"id":307,"date":"2015-12-03T23:30:13","date_gmt":"2015-12-03T23:30:13","guid":{"rendered":"http:\/\/export-xml.qreativethemes.com\/physio\/?page_id=307"},"modified":"2018-04-18T16:29:33","modified_gmt":"2018-04-18T16:29:33","slug":"sexual-transmitted-diseases-marbella","status":"publish","type":"page","link":"https:\/\/goldenclinic.es\/fr\/services\/sexual-transmitted-diseases-marbella\/","title":{"rendered":"Maladies Sexuellment Transmissibles"},"content":{"rendered":"<div id=\"pl-307\"  class=\"panel-layout\" ><div id=\"pg-307-0\"  class=\"panel-grid panel-no-style\" ><div id=\"pgc-307-0-0\"  class=\"panel-grid-cell\" ><div id=\"panel-307-0-0-0\" class=\"so-panel widget widget_media_image panel-first-child panel-last-child\" data-index=\"0\" ><img loading=\"lazy\" decoding=\"async\" width=\"300\" height=\"200\" src=\"https:\/\/goldenclinic.es\/fr\/wp-content\/uploads\/sites\/9\/2018\/04\/servicios-enfermedades-300x200.jpg\" class=\"image wp-image-8032  attachment-medium size-medium\" alt=\"\" style=\"max-width: 100%; height: auto;\" srcset=\"https:\/\/goldenclinic.es\/fr\/wp-content\/uploads\/sites\/9\/2018\/04\/servicios-enfermedades-300x200.jpg 300w, https:\/\/goldenclinic.es\/fr\/wp-content\/uploads\/sites\/9\/2018\/04\/servicios-enfermedades-768x512.jpg 768w, https:\/\/goldenclinic.es\/fr\/wp-content\/uploads\/sites\/9\/2018\/04\/servicios-enfermedades-360x240.jpg 360w, https:\/\/goldenclinic.es\/fr\/wp-content\/uploads\/sites\/9\/2018\/04\/servicios-enfermedades-600x400.jpg 600w, https:\/\/goldenclinic.es\/fr\/wp-content\/uploads\/sites\/9\/2018\/04\/servicios-enfermedades-272x182.jpg 272w, https:\/\/goldenclinic.es\/fr\/wp-content\/uploads\/sites\/9\/2018\/04\/servicios-enfermedades.jpg 850w\" sizes=\"auto, (max-width: 300px) 100vw, 300px\" \/><\/div><\/div><div id=\"pgc-307-0-1\"  class=\"panel-grid-cell\" ><div id=\"panel-307-0-1-0\" class=\"so-panel widget widget_sow-editor panel-first-child panel-last-child\" data-index=\"1\" ><div\n\t\t\t\n\t\t\tclass=\"so-widget-sow-editor so-widget-sow-editor-base\"\n\t\t\t\n\t\t>\n<div class=\"siteorigin-widget-tinymce textwidget\">\n\t<p>Nous fournissons des mesures de pr\u00e9vention et de vaccination, un diagnostic pr\u00e9coce et des traitements minimalement invasifs pour \u00e9radiquer et vous prot\u00e9ger contre les l\u00e9sions d'\u00e9volution d\u00e9favorables.<\/p>\n<ul>\n<li>Cytologie cervicale<\/li>\n<li>Typification VPH (virus du papillome humain)<\/li>\n<li>Culture vulvo-vaginale-cervicale<\/li>\n<li>Diagnotic et traitement des infections genitaux<\/li>\n<li>\u00c9chographie endocavitaire de haute r\u00e9solution-Doppler couleur<\/li>\n<\/ul>\n<p>\u00a0<\/p>\n<\/div>\n<\/div><\/div><\/div><\/div><\/div>","protected":false},"excerpt":{"rendered":"<p>Nous fournissons des mesures de pr\u00e9vention et de vaccination, un diagnostic pr\u00e9coce et des traitements minimalement invasifs pour \u00e9radiquer et vous prot\u00e9ger contre les l\u00e9sions d&rsquo;\u00e9volution d\u00e9favorables.<\/p>\n","protected":false},"author":1,"featured_media":8032,"parent":110,"menu_order":0,"comment_status":"closed","ping_status":"closed","template":"","meta":{"footnotes":""},"class_list":["post-307","page","type-page","status-publish","has-post-thumbnail","hentry"],"yoast_head":"<!-- This site is optimized with the Yoast SEO plugin v26.2 - https:\/\/yoast.com\/wordpress\/plugins\/seo\/ -->\n<title>Maladies Sexuellment Transmissibles - Golden Clinic - Fran\u00e7ais<\/title>\n<meta name=\"robots\" content=\"index, follow, max-snippet:-1, max-image-preview:large, max-video-preview:-1\" \/>\n<link rel=\"canonical\" href=\"https:\/\/goldenclinic.es\/fr\/services\/sexual-transmitted-diseases-marbella\/\" \/>\n<meta property=\"og:locale\" content=\"fr_FR\" \/>\n<meta property=\"og:type\" content=\"article\" \/>\n<meta property=\"og:title\" content=\"Maladies Sexuellment Transmissibles - Golden Clinic - Fran\u00e7ais\" \/>\n<meta property=\"og:description\" content=\"Nous fournissons des mesures de pr\u00e9vention et de vaccination, un diagnostic pr\u00e9coce et des traitements minimalement invasifs pour \u00e9radiquer et vous prot\u00e9ger contre les l\u00e9sions d&#039;\u00e9volution d\u00e9favorables.\" \/>\n<meta property=\"og:url\" content=\"https:\/\/goldenclinic.es\/fr\/services\/sexual-transmitted-diseases-marbella\/\" \/>\n<meta property=\"og:site_name\" content=\"Golden Clinic - Fran\u00e7ais\" \/>\n<meta property=\"article:modified_time\" content=\"2018-04-18T16:29:33+00:00\" \/>\n<meta property=\"og:image\" content=\"https:\/\/goldenclinic.es\/fr\/wp-content\/uploads\/sites\/9\/2018\/04\/servicios-enfermedades.jpg\" \/>\n\t<meta property=\"og:image:width\" content=\"850\" \/>\n\t<meta property=\"og:image:height\" content=\"567\" \/>\n\t<meta property=\"og:image:type\" content=\"image\/jpeg\" \/>\n<meta name=\"twitter:card\" content=\"summary_large_image\" \/>\n<script type=\"application\/ld+json\" class=\"yoast-schema-graph\">{\"@context\":\"https:\/\/schema.org\",\"@graph\":[{\"@type\":\"WebPage\",\"@id\":\"https:\/\/goldenclinic.es\/fr\/services\/sexual-transmitted-diseases-marbella\/\",\"url\":\"https:\/\/goldenclinic.es\/fr\/services\/sexual-transmitted-diseases-marbella\/\",\"name\":\"Maladies Sexuellment Transmissibles - Golden Clinic - Fran\u00e7ais\",\"isPartOf\":{\"@id\":\"https:\/\/goldenclinic.es\/fr\/#website\"},\"primaryImageOfPage\":{\"@id\":\"https:\/\/goldenclinic.es\/fr\/services\/sexual-transmitted-diseases-marbella\/#primaryimage\"},\"image\":{\"@id\":\"https:\/\/goldenclinic.es\/fr\/services\/sexual-transmitted-diseases-marbella\/#primaryimage\"},\"thumbnailUrl\":\"https:\/\/goldenclinic.es\/fr\/wp-content\/uploads\/sites\/9\/2018\/04\/servicios-enfermedades.jpg\",\"datePublished\":\"2015-12-03T23:30:13+00:00\",\"dateModified\":\"2018-04-18T16:29:33+00:00\",\"breadcrumb\":{\"@id\":\"https:\/\/goldenclinic.es\/fr\/services\/sexual-transmitted-diseases-marbella\/#breadcrumb\"},\"inLanguage\":\"fr-FR\",\"potentialAction\":[{\"@type\":\"ReadAction\",\"target\":[\"https:\/\/goldenclinic.es\/fr\/services\/sexual-transmitted-diseases-marbella\/\"]}]},{\"@type\":\"ImageObject\",\"inLanguage\":\"fr-FR\",\"@id\":\"https:\/\/goldenclinic.es\/fr\/services\/sexual-transmitted-diseases-marbella\/#primaryimage\",\"url\":\"https:\/\/goldenclinic.es\/fr\/wp-content\/uploads\/sites\/9\/2018\/04\/servicios-enfermedades.jpg\",\"contentUrl\":\"https:\/\/goldenclinic.es\/fr\/wp-content\/uploads\/sites\/9\/2018\/04\/servicios-enfermedades.jpg\",\"width\":850,\"height\":567},{\"@type\":\"BreadcrumbList\",\"@id\":\"https:\/\/goldenclinic.es\/fr\/services\/sexual-transmitted-diseases-marbella\/#breadcrumb\",\"itemListElement\":[{\"@type\":\"ListItem\",\"position\":1,\"name\":\"Portada\",\"item\":\"https:\/\/goldenclinic.es\/fr\/\"},{\"@type\":\"ListItem\",\"position\":2,\"name\":\"Services\",\"item\":\"https:\/\/goldenclinic.es\/fr\/services\/\"},{\"@type\":\"ListItem\",\"position\":3,\"name\":\"Maladies Sexuellment Transmissibles\"}]},{\"@type\":\"WebSite\",\"@id\":\"https:\/\/goldenclinic.es\/fr\/#website\",\"url\":\"https:\/\/goldenclinic.es\/fr\/\",\"name\":\"Golden Clinic - Fran\u00e7ais\",\"description\":\"Marbella Ginecolog\u00eda y Obstreticia\",\"potentialAction\":[{\"@type\":\"SearchAction\",\"target\":{\"@type\":\"EntryPoint\",\"urlTemplate\":\"https:\/\/goldenclinic.es\/fr\/?s={search_term_string}\"},\"query-input\":{\"@type\":\"PropertyValueSpecification\",\"valueRequired\":true,\"valueName\":\"search_term_string\"}}],\"inLanguage\":\"fr-FR\"}]}<\/script>\n<!-- \/ Yoast SEO plugin. -->","yoast_head_json":{"title":"Maladies Sexuellment Transmissibles - Golden Clinic - Fran\u00e7ais","robots":{"index":"index","follow":"follow","max-snippet":"max-snippet:-1","max-image-preview":"max-image-preview:large","max-video-preview":"max-video-preview:-1"},"canonical":"https:\/\/goldenclinic.es\/fr\/services\/sexual-transmitted-diseases-marbella\/","og_locale":"fr_FR","og_type":"article","og_title":"Maladies Sexuellment Transmissibles - Golden Clinic - Fran\u00e7ais","og_description":"Nous fournissons des mesures de pr\u00e9vention et de vaccination, un diagnostic pr\u00e9coce et des traitements minimalement invasifs pour \u00e9radiquer et vous prot\u00e9ger contre les l\u00e9sions d'\u00e9volution d\u00e9favorables.","og_url":"https:\/\/goldenclinic.es\/fr\/services\/sexual-transmitted-diseases-marbella\/","og_site_name":"Golden Clinic - Fran\u00e7ais","article_modified_time":"2018-04-18T16:29:33+00:00","og_image":[{"width":850,"height":567,"url":"https:\/\/goldenclinic.es\/fr\/wp-content\/uploads\/sites\/9\/2018\/04\/servicios-enfermedades.jpg","type":"image\/jpeg"}],"twitter_card":"summary_large_image","schema":{"@context":"https:\/\/schema.org","@graph":[{"@type":"WebPage","@id":"https:\/\/goldenclinic.es\/fr\/services\/sexual-transmitted-diseases-marbella\/","url":"https:\/\/goldenclinic.es\/fr\/services\/sexual-transmitted-diseases-marbella\/","name":"Maladies Sexuellment Transmissibles - Golden Clinic - Fran\u00e7ais","isPartOf":{"@id":"https:\/\/goldenclinic.es\/fr\/#website"},"primaryImageOfPage":{"@id":"https:\/\/goldenclinic.es\/fr\/services\/sexual-transmitted-diseases-marbella\/#primaryimage"},"image":{"@id":"https:\/\/goldenclinic.es\/fr\/services\/sexual-transmitted-diseases-marbella\/#primaryimage"},"thumbnailUrl":"https:\/\/goldenclinic.es\/fr\/wp-content\/uploads\/sites\/9\/2018\/04\/servicios-enfermedades.jpg","datePublished":"2015-12-03T23:30:13+00:00","dateModified":"2018-04-18T16:29:33+00:00","breadcrumb":{"@id":"https:\/\/goldenclinic.es\/fr\/services\/sexual-transmitted-diseases-marbella\/#breadcrumb"},"inLanguage":"fr-FR","potentialAction":[{"@type":"ReadAction","target":["https:\/\/goldenclinic.es\/fr\/services\/sexual-transmitted-diseases-marbella\/"]}]},{"@type":"ImageObject","inLanguage":"fr-FR","@id":"https:\/\/goldenclinic.es\/fr\/services\/sexual-transmitted-diseases-marbella\/#primaryimage","url":"https:\/\/goldenclinic.es\/fr\/wp-content\/uploads\/sites\/9\/2018\/04\/servicios-enfermedades.jpg","contentUrl":"https:\/\/goldenclinic.es\/fr\/wp-content\/uploads\/sites\/9\/2018\/04\/servicios-enfermedades.jpg","width":850,"height":567},{"@type":"BreadcrumbList","@id":"https:\/\/goldenclinic.es\/fr\/services\/sexual-transmitted-diseases-marbella\/#breadcrumb","itemListElement":[{"@type":"ListItem","position":1,"name":"Portada","item":"https:\/\/goldenclinic.es\/fr\/"},{"@type":"ListItem","position":2,"name":"Services","item":"https:\/\/goldenclinic.es\/fr\/services\/"},{"@type":"ListItem","position":3,"name":"Maladies Sexuellment Transmissibles"}]},{"@type":"WebSite","@id":"https:\/\/goldenclinic.es\/fr\/#website","url":"https:\/\/goldenclinic.es\/fr\/","name":"Golden Clinic - Fran\u00e7ais","description":"Marbella Ginecolog\u00eda y Obstreticia","potentialAction":[{"@type":"SearchAction","target":{"@type":"EntryPoint","urlTemplate":"https:\/\/goldenclinic.es\/fr\/?s={search_term_string}"},"query-input":{"@type":"PropertyValueSpecification","valueRequired":true,"valueName":"search_term_string"}}],"inLanguage":"fr-FR"}]}},"_links":{"self":[{"href":"https:\/\/goldenclinic.es\/fr\/wp-json\/wp\/v2\/pages\/307","targetHints":{"allow":["GET"]}}],"collection":[{"href":"https:\/\/goldenclinic.es\/fr\/wp-json\/wp\/v2\/pages"}],"about":[{"href":"https:\/\/goldenclinic.es\/fr\/wp-json\/wp\/v2\/types\/page"}],"author":[{"embeddable":true,"href":"https:\/\/goldenclinic.es\/fr\/wp-json\/wp\/v2\/users\/1"}],"replies":[{"embeddable":true,"href":"https:\/\/goldenclinic.es\/fr\/wp-json\/wp\/v2\/comments?post=307"}],"version-history":[{"count":35,"href":"https:\/\/goldenclinic.es\/fr\/wp-json\/wp\/v2\/pages\/307\/revisions"}],"predecessor-version":[{"id":8177,"href":"https:\/\/goldenclinic.es\/fr\/wp-json\/wp\/v2\/pages\/307\/revisions\/8177"}],"up":[{"embeddable":true,"href":"https:\/\/goldenclinic.es\/fr\/wp-json\/wp\/v2\/pages\/110"}],"wp:featuredmedia":[{"embeddable":true,"href":"https:\/\/goldenclinic.es\/fr\/wp-json\/wp\/v2\/media\/8032"}],"wp:attachment":[{"href":"https:\/\/goldenclinic.es\/fr\/wp-json\/wp\/v2\/media?parent=307"}],"curies":[{"name":"wp","href":"https:\/\/api.w.org\/{rel}","templated":true}]}}