{"id":6263,"date":"2015-12-21T19:42:19","date_gmt":"2015-12-21T19:42:19","guid":{"rendered":"http:\/\/export-xml.qreativethemes.com\/physio\/?page_id=6263"},"modified":"2018-04-18T16:19:03","modified_gmt":"2018-04-18T16:19:03","slug":"co2-laser-gynecologique-marbella","status":"publish","type":"page","link":"https:\/\/goldenclinic.es\/fr\/services\/co2-laser-gynecologique-marbella\/","title":{"rendered":"Laser Gyn\u00e9cologique CO2"},"content":{"rendered":"<div id=\"pl-6263\"  class=\"panel-layout\" ><div id=\"pg-6263-0\"  class=\"panel-grid panel-no-style\" ><div id=\"pgc-6263-0-0\"  class=\"panel-grid-cell\" ><div id=\"panel-6263-0-0-0\" class=\"so-panel widget widget_sow-editor panel-first-child panel-last-child\" data-index=\"0\" ><div\n\t\t\t\n\t\t\tclass=\"so-widget-sow-editor so-widget-sow-editor-base\"\n\t\t\t\n\t\t>\n<div class=\"siteorigin-widget-tinymce textwidget\">\n\t<p>Le traitement <strong>non invasif<\/strong>, indolore et sans g\u00eane de fr\u00e9quents probl\u00e8mes de sant\u00e9 vulvovaginal comme les pertes d\u2019urine, g\u00eanes ou relations insatisfaisantes, s\u00e9cheresse, atrophie ou infections r\u00e9currentes.<\/p>\n<p>R\u00e9sum\u00e9 des affections traitables au Laser<\/p>\n<ul>\n<li>Incotinence urinaire<\/li>\n<li>Rel\u00e2chement vaginal-relations sexuelles insatisfaisantes<\/li>\n<li>Atrophie vaginal-s\u00e9cheresse-douleur durant les relations sexuelles<\/li>\n<li>Infections vaginales-Mycose-Papilloma virus<\/li>\n<li>Verrues genitaux<\/li>\n<li>Morphologie vulvaire ou vaginal alt\u00e9r\u00e9e<\/li>\n<li>Pigmentation vulvaire modifi\u00e9e<\/li>\n<\/ul>\n<p>La technique demande une faible pr\u00e9paration (gel an\u00e9stesique vaginal 30 minutes avant la proc\u00e9dure) et consiste dans l\u2019introduction d\u2019un dispositif adaptable (intra vaginal ou vulvaire) qui \u00e9met une radiation laser sur la zone \u00e0 traiter, un stimulus qui d\u00e9clenche une s\u00e9rie de r\u00e9actions, comme la r\u00e9g\u00e9n\u00e9ration du collag\u00e8ne, qui comprendre un effet Lifting, la revitalisation et le rajeunissement du tissu trait\u00e9.<\/p>\n<p>G\u00e9n\u00e9ralement, r\u00e9alis\u00e9 en 2 ou 4 sessions (en moyenne 3 sessions) avec des effets graduelles d\u00e8s la premi\u00e8re session<\/p>\n<\/div>\n<\/div><\/div><\/div><div id=\"pgc-6263-0-1\"  class=\"panel-grid-cell\" ><div id=\"panel-6263-0-1-0\" class=\"so-panel widget widget_media_image panel-first-child panel-last-child\" data-index=\"1\" ><img loading=\"lazy\" decoding=\"async\" width=\"300\" height=\"200\" src=\"https:\/\/goldenclinic.es\/fr\/wp-content\/uploads\/sites\/9\/2018\/04\/servicios-laser-co2-300x200.jpg\" class=\"image wp-image-8035  attachment-medium size-medium\" alt=\"\" style=\"max-width: 100%; height: auto;\" srcset=\"https:\/\/goldenclinic.es\/fr\/wp-content\/uploads\/sites\/9\/2018\/04\/servicios-laser-co2-300x200.jpg 300w, https:\/\/goldenclinic.es\/fr\/wp-content\/uploads\/sites\/9\/2018\/04\/servicios-laser-co2-768x512.jpg 768w, https:\/\/goldenclinic.es\/fr\/wp-content\/uploads\/sites\/9\/2018\/04\/servicios-laser-co2-360x240.jpg 360w, https:\/\/goldenclinic.es\/fr\/wp-content\/uploads\/sites\/9\/2018\/04\/servicios-laser-co2-600x400.jpg 600w, https:\/\/goldenclinic.es\/fr\/wp-content\/uploads\/sites\/9\/2018\/04\/servicios-laser-co2-272x182.jpg 272w, https:\/\/goldenclinic.es\/fr\/wp-content\/uploads\/sites\/9\/2018\/04\/servicios-laser-co2.jpg 850w\" sizes=\"auto, (max-width: 300px) 100vw, 300px\" \/><\/div><\/div><\/div><\/div>","protected":false},"excerpt":{"rendered":"<p>Le traitement non invasif, indolore et sans g\u00eane de fr\u00e9quents probl\u00e8mes de sant\u00e9 vulvovaginal<\/p>\n","protected":false},"author":1,"featured_media":8035,"parent":110,"menu_order":0,"comment_status":"closed","ping_status":"closed","template":"","meta":{"footnotes":""},"class_list":["post-6263","page","type-page","status-publish","has-post-thumbnail","hentry"],"yoast_head":"<!-- This site is optimized with the Yoast SEO plugin v26.2 - https:\/\/yoast.com\/wordpress\/plugins\/seo\/ -->\n<title>Laser Gyn\u00e9cologique CO2 - Golden Clinic - Fran\u00e7ais<\/title>\n<meta name=\"robots\" content=\"index, follow, max-snippet:-1, max-image-preview:large, max-video-preview:-1\" \/>\n<link rel=\"canonical\" href=\"https:\/\/goldenclinic.es\/fr\/services\/co2-laser-gynecologique-marbella\/\" \/>\n<meta property=\"og:locale\" content=\"fr_FR\" \/>\n<meta property=\"og:type\" content=\"article\" \/>\n<meta property=\"og:title\" content=\"Laser Gyn\u00e9cologique CO2 - Golden Clinic - Fran\u00e7ais\" \/>\n<meta property=\"og:description\" content=\"Le traitement non invasif, indolore et sans g\u00eane de fr\u00e9quents probl\u00e8mes de sant\u00e9 vulvovaginal\" \/>\n<meta property=\"og:url\" content=\"https:\/\/goldenclinic.es\/fr\/services\/co2-laser-gynecologique-marbella\/\" \/>\n<meta property=\"og:site_name\" content=\"Golden Clinic - Fran\u00e7ais\" \/>\n<meta property=\"article:modified_time\" content=\"2018-04-18T16:19:03+00:00\" \/>\n<meta property=\"og:image\" content=\"https:\/\/goldenclinic.es\/fr\/wp-content\/uploads\/sites\/9\/2018\/04\/servicios-laser-co2.jpg\" \/>\n\t<meta property=\"og:image:width\" content=\"850\" \/>\n\t<meta property=\"og:image:height\" content=\"567\" \/>\n\t<meta property=\"og:image:type\" content=\"image\/jpeg\" \/>\n<meta name=\"twitter:card\" content=\"summary_large_image\" \/>\n<meta name=\"twitter:label1\" content=\"Dur\u00e9e de lecture estim\u00e9e\" \/>\n\t<meta name=\"twitter:data1\" content=\"1 minute\" \/>\n<script type=\"application\/ld+json\" class=\"yoast-schema-graph\">{\"@context\":\"https:\/\/schema.org\",\"@graph\":[{\"@type\":\"WebPage\",\"@id\":\"https:\/\/goldenclinic.es\/fr\/services\/co2-laser-gynecologique-marbella\/\",\"url\":\"https:\/\/goldenclinic.es\/fr\/services\/co2-laser-gynecologique-marbella\/\",\"name\":\"Laser Gyn\u00e9cologique CO2 - Golden Clinic - Fran\u00e7ais\",\"isPartOf\":{\"@id\":\"https:\/\/goldenclinic.es\/fr\/#website\"},\"primaryImageOfPage\":{\"@id\":\"https:\/\/goldenclinic.es\/fr\/services\/co2-laser-gynecologique-marbella\/#primaryimage\"},\"image\":{\"@id\":\"https:\/\/goldenclinic.es\/fr\/services\/co2-laser-gynecologique-marbella\/#primaryimage\"},\"thumbnailUrl\":\"https:\/\/goldenclinic.es\/fr\/wp-content\/uploads\/sites\/9\/2018\/04\/servicios-laser-co2.jpg\",\"datePublished\":\"2015-12-21T19:42:19+00:00\",\"dateModified\":\"2018-04-18T16:19:03+00:00\",\"breadcrumb\":{\"@id\":\"https:\/\/goldenclinic.es\/fr\/services\/co2-laser-gynecologique-marbella\/#breadcrumb\"},\"inLanguage\":\"fr-FR\",\"potentialAction\":[{\"@type\":\"ReadAction\",\"target\":[\"https:\/\/goldenclinic.es\/fr\/services\/co2-laser-gynecologique-marbella\/\"]}]},{\"@type\":\"ImageObject\",\"inLanguage\":\"fr-FR\",\"@id\":\"https:\/\/goldenclinic.es\/fr\/services\/co2-laser-gynecologique-marbella\/#primaryimage\",\"url\":\"https:\/\/goldenclinic.es\/fr\/wp-content\/uploads\/sites\/9\/2018\/04\/servicios-laser-co2.jpg\",\"contentUrl\":\"https:\/\/goldenclinic.es\/fr\/wp-content\/uploads\/sites\/9\/2018\/04\/servicios-laser-co2.jpg\",\"width\":850,\"height\":567},{\"@type\":\"BreadcrumbList\",\"@id\":\"https:\/\/goldenclinic.es\/fr\/services\/co2-laser-gynecologique-marbella\/#breadcrumb\",\"itemListElement\":[{\"@type\":\"ListItem\",\"position\":1,\"name\":\"Portada\",\"item\":\"https:\/\/goldenclinic.es\/fr\/\"},{\"@type\":\"ListItem\",\"position\":2,\"name\":\"Services\",\"item\":\"https:\/\/goldenclinic.es\/fr\/services\/\"},{\"@type\":\"ListItem\",\"position\":3,\"name\":\"Laser Gyn\u00e9cologique CO2\"}]},{\"@type\":\"WebSite\",\"@id\":\"https:\/\/goldenclinic.es\/fr\/#website\",\"url\":\"https:\/\/goldenclinic.es\/fr\/\",\"name\":\"Golden Clinic - Fran\u00e7ais\",\"description\":\"Marbella Ginecolog\u00eda y Obstreticia\",\"potentialAction\":[{\"@type\":\"SearchAction\",\"target\":{\"@type\":\"EntryPoint\",\"urlTemplate\":\"https:\/\/goldenclinic.es\/fr\/?s={search_term_string}\"},\"query-input\":{\"@type\":\"PropertyValueSpecification\",\"valueRequired\":true,\"valueName\":\"search_term_string\"}}],\"inLanguage\":\"fr-FR\"}]}<\/script>\n<!-- \/ Yoast SEO plugin. -->","yoast_head_json":{"title":"Laser Gyn\u00e9cologique CO2 - Golden Clinic - Fran\u00e7ais","robots":{"index":"index","follow":"follow","max-snippet":"max-snippet:-1","max-image-preview":"max-image-preview:large","max-video-preview":"max-video-preview:-1"},"canonical":"https:\/\/goldenclinic.es\/fr\/services\/co2-laser-gynecologique-marbella\/","og_locale":"fr_FR","og_type":"article","og_title":"Laser Gyn\u00e9cologique CO2 - Golden Clinic - Fran\u00e7ais","og_description":"Le traitement non invasif, indolore et sans g\u00eane de fr\u00e9quents probl\u00e8mes de sant\u00e9 vulvovaginal","og_url":"https:\/\/goldenclinic.es\/fr\/services\/co2-laser-gynecologique-marbella\/","og_site_name":"Golden Clinic - Fran\u00e7ais","article_modified_time":"2018-04-18T16:19:03+00:00","og_image":[{"width":850,"height":567,"url":"https:\/\/goldenclinic.es\/fr\/wp-content\/uploads\/sites\/9\/2018\/04\/servicios-laser-co2.jpg","type":"image\/jpeg"}],"twitter_card":"summary_large_image","twitter_misc":{"Dur\u00e9e de lecture estim\u00e9e":"1 minute"},"schema":{"@context":"https:\/\/schema.org","@graph":[{"@type":"WebPage","@id":"https:\/\/goldenclinic.es\/fr\/services\/co2-laser-gynecologique-marbella\/","url":"https:\/\/goldenclinic.es\/fr\/services\/co2-laser-gynecologique-marbella\/","name":"Laser Gyn\u00e9cologique CO2 - Golden Clinic - Fran\u00e7ais","isPartOf":{"@id":"https:\/\/goldenclinic.es\/fr\/#website"},"primaryImageOfPage":{"@id":"https:\/\/goldenclinic.es\/fr\/services\/co2-laser-gynecologique-marbella\/#primaryimage"},"image":{"@id":"https:\/\/goldenclinic.es\/fr\/services\/co2-laser-gynecologique-marbella\/#primaryimage"},"thumbnailUrl":"https:\/\/goldenclinic.es\/fr\/wp-content\/uploads\/sites\/9\/2018\/04\/servicios-laser-co2.jpg","datePublished":"2015-12-21T19:42:19+00:00","dateModified":"2018-04-18T16:19:03+00:00","breadcrumb":{"@id":"https:\/\/goldenclinic.es\/fr\/services\/co2-laser-gynecologique-marbella\/#breadcrumb"},"inLanguage":"fr-FR","potentialAction":[{"@type":"ReadAction","target":["https:\/\/goldenclinic.es\/fr\/services\/co2-laser-gynecologique-marbella\/"]}]},{"@type":"ImageObject","inLanguage":"fr-FR","@id":"https:\/\/goldenclinic.es\/fr\/services\/co2-laser-gynecologique-marbella\/#primaryimage","url":"https:\/\/goldenclinic.es\/fr\/wp-content\/uploads\/sites\/9\/2018\/04\/servicios-laser-co2.jpg","contentUrl":"https:\/\/goldenclinic.es\/fr\/wp-content\/uploads\/sites\/9\/2018\/04\/servicios-laser-co2.jpg","width":850,"height":567},{"@type":"BreadcrumbList","@id":"https:\/\/goldenclinic.es\/fr\/services\/co2-laser-gynecologique-marbella\/#breadcrumb","itemListElement":[{"@type":"ListItem","position":1,"name":"Portada","item":"https:\/\/goldenclinic.es\/fr\/"},{"@type":"ListItem","position":2,"name":"Services","item":"https:\/\/goldenclinic.es\/fr\/services\/"},{"@type":"ListItem","position":3,"name":"Laser Gyn\u00e9cologique CO2"}]},{"@type":"WebSite","@id":"https:\/\/goldenclinic.es\/fr\/#website","url":"https:\/\/goldenclinic.es\/fr\/","name":"Golden Clinic - Fran\u00e7ais","description":"Marbella Ginecolog\u00eda y Obstreticia","potentialAction":[{"@type":"SearchAction","target":{"@type":"EntryPoint","urlTemplate":"https:\/\/goldenclinic.es\/fr\/?s={search_term_string}"},"query-input":{"@type":"PropertyValueSpecification","valueRequired":true,"valueName":"search_term_string"}}],"inLanguage":"fr-FR"}]}},"_links":{"self":[{"href":"https:\/\/goldenclinic.es\/fr\/wp-json\/wp\/v2\/pages\/6263","targetHints":{"allow":["GET"]}}],"collection":[{"href":"https:\/\/goldenclinic.es\/fr\/wp-json\/wp\/v2\/pages"}],"about":[{"href":"https:\/\/goldenclinic.es\/fr\/wp-json\/wp\/v2\/types\/page"}],"author":[{"embeddable":true,"href":"https:\/\/goldenclinic.es\/fr\/wp-json\/wp\/v2\/users\/1"}],"replies":[{"embeddable":true,"href":"https:\/\/goldenclinic.es\/fr\/wp-json\/wp\/v2\/comments?post=6263"}],"version-history":[{"count":38,"href":"https:\/\/goldenclinic.es\/fr\/wp-json\/wp\/v2\/pages\/6263\/revisions"}],"predecessor-version":[{"id":8169,"href":"https:\/\/goldenclinic.es\/fr\/wp-json\/wp\/v2\/pages\/6263\/revisions\/8169"}],"up":[{"embeddable":true,"href":"https:\/\/goldenclinic.es\/fr\/wp-json\/wp\/v2\/pages\/110"}],"wp:featuredmedia":[{"embeddable":true,"href":"https:\/\/goldenclinic.es\/fr\/wp-json\/wp\/v2\/media\/8035"}],"wp:attachment":[{"href":"https:\/\/goldenclinic.es\/fr\/wp-json\/wp\/v2\/media?parent=6263"}],"curies":[{"name":"wp","href":"https:\/\/api.w.org\/{rel}","templated":true}]}}