{"id":6393,"date":"2015-12-28T20:03:55","date_gmt":"2015-12-28T20:03:55","guid":{"rendered":"http:\/\/export-xml.qreativethemes.com\/physio\/?page_id=6393"},"modified":"2018-04-18T16:30:58","modified_gmt":"2018-04-18T16:30:58","slug":"sexualite-reproduction-marbella","status":"publish","type":"page","link":"https:\/\/goldenclinic.es\/fr\/services\/sexualite-reproduction-marbella\/","title":{"rendered":"Sexualit\u00e9-Reproduction"},"content":{"rendered":"<div id=\"pl-6393\"  class=\"panel-layout\" ><div id=\"pg-6393-0\"  class=\"panel-grid panel-no-style\" ><div id=\"pgc-6393-0-0\"  class=\"panel-grid-cell\" ><div id=\"panel-6393-0-0-0\" class=\"so-panel widget widget_media_image panel-first-child panel-last-child\" data-index=\"0\" ><img loading=\"lazy\" decoding=\"async\" width=\"1024\" height=\"682\" src=\"https:\/\/goldenclinic.es\/fr\/wp-content\/uploads\/sites\/9\/2018\/02\/young-woman-1745173_1280-1024x682.jpg\" class=\"image wp-image-7622  attachment-large size-large\" alt=\"\" style=\"max-width: 100%; height: auto;\" srcset=\"https:\/\/goldenclinic.es\/fr\/wp-content\/uploads\/sites\/9\/2018\/02\/young-woman-1745173_1280-1024x682.jpg 1024w, https:\/\/goldenclinic.es\/fr\/wp-content\/uploads\/sites\/9\/2018\/02\/young-woman-1745173_1280-300x200.jpg 300w, https:\/\/goldenclinic.es\/fr\/wp-content\/uploads\/sites\/9\/2018\/02\/young-woman-1745173_1280-768x512.jpg 768w, https:\/\/goldenclinic.es\/fr\/wp-content\/uploads\/sites\/9\/2018\/02\/young-woman-1745173_1280-360x240.jpg 360w, https:\/\/goldenclinic.es\/fr\/wp-content\/uploads\/sites\/9\/2018\/02\/young-woman-1745173_1280-850x567.jpg 850w, https:\/\/goldenclinic.es\/fr\/wp-content\/uploads\/sites\/9\/2018\/02\/young-woman-1745173_1280-600x400.jpg 600w, https:\/\/goldenclinic.es\/fr\/wp-content\/uploads\/sites\/9\/2018\/02\/young-woman-1745173_1280-272x182.jpg 272w, https:\/\/goldenclinic.es\/fr\/wp-content\/uploads\/sites\/9\/2018\/02\/young-woman-1745173_1280.jpg 1280w\" sizes=\"auto, (max-width: 1024px) 100vw, 1024px\" \/><\/div><\/div><div id=\"pgc-6393-0-1\"  class=\"panel-grid-cell\" ><div id=\"panel-6393-0-1-0\" class=\"so-panel widget widget_sow-editor panel-first-child panel-last-child\" data-index=\"1\" ><div\n\t\t\t\n\t\t\tclass=\"so-widget-sow-editor so-widget-sow-editor-base\"\n\t\t\t\n\t\t>\n<div class=\"siteorigin-widget-tinymce textwidget\">\n\t<p>Diagnostic et traitement des probl\u00e8mes li\u00e9s aux relations sexuelles et \u00e0 la fertilit\u00e9 qui peuvent \u00eatre corrig\u00e9s en am\u00e9liorant la qualit\u00e9 de vie des personnes touch\u00e9es.<\/p>\n<ul>\n<li>St\u00e9rilit\u00e9 et infertilit\u00e9<\/li>\n<li>Anorgasmie<\/li>\n<li>Dyspareunie<\/li>\n<li>Atrophie vaginale<\/li>\n<li>Hyper rel\u00e2chement vaginale<\/li>\n<li>Diminution du d\u00e9sir sexuel<\/li>\n<\/ul>\n<\/div>\n<\/div><\/div><\/div><\/div><\/div>","protected":false},"excerpt":{"rendered":"<p>Diagnostic et traitement des probl\u00e8mes li\u00e9s aux relations sexuelles et \u00e0 la fertilit\u00e9<\/p>\n","protected":false},"author":1,"featured_media":7602,"parent":110,"menu_order":0,"comment_status":"closed","ping_status":"closed","template":"","meta":{"footnotes":""},"class_list":["post-6393","page","type-page","status-publish","has-post-thumbnail","hentry"],"yoast_head":"<!-- This site is optimized with the Yoast SEO plugin v26.2 - https:\/\/yoast.com\/wordpress\/plugins\/seo\/ -->\n<title>Sexualit\u00e9-Reproduction - Golden Clinic - Fran\u00e7ais<\/title>\n<meta name=\"robots\" content=\"index, follow, max-snippet:-1, max-image-preview:large, max-video-preview:-1\" \/>\n<link rel=\"canonical\" href=\"https:\/\/goldenclinic.es\/fr\/services\/sexualite-reproduction-marbella\/\" \/>\n<meta property=\"og:locale\" content=\"fr_FR\" \/>\n<meta property=\"og:type\" content=\"article\" \/>\n<meta property=\"og:title\" content=\"Sexualit\u00e9-Reproduction - Golden Clinic - Fran\u00e7ais\" \/>\n<meta property=\"og:description\" content=\"Diagnostic et traitement des probl\u00e8mes li\u00e9s aux relations sexuelles et \u00e0 la fertilit\u00e9\" \/>\n<meta property=\"og:url\" content=\"https:\/\/goldenclinic.es\/fr\/services\/sexualite-reproduction-marbella\/\" \/>\n<meta property=\"og:site_name\" content=\"Golden Clinic - Fran\u00e7ais\" \/>\n<meta property=\"article:modified_time\" content=\"2018-04-18T16:30:58+00:00\" \/>\n<meta property=\"og:image\" content=\"https:\/\/goldenclinic.es\/fr\/wp-content\/uploads\/sites\/9\/2018\/02\/pregnancy-775041_1280.jpg\" \/>\n\t<meta property=\"og:image:width\" content=\"1280\" \/>\n\t<meta property=\"og:image:height\" content=\"850\" \/>\n\t<meta property=\"og:image:type\" content=\"image\/jpeg\" \/>\n<meta name=\"twitter:card\" content=\"summary_large_image\" \/>\n<script type=\"application\/ld+json\" class=\"yoast-schema-graph\">{\"@context\":\"https:\/\/schema.org\",\"@graph\":[{\"@type\":\"WebPage\",\"@id\":\"https:\/\/goldenclinic.es\/fr\/services\/sexualite-reproduction-marbella\/\",\"url\":\"https:\/\/goldenclinic.es\/fr\/services\/sexualite-reproduction-marbella\/\",\"name\":\"Sexualit\u00e9-Reproduction - Golden Clinic - Fran\u00e7ais\",\"isPartOf\":{\"@id\":\"https:\/\/goldenclinic.es\/fr\/#website\"},\"primaryImageOfPage\":{\"@id\":\"https:\/\/goldenclinic.es\/fr\/services\/sexualite-reproduction-marbella\/#primaryimage\"},\"image\":{\"@id\":\"https:\/\/goldenclinic.es\/fr\/services\/sexualite-reproduction-marbella\/#primaryimage\"},\"thumbnailUrl\":\"https:\/\/goldenclinic.es\/fr\/wp-content\/uploads\/sites\/9\/2018\/02\/pregnancy-775041_1280.jpg\",\"datePublished\":\"2015-12-28T20:03:55+00:00\",\"dateModified\":\"2018-04-18T16:30:58+00:00\",\"breadcrumb\":{\"@id\":\"https:\/\/goldenclinic.es\/fr\/services\/sexualite-reproduction-marbella\/#breadcrumb\"},\"inLanguage\":\"fr-FR\",\"potentialAction\":[{\"@type\":\"ReadAction\",\"target\":[\"https:\/\/goldenclinic.es\/fr\/services\/sexualite-reproduction-marbella\/\"]}]},{\"@type\":\"ImageObject\",\"inLanguage\":\"fr-FR\",\"@id\":\"https:\/\/goldenclinic.es\/fr\/services\/sexualite-reproduction-marbella\/#primaryimage\",\"url\":\"https:\/\/goldenclinic.es\/fr\/wp-content\/uploads\/sites\/9\/2018\/02\/pregnancy-775041_1280.jpg\",\"contentUrl\":\"https:\/\/goldenclinic.es\/fr\/wp-content\/uploads\/sites\/9\/2018\/02\/pregnancy-775041_1280.jpg\",\"width\":1280,\"height\":850},{\"@type\":\"BreadcrumbList\",\"@id\":\"https:\/\/goldenclinic.es\/fr\/services\/sexualite-reproduction-marbella\/#breadcrumb\",\"itemListElement\":[{\"@type\":\"ListItem\",\"position\":1,\"name\":\"Portada\",\"item\":\"https:\/\/goldenclinic.es\/fr\/\"},{\"@type\":\"ListItem\",\"position\":2,\"name\":\"Services\",\"item\":\"https:\/\/goldenclinic.es\/fr\/services\/\"},{\"@type\":\"ListItem\",\"position\":3,\"name\":\"Sexualit\u00e9-Reproduction\"}]},{\"@type\":\"WebSite\",\"@id\":\"https:\/\/goldenclinic.es\/fr\/#website\",\"url\":\"https:\/\/goldenclinic.es\/fr\/\",\"name\":\"Golden Clinic - Fran\u00e7ais\",\"description\":\"Marbella Ginecolog\u00eda y Obstreticia\",\"potentialAction\":[{\"@type\":\"SearchAction\",\"target\":{\"@type\":\"EntryPoint\",\"urlTemplate\":\"https:\/\/goldenclinic.es\/fr\/?s={search_term_string}\"},\"query-input\":{\"@type\":\"PropertyValueSpecification\",\"valueRequired\":true,\"valueName\":\"search_term_string\"}}],\"inLanguage\":\"fr-FR\"}]}<\/script>\n<!-- \/ Yoast SEO plugin. -->","yoast_head_json":{"title":"Sexualit\u00e9-Reproduction - Golden Clinic - Fran\u00e7ais","robots":{"index":"index","follow":"follow","max-snippet":"max-snippet:-1","max-image-preview":"max-image-preview:large","max-video-preview":"max-video-preview:-1"},"canonical":"https:\/\/goldenclinic.es\/fr\/services\/sexualite-reproduction-marbella\/","og_locale":"fr_FR","og_type":"article","og_title":"Sexualit\u00e9-Reproduction - Golden Clinic - Fran\u00e7ais","og_description":"Diagnostic et traitement des probl\u00e8mes li\u00e9s aux relations sexuelles et \u00e0 la fertilit\u00e9","og_url":"https:\/\/goldenclinic.es\/fr\/services\/sexualite-reproduction-marbella\/","og_site_name":"Golden Clinic - Fran\u00e7ais","article_modified_time":"2018-04-18T16:30:58+00:00","og_image":[{"width":1280,"height":850,"url":"https:\/\/goldenclinic.es\/fr\/wp-content\/uploads\/sites\/9\/2018\/02\/pregnancy-775041_1280.jpg","type":"image\/jpeg"}],"twitter_card":"summary_large_image","schema":{"@context":"https:\/\/schema.org","@graph":[{"@type":"WebPage","@id":"https:\/\/goldenclinic.es\/fr\/services\/sexualite-reproduction-marbella\/","url":"https:\/\/goldenclinic.es\/fr\/services\/sexualite-reproduction-marbella\/","name":"Sexualit\u00e9-Reproduction - Golden Clinic - Fran\u00e7ais","isPartOf":{"@id":"https:\/\/goldenclinic.es\/fr\/#website"},"primaryImageOfPage":{"@id":"https:\/\/goldenclinic.es\/fr\/services\/sexualite-reproduction-marbella\/#primaryimage"},"image":{"@id":"https:\/\/goldenclinic.es\/fr\/services\/sexualite-reproduction-marbella\/#primaryimage"},"thumbnailUrl":"https:\/\/goldenclinic.es\/fr\/wp-content\/uploads\/sites\/9\/2018\/02\/pregnancy-775041_1280.jpg","datePublished":"2015-12-28T20:03:55+00:00","dateModified":"2018-04-18T16:30:58+00:00","breadcrumb":{"@id":"https:\/\/goldenclinic.es\/fr\/services\/sexualite-reproduction-marbella\/#breadcrumb"},"inLanguage":"fr-FR","potentialAction":[{"@type":"ReadAction","target":["https:\/\/goldenclinic.es\/fr\/services\/sexualite-reproduction-marbella\/"]}]},{"@type":"ImageObject","inLanguage":"fr-FR","@id":"https:\/\/goldenclinic.es\/fr\/services\/sexualite-reproduction-marbella\/#primaryimage","url":"https:\/\/goldenclinic.es\/fr\/wp-content\/uploads\/sites\/9\/2018\/02\/pregnancy-775041_1280.jpg","contentUrl":"https:\/\/goldenclinic.es\/fr\/wp-content\/uploads\/sites\/9\/2018\/02\/pregnancy-775041_1280.jpg","width":1280,"height":850},{"@type":"BreadcrumbList","@id":"https:\/\/goldenclinic.es\/fr\/services\/sexualite-reproduction-marbella\/#breadcrumb","itemListElement":[{"@type":"ListItem","position":1,"name":"Portada","item":"https:\/\/goldenclinic.es\/fr\/"},{"@type":"ListItem","position":2,"name":"Services","item":"https:\/\/goldenclinic.es\/fr\/services\/"},{"@type":"ListItem","position":3,"name":"Sexualit\u00e9-Reproduction"}]},{"@type":"WebSite","@id":"https:\/\/goldenclinic.es\/fr\/#website","url":"https:\/\/goldenclinic.es\/fr\/","name":"Golden Clinic - Fran\u00e7ais","description":"Marbella Ginecolog\u00eda y Obstreticia","potentialAction":[{"@type":"SearchAction","target":{"@type":"EntryPoint","urlTemplate":"https:\/\/goldenclinic.es\/fr\/?s={search_term_string}"},"query-input":{"@type":"PropertyValueSpecification","valueRequired":true,"valueName":"search_term_string"}}],"inLanguage":"fr-FR"}]}},"_links":{"self":[{"href":"https:\/\/goldenclinic.es\/fr\/wp-json\/wp\/v2\/pages\/6393","targetHints":{"allow":["GET"]}}],"collection":[{"href":"https:\/\/goldenclinic.es\/fr\/wp-json\/wp\/v2\/pages"}],"about":[{"href":"https:\/\/goldenclinic.es\/fr\/wp-json\/wp\/v2\/types\/page"}],"author":[{"embeddable":true,"href":"https:\/\/goldenclinic.es\/fr\/wp-json\/wp\/v2\/users\/1"}],"replies":[{"embeddable":true,"href":"https:\/\/goldenclinic.es\/fr\/wp-json\/wp\/v2\/comments?post=6393"}],"version-history":[{"count":28,"href":"https:\/\/goldenclinic.es\/fr\/wp-json\/wp\/v2\/pages\/6393\/revisions"}],"predecessor-version":[{"id":8179,"href":"https:\/\/goldenclinic.es\/fr\/wp-json\/wp\/v2\/pages\/6393\/revisions\/8179"}],"up":[{"embeddable":true,"href":"https:\/\/goldenclinic.es\/fr\/wp-json\/wp\/v2\/pages\/110"}],"wp:featuredmedia":[{"embeddable":true,"href":"https:\/\/goldenclinic.es\/fr\/wp-json\/wp\/v2\/media\/7602"}],"wp:attachment":[{"href":"https:\/\/goldenclinic.es\/fr\/wp-json\/wp\/v2\/media?parent=6393"}],"curies":[{"name":"wp","href":"https:\/\/api.w.org\/{rel}","templated":true}]}}