{"id":6395,"date":"2015-12-28T20:04:07","date_gmt":"2015-12-28T20:04:07","guid":{"rendered":"http:\/\/export-xml.qreativethemes.com\/physio\/?page_id=6395"},"modified":"2018-04-18T16:24:22","modified_gmt":"2018-04-18T16:24:22","slug":"grossese-marbella","status":"publish","type":"page","link":"https:\/\/goldenclinic.es\/fr\/services\/grossese-marbella\/","title":{"rendered":"Grossese"},"content":{"rendered":"<div id=\"pl-6395\"  class=\"panel-layout\" ><div id=\"pg-6395-0\"  class=\"panel-grid panel-no-style\" ><div id=\"pgc-6395-0-0\"  class=\"panel-grid-cell\" ><div id=\"panel-6395-0-0-0\" class=\"so-panel widget widget_media_image panel-first-child\" data-index=\"0\" ><img loading=\"lazy\" decoding=\"async\" width=\"300\" height=\"200\" src=\"https:\/\/goldenclinic.es\/fr\/wp-content\/uploads\/sites\/9\/2018\/04\/servicios-control-embarazo-300x200.jpg\" class=\"image wp-image-8031  attachment-medium size-medium\" alt=\"\" style=\"max-width: 100%; height: auto;\" srcset=\"https:\/\/goldenclinic.es\/fr\/wp-content\/uploads\/sites\/9\/2018\/04\/servicios-control-embarazo-300x200.jpg 300w, https:\/\/goldenclinic.es\/fr\/wp-content\/uploads\/sites\/9\/2018\/04\/servicios-control-embarazo-768x512.jpg 768w, https:\/\/goldenclinic.es\/fr\/wp-content\/uploads\/sites\/9\/2018\/04\/servicios-control-embarazo-360x240.jpg 360w, https:\/\/goldenclinic.es\/fr\/wp-content\/uploads\/sites\/9\/2018\/04\/servicios-control-embarazo-600x400.jpg 600w, https:\/\/goldenclinic.es\/fr\/wp-content\/uploads\/sites\/9\/2018\/04\/servicios-control-embarazo-272x182.jpg 272w, https:\/\/goldenclinic.es\/fr\/wp-content\/uploads\/sites\/9\/2018\/04\/servicios-control-embarazo.jpg 850w\" sizes=\"auto, (max-width: 300px) 100vw, 300px\" \/><\/div><div id=\"panel-6395-0-0-1\" class=\"so-panel widget widget_media_image panel-last-child\" data-index=\"1\" ><img loading=\"lazy\" decoding=\"async\" width=\"300\" height=\"200\" src=\"https:\/\/goldenclinic.es\/fr\/wp-content\/uploads\/sites\/9\/2018\/04\/servicios-medicina-fetal-300x200.jpg\" class=\"image wp-image-8046  attachment-medium size-medium\" alt=\"\" style=\"max-width: 100%; height: auto;\" srcset=\"https:\/\/goldenclinic.es\/fr\/wp-content\/uploads\/sites\/9\/2018\/04\/servicios-medicina-fetal-300x200.jpg 300w, https:\/\/goldenclinic.es\/fr\/wp-content\/uploads\/sites\/9\/2018\/04\/servicios-medicina-fetal-768x512.jpg 768w, https:\/\/goldenclinic.es\/fr\/wp-content\/uploads\/sites\/9\/2018\/04\/servicios-medicina-fetal-360x240.jpg 360w, https:\/\/goldenclinic.es\/fr\/wp-content\/uploads\/sites\/9\/2018\/04\/servicios-medicina-fetal-600x400.jpg 600w, https:\/\/goldenclinic.es\/fr\/wp-content\/uploads\/sites\/9\/2018\/04\/servicios-medicina-fetal-272x182.jpg 272w, https:\/\/goldenclinic.es\/fr\/wp-content\/uploads\/sites\/9\/2018\/04\/servicios-medicina-fetal.jpg 850w\" sizes=\"auto, (max-width: 300px) 100vw, 300px\" \/><\/div><\/div><div id=\"pgc-6395-0-1\"  class=\"panel-grid-cell\" ><div id=\"panel-6395-0-1-0\" class=\"so-panel widget widget_sow-editor panel-first-child panel-last-child\" data-index=\"2\" ><div\n\t\t\t\n\t\t\tclass=\"so-widget-sow-editor so-widget-sow-editor-base\"\n\t\t\t\n\t\t>\n<div class=\"siteorigin-widget-tinymce textwidget\">\n\t<p>Nous r\u00e9alisons le control et le suivi de la grossesse-p\u00e9riode puerp\u00e9rale gr\u00e2ce aux techniques de criblage et les diagnostics les plus avanc\u00e9es. Notre objectif est de pr\u00e9server le bon \u00e9tat de sant\u00e9 de ton b\u00e9b\u00e9.<\/p>\n<p>Les services que nous offrons sont:<\/p>\n<ul>\n<li>Control et suivi de la grossesse et la per\u00edode puerp\u00e9rale<\/li>\n<li>Criblage pr\u00e9natal<\/li>\n<li>Diagnostic pr\u00e9natal<\/li>\n<li>\u00c9chocardiographie f\u0153tal.<\/li>\n<li>\u00c9chographie de haute r\u00e9solution<\/li>\n<li>Doppler couleur<\/li>\n<li>\u00c9chographie en 4D<\/li>\n<\/ul>\n<p>\u00a0<\/p>\n<\/div>\n<\/div><\/div><\/div><\/div><\/div>","protected":false},"excerpt":{"rendered":"<p>Tous nos efforts sont destin\u00e9s \u00e0 vous faire sentir confiant et assur\u00e9 pendant votre exp\u00e9rience de maternit\u00e9<\/p>\n","protected":false},"author":1,"featured_media":8031,"parent":110,"menu_order":0,"comment_status":"closed","ping_status":"closed","template":"","meta":{"footnotes":""},"class_list":["post-6395","page","type-page","status-publish","has-post-thumbnail","hentry"],"yoast_head":"<!-- This site is optimized with the Yoast SEO plugin v26.2 - https:\/\/yoast.com\/wordpress\/plugins\/seo\/ -->\n<title>Grossese - Golden Clinic - Fran\u00e7ais<\/title>\n<meta name=\"robots\" content=\"index, follow, max-snippet:-1, max-image-preview:large, max-video-preview:-1\" \/>\n<link rel=\"canonical\" href=\"https:\/\/goldenclinic.es\/fr\/services\/grossese-marbella\/\" \/>\n<meta property=\"og:locale\" content=\"fr_FR\" \/>\n<meta property=\"og:type\" content=\"article\" \/>\n<meta property=\"og:title\" content=\"Grossese - Golden Clinic - Fran\u00e7ais\" \/>\n<meta property=\"og:description\" content=\"Tous nos efforts sont destin\u00e9s \u00e0 vous faire sentir confiant et assur\u00e9 pendant votre exp\u00e9rience de maternit\u00e9\" \/>\n<meta property=\"og:url\" content=\"https:\/\/goldenclinic.es\/fr\/services\/grossese-marbella\/\" \/>\n<meta property=\"og:site_name\" content=\"Golden Clinic - Fran\u00e7ais\" \/>\n<meta property=\"article:modified_time\" content=\"2018-04-18T16:24:22+00:00\" \/>\n<meta property=\"og:image\" content=\"https:\/\/goldenclinic.es\/fr\/wp-content\/uploads\/sites\/9\/2018\/04\/servicios-control-embarazo.jpg\" \/>\n\t<meta property=\"og:image:width\" content=\"850\" \/>\n\t<meta property=\"og:image:height\" content=\"567\" \/>\n\t<meta property=\"og:image:type\" content=\"image\/jpeg\" \/>\n<meta name=\"twitter:card\" content=\"summary_large_image\" \/>\n<script type=\"application\/ld+json\" class=\"yoast-schema-graph\">{\"@context\":\"https:\/\/schema.org\",\"@graph\":[{\"@type\":\"WebPage\",\"@id\":\"https:\/\/goldenclinic.es\/fr\/services\/grossese-marbella\/\",\"url\":\"https:\/\/goldenclinic.es\/fr\/services\/grossese-marbella\/\",\"name\":\"Grossese - Golden Clinic - Fran\u00e7ais\",\"isPartOf\":{\"@id\":\"https:\/\/goldenclinic.es\/fr\/#website\"},\"primaryImageOfPage\":{\"@id\":\"https:\/\/goldenclinic.es\/fr\/services\/grossese-marbella\/#primaryimage\"},\"image\":{\"@id\":\"https:\/\/goldenclinic.es\/fr\/services\/grossese-marbella\/#primaryimage\"},\"thumbnailUrl\":\"https:\/\/goldenclinic.es\/fr\/wp-content\/uploads\/sites\/9\/2018\/04\/servicios-control-embarazo.jpg\",\"datePublished\":\"2015-12-28T20:04:07+00:00\",\"dateModified\":\"2018-04-18T16:24:22+00:00\",\"breadcrumb\":{\"@id\":\"https:\/\/goldenclinic.es\/fr\/services\/grossese-marbella\/#breadcrumb\"},\"inLanguage\":\"fr-FR\",\"potentialAction\":[{\"@type\":\"ReadAction\",\"target\":[\"https:\/\/goldenclinic.es\/fr\/services\/grossese-marbella\/\"]}]},{\"@type\":\"ImageObject\",\"inLanguage\":\"fr-FR\",\"@id\":\"https:\/\/goldenclinic.es\/fr\/services\/grossese-marbella\/#primaryimage\",\"url\":\"https:\/\/goldenclinic.es\/fr\/wp-content\/uploads\/sites\/9\/2018\/04\/servicios-control-embarazo.jpg\",\"contentUrl\":\"https:\/\/goldenclinic.es\/fr\/wp-content\/uploads\/sites\/9\/2018\/04\/servicios-control-embarazo.jpg\",\"width\":850,\"height\":567},{\"@type\":\"BreadcrumbList\",\"@id\":\"https:\/\/goldenclinic.es\/fr\/services\/grossese-marbella\/#breadcrumb\",\"itemListElement\":[{\"@type\":\"ListItem\",\"position\":1,\"name\":\"Portada\",\"item\":\"https:\/\/goldenclinic.es\/fr\/\"},{\"@type\":\"ListItem\",\"position\":2,\"name\":\"Services\",\"item\":\"https:\/\/goldenclinic.es\/fr\/services\/\"},{\"@type\":\"ListItem\",\"position\":3,\"name\":\"Grossese\"}]},{\"@type\":\"WebSite\",\"@id\":\"https:\/\/goldenclinic.es\/fr\/#website\",\"url\":\"https:\/\/goldenclinic.es\/fr\/\",\"name\":\"Golden Clinic - Fran\u00e7ais\",\"description\":\"Marbella Ginecolog\u00eda y Obstreticia\",\"potentialAction\":[{\"@type\":\"SearchAction\",\"target\":{\"@type\":\"EntryPoint\",\"urlTemplate\":\"https:\/\/goldenclinic.es\/fr\/?s={search_term_string}\"},\"query-input\":{\"@type\":\"PropertyValueSpecification\",\"valueRequired\":true,\"valueName\":\"search_term_string\"}}],\"inLanguage\":\"fr-FR\"}]}<\/script>\n<!-- \/ Yoast SEO plugin. -->","yoast_head_json":{"title":"Grossese - Golden Clinic - Fran\u00e7ais","robots":{"index":"index","follow":"follow","max-snippet":"max-snippet:-1","max-image-preview":"max-image-preview:large","max-video-preview":"max-video-preview:-1"},"canonical":"https:\/\/goldenclinic.es\/fr\/services\/grossese-marbella\/","og_locale":"fr_FR","og_type":"article","og_title":"Grossese - Golden Clinic - Fran\u00e7ais","og_description":"Tous nos efforts sont destin\u00e9s \u00e0 vous faire sentir confiant et assur\u00e9 pendant votre exp\u00e9rience de maternit\u00e9","og_url":"https:\/\/goldenclinic.es\/fr\/services\/grossese-marbella\/","og_site_name":"Golden Clinic - Fran\u00e7ais","article_modified_time":"2018-04-18T16:24:22+00:00","og_image":[{"width":850,"height":567,"url":"https:\/\/goldenclinic.es\/fr\/wp-content\/uploads\/sites\/9\/2018\/04\/servicios-control-embarazo.jpg","type":"image\/jpeg"}],"twitter_card":"summary_large_image","schema":{"@context":"https:\/\/schema.org","@graph":[{"@type":"WebPage","@id":"https:\/\/goldenclinic.es\/fr\/services\/grossese-marbella\/","url":"https:\/\/goldenclinic.es\/fr\/services\/grossese-marbella\/","name":"Grossese - Golden Clinic - Fran\u00e7ais","isPartOf":{"@id":"https:\/\/goldenclinic.es\/fr\/#website"},"primaryImageOfPage":{"@id":"https:\/\/goldenclinic.es\/fr\/services\/grossese-marbella\/#primaryimage"},"image":{"@id":"https:\/\/goldenclinic.es\/fr\/services\/grossese-marbella\/#primaryimage"},"thumbnailUrl":"https:\/\/goldenclinic.es\/fr\/wp-content\/uploads\/sites\/9\/2018\/04\/servicios-control-embarazo.jpg","datePublished":"2015-12-28T20:04:07+00:00","dateModified":"2018-04-18T16:24:22+00:00","breadcrumb":{"@id":"https:\/\/goldenclinic.es\/fr\/services\/grossese-marbella\/#breadcrumb"},"inLanguage":"fr-FR","potentialAction":[{"@type":"ReadAction","target":["https:\/\/goldenclinic.es\/fr\/services\/grossese-marbella\/"]}]},{"@type":"ImageObject","inLanguage":"fr-FR","@id":"https:\/\/goldenclinic.es\/fr\/services\/grossese-marbella\/#primaryimage","url":"https:\/\/goldenclinic.es\/fr\/wp-content\/uploads\/sites\/9\/2018\/04\/servicios-control-embarazo.jpg","contentUrl":"https:\/\/goldenclinic.es\/fr\/wp-content\/uploads\/sites\/9\/2018\/04\/servicios-control-embarazo.jpg","width":850,"height":567},{"@type":"BreadcrumbList","@id":"https:\/\/goldenclinic.es\/fr\/services\/grossese-marbella\/#breadcrumb","itemListElement":[{"@type":"ListItem","position":1,"name":"Portada","item":"https:\/\/goldenclinic.es\/fr\/"},{"@type":"ListItem","position":2,"name":"Services","item":"https:\/\/goldenclinic.es\/fr\/services\/"},{"@type":"ListItem","position":3,"name":"Grossese"}]},{"@type":"WebSite","@id":"https:\/\/goldenclinic.es\/fr\/#website","url":"https:\/\/goldenclinic.es\/fr\/","name":"Golden Clinic - Fran\u00e7ais","description":"Marbella Ginecolog\u00eda y Obstreticia","potentialAction":[{"@type":"SearchAction","target":{"@type":"EntryPoint","urlTemplate":"https:\/\/goldenclinic.es\/fr\/?s={search_term_string}"},"query-input":{"@type":"PropertyValueSpecification","valueRequired":true,"valueName":"search_term_string"}}],"inLanguage":"fr-FR"}]}},"_links":{"self":[{"href":"https:\/\/goldenclinic.es\/fr\/wp-json\/wp\/v2\/pages\/6395","targetHints":{"allow":["GET"]}}],"collection":[{"href":"https:\/\/goldenclinic.es\/fr\/wp-json\/wp\/v2\/pages"}],"about":[{"href":"https:\/\/goldenclinic.es\/fr\/wp-json\/wp\/v2\/types\/page"}],"author":[{"embeddable":true,"href":"https:\/\/goldenclinic.es\/fr\/wp-json\/wp\/v2\/users\/1"}],"replies":[{"embeddable":true,"href":"https:\/\/goldenclinic.es\/fr\/wp-json\/wp\/v2\/comments?post=6395"}],"version-history":[{"count":48,"href":"https:\/\/goldenclinic.es\/fr\/wp-json\/wp\/v2\/pages\/6395\/revisions"}],"predecessor-version":[{"id":8173,"href":"https:\/\/goldenclinic.es\/fr\/wp-json\/wp\/v2\/pages\/6395\/revisions\/8173"}],"up":[{"embeddable":true,"href":"https:\/\/goldenclinic.es\/fr\/wp-json\/wp\/v2\/pages\/110"}],"wp:featuredmedia":[{"embeddable":true,"href":"https:\/\/goldenclinic.es\/fr\/wp-json\/wp\/v2\/media\/8031"}],"wp:attachment":[{"href":"https:\/\/goldenclinic.es\/fr\/wp-json\/wp\/v2\/media?parent=6395"}],"curies":[{"name":"wp","href":"https:\/\/api.w.org\/{rel}","templated":true}]}}