{"id":6397,"date":"2015-12-28T20:04:19","date_gmt":"2015-12-28T20:04:19","guid":{"rendered":"http:\/\/export-xml.qreativethemes.com\/physio\/?page_id=6397"},"modified":"2018-04-18T16:27:51","modified_gmt":"2018-04-18T16:27:51","slug":"gynecologique-cancer-prevention","status":"publish","type":"page","link":"https:\/\/goldenclinic.es\/fr\/services\/gynecologique-cancer-prevention\/","title":{"rendered":"Pr\u00e9vention du cancer gyn\u00e9cologique"},"content":{"rendered":"<div id=\"pl-6397\"  class=\"panel-layout\" ><div id=\"pg-6397-0\"  class=\"panel-grid panel-no-style\" ><div id=\"pgc-6397-0-0\"  class=\"panel-grid-cell\" ><div id=\"panel-6397-0-0-0\" class=\"so-panel widget widget_media_image panel-first-child\" data-index=\"0\" ><img loading=\"lazy\" decoding=\"async\" width=\"850\" height=\"567\" src=\"https:\/\/goldenclinic.es\/fr\/wp-content\/uploads\/sites\/9\/2018\/04\/servicios-prevencion-cancer.jpg\" class=\"image wp-image-8034  attachment-full size-full\" alt=\"\" style=\"max-width: 100%; height: auto;\" srcset=\"https:\/\/goldenclinic.es\/fr\/wp-content\/uploads\/sites\/9\/2018\/04\/servicios-prevencion-cancer.jpg 850w, https:\/\/goldenclinic.es\/fr\/wp-content\/uploads\/sites\/9\/2018\/04\/servicios-prevencion-cancer-300x200.jpg 300w, https:\/\/goldenclinic.es\/fr\/wp-content\/uploads\/sites\/9\/2018\/04\/servicios-prevencion-cancer-768x512.jpg 768w, https:\/\/goldenclinic.es\/fr\/wp-content\/uploads\/sites\/9\/2018\/04\/servicios-prevencion-cancer-360x240.jpg 360w, https:\/\/goldenclinic.es\/fr\/wp-content\/uploads\/sites\/9\/2018\/04\/servicios-prevencion-cancer-600x400.jpg 600w, https:\/\/goldenclinic.es\/fr\/wp-content\/uploads\/sites\/9\/2018\/04\/servicios-prevencion-cancer-272x182.jpg 272w\" sizes=\"auto, (max-width: 850px) 100vw, 850px\" \/><\/div><div id=\"panel-6397-0-0-1\" class=\"so-panel widget widget_media_image panel-last-child\" data-index=\"1\" ><img loading=\"lazy\" decoding=\"async\" width=\"850\" height=\"567\" src=\"https:\/\/goldenclinic.es\/fr\/wp-content\/uploads\/sites\/9\/2018\/04\/servicios-tecnologia-avanzada.jpg\" class=\"image wp-image-8033  attachment-full size-full\" alt=\"\" style=\"max-width: 100%; height: auto;\" srcset=\"https:\/\/goldenclinic.es\/fr\/wp-content\/uploads\/sites\/9\/2018\/04\/servicios-tecnologia-avanzada.jpg 850w, https:\/\/goldenclinic.es\/fr\/wp-content\/uploads\/sites\/9\/2018\/04\/servicios-tecnologia-avanzada-300x200.jpg 300w, https:\/\/goldenclinic.es\/fr\/wp-content\/uploads\/sites\/9\/2018\/04\/servicios-tecnologia-avanzada-768x512.jpg 768w, https:\/\/goldenclinic.es\/fr\/wp-content\/uploads\/sites\/9\/2018\/04\/servicios-tecnologia-avanzada-360x240.jpg 360w, https:\/\/goldenclinic.es\/fr\/wp-content\/uploads\/sites\/9\/2018\/04\/servicios-tecnologia-avanzada-600x400.jpg 600w, https:\/\/goldenclinic.es\/fr\/wp-content\/uploads\/sites\/9\/2018\/04\/servicios-tecnologia-avanzada-272x182.jpg 272w\" sizes=\"auto, (max-width: 850px) 100vw, 850px\" \/><\/div><\/div><div id=\"pgc-6397-0-1\"  class=\"panel-grid-cell\" ><div id=\"panel-6397-0-1-0\" class=\"so-panel widget widget_sow-editor panel-first-child panel-last-child\" data-index=\"2\" ><div\n\t\t\t\n\t\t\tclass=\"so-widget-sow-editor so-widget-sow-editor-base\"\n\t\t\t\n\t\t>\n<div class=\"siteorigin-widget-tinymce textwidget\">\n\t<p>Associ\u00e9 au criblage classique cytologigue avec des proc\u00e9dures les plus avanc\u00e9es comme la typification, vid\u00e9o coloscopie, \u00e9chographe PR (polyarthrite rhumato\u00efde) endocavitaire ou hyst\u00e9roscopie afin de amplifier l\u2019efficace et pr\u00e9cition diagnostiques.<\/p>\n<p>Les services que nous offrons sont:<\/p>\n<ul>\n<li>Examen et \u00e9chographie mamaire<\/li>\n<li>Cytologie cervicale<\/li>\n<li>Tipification VPH<\/li>\n<li>\u00c9chographie endocavitaire de haute r\u00e9solution de l\u2019ut\u00e9rus-endom\u00e8tre et ovaires<\/li>\n<li>Doppler couleur<\/li>\n<li>D\u00e9termination des marqueurs tumoraux<\/li>\n<li>Biopsie d\u2019endom\u00e8tre (par aspiration)<\/li>\n<li>Video coloscopie-biopsie cervicale<\/li>\n<li>Asa-Leep micronisation cervicale<\/li>\n<li>Microcolpohyst\u00e9roscopie<\/li>\n<li>Hyst\u00e9roscopie diagnostique<\/li>\n<li>Poypectomie et r\u00e9section des condylomes<\/li>\n<li>Electrocoagulation Laser Co2<\/li>\n<\/ul>\n<p>\u00a0<\/p>\n<\/div>\n<\/div><\/div><\/div><\/div><\/div>","protected":false},"excerpt":{"rendered":"<p>Associ\u00e9 au criblage classique cytologigue avec des proc\u00e9dures les plus avanc\u00e9es comme la typification, vid\u00e9o coloscopie, \u00e9chographe PR (polyarthrite rhumato\u00efde) endocavitaire ou hyst\u00e9roscopie<\/p>\n","protected":false},"author":1,"featured_media":8034,"parent":110,"menu_order":0,"comment_status":"closed","ping_status":"closed","template":"","meta":{"footnotes":""},"class_list":["post-6397","page","type-page","status-publish","has-post-thumbnail","hentry"],"yoast_head":"<!-- This site is optimized with the Yoast SEO plugin v26.2 - https:\/\/yoast.com\/wordpress\/plugins\/seo\/ -->\n<title>Pr\u00e9vention du cancer gyn\u00e9cologique - Golden Clinic - Fran\u00e7ais<\/title>\n<meta name=\"robots\" content=\"index, follow, max-snippet:-1, max-image-preview:large, max-video-preview:-1\" \/>\n<link rel=\"canonical\" href=\"https:\/\/goldenclinic.es\/fr\/services\/gynecologique-cancer-prevention\/\" \/>\n<meta property=\"og:locale\" content=\"fr_FR\" \/>\n<meta property=\"og:type\" content=\"article\" \/>\n<meta property=\"og:title\" content=\"Pr\u00e9vention du cancer gyn\u00e9cologique - Golden Clinic - Fran\u00e7ais\" \/>\n<meta property=\"og:description\" content=\"Associ\u00e9 au criblage classique cytologigue avec des proc\u00e9dures les plus avanc\u00e9es comme la typification, vid\u00e9o coloscopie, \u00e9chographe PR (polyarthrite rhumato\u00efde) endocavitaire ou hyst\u00e9roscopie\" \/>\n<meta property=\"og:url\" content=\"https:\/\/goldenclinic.es\/fr\/services\/gynecologique-cancer-prevention\/\" \/>\n<meta property=\"og:site_name\" content=\"Golden Clinic - Fran\u00e7ais\" \/>\n<meta property=\"article:modified_time\" content=\"2018-04-18T16:27:51+00:00\" \/>\n<meta property=\"og:image\" content=\"https:\/\/goldenclinic.es\/fr\/wp-content\/uploads\/sites\/9\/2018\/04\/servicios-prevencion-cancer.jpg\" \/>\n\t<meta property=\"og:image:width\" content=\"850\" \/>\n\t<meta property=\"og:image:height\" content=\"567\" \/>\n\t<meta property=\"og:image:type\" content=\"image\/jpeg\" \/>\n<meta name=\"twitter:card\" content=\"summary_large_image\" \/>\n<meta name=\"twitter:label1\" content=\"Dur\u00e9e de lecture estim\u00e9e\" \/>\n\t<meta name=\"twitter:data1\" content=\"1 minute\" \/>\n<script type=\"application\/ld+json\" class=\"yoast-schema-graph\">{\"@context\":\"https:\/\/schema.org\",\"@graph\":[{\"@type\":\"WebPage\",\"@id\":\"https:\/\/goldenclinic.es\/fr\/services\/gynecologique-cancer-prevention\/\",\"url\":\"https:\/\/goldenclinic.es\/fr\/services\/gynecologique-cancer-prevention\/\",\"name\":\"Pr\u00e9vention du cancer gyn\u00e9cologique - Golden Clinic - Fran\u00e7ais\",\"isPartOf\":{\"@id\":\"https:\/\/goldenclinic.es\/fr\/#website\"},\"primaryImageOfPage\":{\"@id\":\"https:\/\/goldenclinic.es\/fr\/services\/gynecologique-cancer-prevention\/#primaryimage\"},\"image\":{\"@id\":\"https:\/\/goldenclinic.es\/fr\/services\/gynecologique-cancer-prevention\/#primaryimage\"},\"thumbnailUrl\":\"https:\/\/goldenclinic.es\/fr\/wp-content\/uploads\/sites\/9\/2018\/04\/servicios-prevencion-cancer.jpg\",\"datePublished\":\"2015-12-28T20:04:19+00:00\",\"dateModified\":\"2018-04-18T16:27:51+00:00\",\"breadcrumb\":{\"@id\":\"https:\/\/goldenclinic.es\/fr\/services\/gynecologique-cancer-prevention\/#breadcrumb\"},\"inLanguage\":\"fr-FR\",\"potentialAction\":[{\"@type\":\"ReadAction\",\"target\":[\"https:\/\/goldenclinic.es\/fr\/services\/gynecologique-cancer-prevention\/\"]}]},{\"@type\":\"ImageObject\",\"inLanguage\":\"fr-FR\",\"@id\":\"https:\/\/goldenclinic.es\/fr\/services\/gynecologique-cancer-prevention\/#primaryimage\",\"url\":\"https:\/\/goldenclinic.es\/fr\/wp-content\/uploads\/sites\/9\/2018\/04\/servicios-prevencion-cancer.jpg\",\"contentUrl\":\"https:\/\/goldenclinic.es\/fr\/wp-content\/uploads\/sites\/9\/2018\/04\/servicios-prevencion-cancer.jpg\",\"width\":850,\"height\":567},{\"@type\":\"BreadcrumbList\",\"@id\":\"https:\/\/goldenclinic.es\/fr\/services\/gynecologique-cancer-prevention\/#breadcrumb\",\"itemListElement\":[{\"@type\":\"ListItem\",\"position\":1,\"name\":\"Portada\",\"item\":\"https:\/\/goldenclinic.es\/fr\/\"},{\"@type\":\"ListItem\",\"position\":2,\"name\":\"Services\",\"item\":\"https:\/\/goldenclinic.es\/fr\/services\/\"},{\"@type\":\"ListItem\",\"position\":3,\"name\":\"Pr\u00e9vention du cancer gyn\u00e9cologique\"}]},{\"@type\":\"WebSite\",\"@id\":\"https:\/\/goldenclinic.es\/fr\/#website\",\"url\":\"https:\/\/goldenclinic.es\/fr\/\",\"name\":\"Golden Clinic - Fran\u00e7ais\",\"description\":\"Marbella Ginecolog\u00eda y Obstreticia\",\"potentialAction\":[{\"@type\":\"SearchAction\",\"target\":{\"@type\":\"EntryPoint\",\"urlTemplate\":\"https:\/\/goldenclinic.es\/fr\/?s={search_term_string}\"},\"query-input\":{\"@type\":\"PropertyValueSpecification\",\"valueRequired\":true,\"valueName\":\"search_term_string\"}}],\"inLanguage\":\"fr-FR\"}]}<\/script>\n<!-- \/ Yoast SEO plugin. -->","yoast_head_json":{"title":"Pr\u00e9vention du cancer gyn\u00e9cologique - Golden Clinic - Fran\u00e7ais","robots":{"index":"index","follow":"follow","max-snippet":"max-snippet:-1","max-image-preview":"max-image-preview:large","max-video-preview":"max-video-preview:-1"},"canonical":"https:\/\/goldenclinic.es\/fr\/services\/gynecologique-cancer-prevention\/","og_locale":"fr_FR","og_type":"article","og_title":"Pr\u00e9vention du cancer gyn\u00e9cologique - Golden Clinic - Fran\u00e7ais","og_description":"Associ\u00e9 au criblage classique cytologigue avec des proc\u00e9dures les plus avanc\u00e9es comme la typification, vid\u00e9o coloscopie, \u00e9chographe PR (polyarthrite rhumato\u00efde) endocavitaire ou hyst\u00e9roscopie","og_url":"https:\/\/goldenclinic.es\/fr\/services\/gynecologique-cancer-prevention\/","og_site_name":"Golden Clinic - Fran\u00e7ais","article_modified_time":"2018-04-18T16:27:51+00:00","og_image":[{"width":850,"height":567,"url":"https:\/\/goldenclinic.es\/fr\/wp-content\/uploads\/sites\/9\/2018\/04\/servicios-prevencion-cancer.jpg","type":"image\/jpeg"}],"twitter_card":"summary_large_image","twitter_misc":{"Dur\u00e9e de lecture estim\u00e9e":"1 minute"},"schema":{"@context":"https:\/\/schema.org","@graph":[{"@type":"WebPage","@id":"https:\/\/goldenclinic.es\/fr\/services\/gynecologique-cancer-prevention\/","url":"https:\/\/goldenclinic.es\/fr\/services\/gynecologique-cancer-prevention\/","name":"Pr\u00e9vention du cancer gyn\u00e9cologique - Golden Clinic - Fran\u00e7ais","isPartOf":{"@id":"https:\/\/goldenclinic.es\/fr\/#website"},"primaryImageOfPage":{"@id":"https:\/\/goldenclinic.es\/fr\/services\/gynecologique-cancer-prevention\/#primaryimage"},"image":{"@id":"https:\/\/goldenclinic.es\/fr\/services\/gynecologique-cancer-prevention\/#primaryimage"},"thumbnailUrl":"https:\/\/goldenclinic.es\/fr\/wp-content\/uploads\/sites\/9\/2018\/04\/servicios-prevencion-cancer.jpg","datePublished":"2015-12-28T20:04:19+00:00","dateModified":"2018-04-18T16:27:51+00:00","breadcrumb":{"@id":"https:\/\/goldenclinic.es\/fr\/services\/gynecologique-cancer-prevention\/#breadcrumb"},"inLanguage":"fr-FR","potentialAction":[{"@type":"ReadAction","target":["https:\/\/goldenclinic.es\/fr\/services\/gynecologique-cancer-prevention\/"]}]},{"@type":"ImageObject","inLanguage":"fr-FR","@id":"https:\/\/goldenclinic.es\/fr\/services\/gynecologique-cancer-prevention\/#primaryimage","url":"https:\/\/goldenclinic.es\/fr\/wp-content\/uploads\/sites\/9\/2018\/04\/servicios-prevencion-cancer.jpg","contentUrl":"https:\/\/goldenclinic.es\/fr\/wp-content\/uploads\/sites\/9\/2018\/04\/servicios-prevencion-cancer.jpg","width":850,"height":567},{"@type":"BreadcrumbList","@id":"https:\/\/goldenclinic.es\/fr\/services\/gynecologique-cancer-prevention\/#breadcrumb","itemListElement":[{"@type":"ListItem","position":1,"name":"Portada","item":"https:\/\/goldenclinic.es\/fr\/"},{"@type":"ListItem","position":2,"name":"Services","item":"https:\/\/goldenclinic.es\/fr\/services\/"},{"@type":"ListItem","position":3,"name":"Pr\u00e9vention du cancer gyn\u00e9cologique"}]},{"@type":"WebSite","@id":"https:\/\/goldenclinic.es\/fr\/#website","url":"https:\/\/goldenclinic.es\/fr\/","name":"Golden Clinic - Fran\u00e7ais","description":"Marbella Ginecolog\u00eda y Obstreticia","potentialAction":[{"@type":"SearchAction","target":{"@type":"EntryPoint","urlTemplate":"https:\/\/goldenclinic.es\/fr\/?s={search_term_string}"},"query-input":{"@type":"PropertyValueSpecification","valueRequired":true,"valueName":"search_term_string"}}],"inLanguage":"fr-FR"}]}},"_links":{"self":[{"href":"https:\/\/goldenclinic.es\/fr\/wp-json\/wp\/v2\/pages\/6397","targetHints":{"allow":["GET"]}}],"collection":[{"href":"https:\/\/goldenclinic.es\/fr\/wp-json\/wp\/v2\/pages"}],"about":[{"href":"https:\/\/goldenclinic.es\/fr\/wp-json\/wp\/v2\/types\/page"}],"author":[{"embeddable":true,"href":"https:\/\/goldenclinic.es\/fr\/wp-json\/wp\/v2\/users\/1"}],"replies":[{"embeddable":true,"href":"https:\/\/goldenclinic.es\/fr\/wp-json\/wp\/v2\/comments?post=6397"}],"version-history":[{"count":42,"href":"https:\/\/goldenclinic.es\/fr\/wp-json\/wp\/v2\/pages\/6397\/revisions"}],"predecessor-version":[{"id":8175,"href":"https:\/\/goldenclinic.es\/fr\/wp-json\/wp\/v2\/pages\/6397\/revisions\/8175"}],"up":[{"embeddable":true,"href":"https:\/\/goldenclinic.es\/fr\/wp-json\/wp\/v2\/pages\/110"}],"wp:featuredmedia":[{"embeddable":true,"href":"https:\/\/goldenclinic.es\/fr\/wp-json\/wp\/v2\/media\/8034"}],"wp:attachment":[{"href":"https:\/\/goldenclinic.es\/fr\/wp-json\/wp\/v2\/media?parent=6397"}],"curies":[{"name":"wp","href":"https:\/\/api.w.org\/{rel}","templated":true}]}}