{"id":8222,"date":"2018-12-28T14:37:02","date_gmt":"2018-12-28T14:37:02","guid":{"rendered":"http:\/\/goldenclinic.es\/fr\/?page_id=8222"},"modified":"2018-12-28T14:43:25","modified_gmt":"2018-12-28T14:43:25","slug":"dermatologie-esthetique-et-laser","status":"publish","type":"page","link":"https:\/\/goldenclinic.es\/fr\/services\/dermatologie-esthetique-et-laser\/","title":{"rendered":"Dermatologie Esth\u00e9tique et Laser"},"content":{"rendered":"<div id=\"pl-8222\"  class=\"panel-layout\" ><div id=\"pg-8222-0\"  class=\"panel-grid panel-no-style\" ><div id=\"pgc-8222-0-0\"  class=\"panel-grid-cell\" ><div id=\"panel-8222-0-0-0\" class=\"so-panel widget widget_media_image panel-first-child panel-last-child\" data-index=\"0\" ><img loading=\"lazy\" decoding=\"async\" class=\"image \" src=\"http:\/\/goldenclinic.es\/wp-content\/uploads\/2018\/12\/dermatologia-estetica-laser.jpg\" alt=\"\" width=\"640\" height=\"438\" \/><\/div><\/div><div id=\"pgc-8222-0-1\"  class=\"panel-grid-cell\" ><div id=\"panel-8222-0-1-0\" class=\"so-panel widget widget_text panel-first-child panel-last-child\" data-index=\"1\" >\t\t\t<div class=\"textwidget\"><ul>\n<li>Traitement des rides du visage avec la toxine botulique.<\/li>\n<li>Rajeunissement du visage avec laser au CO2 Fractionn\u00e9.<\/li>\n<li>Traitement au lasser cicatrices ( acn\u00e9, chirurgie, vergetures ,etc).<\/li>\n<li>Charges d\u00b4acide hyaluronique (l\u00e9vres, joues,menton,etc.)<\/li>\n<li>Traitement avec des inducteurs de collag\u00e9ne (Hidroxiapatita C\u00e1lcica).<\/li>\n<li>M\u00e9soth\u00e9rapie du visage, du cou et du d\u00e9collet\u00e9 avec vitaminas et antioxydants.<\/li>\n<li>Lifting au moyen de fils de tensi\u00f3n de polidioxaxone.<\/li>\n<li>Peelings m\u00e9dicaux sffet flash ,taches, imperfections.<\/li>\n<li>R\u00e9duction de la graisse ou du fanon submental sans chirugie.<\/li>\n<li>Traitement de la transpiration excessive.<\/li>\n<li>Traitement du bruxisme et du sourire gingival avec la toxine botulique.<\/li>\n<\/ul>\n<\/div>\n\t\t<\/div><\/div><\/div><\/div>","protected":false},"excerpt":{"rendered":"<p>Traitement des rides du visage avec la toxine botulique. Rajeunissement du visage avec laser au CO2 Fractionn\u00e9. Traitement au lasser cicatrices ( acn\u00e9, chirurgie, vergetures ,etc). Charges d\u00b4acide hyaluronique (l\u00e9vres, joues,menton,etc.) Traitement avec des inducteurs de collag\u00e9ne (Hidroxiapatita C\u00e1lcica). M\u00e9soth\u00e9rapie du visage, du cou et du d\u00e9collet\u00e9 avec vitaminas et antioxydants. Lifting au moyen de [&hellip;]<\/p>\n","protected":false},"author":1,"featured_media":0,"parent":110,"menu_order":0,"comment_status":"closed","ping_status":"closed","template":"","meta":{"footnotes":""},"class_list":["post-8222","page","type-page","status-publish","hentry"],"yoast_head":"<!-- This site is optimized with the Yoast SEO plugin v26.2 - https:\/\/yoast.com\/wordpress\/plugins\/seo\/ -->\n<title>Dermatologie Esth\u00e9tique et Laser - Golden Clinic - Fran\u00e7ais<\/title>\n<meta name=\"robots\" content=\"index, follow, max-snippet:-1, max-image-preview:large, max-video-preview:-1\" \/>\n<link rel=\"canonical\" href=\"https:\/\/goldenclinic.es\/fr\/services\/dermatologie-esthetique-et-laser\/\" \/>\n<meta property=\"og:locale\" content=\"fr_FR\" \/>\n<meta property=\"og:type\" content=\"article\" \/>\n<meta property=\"og:title\" content=\"Dermatologie Esth\u00e9tique et Laser - Golden Clinic - Fran\u00e7ais\" \/>\n<meta property=\"og:description\" content=\"Traitement des rides du visage avec la toxine botulique. Rajeunissement du visage avec laser au CO2 Fractionn\u00e9. Traitement au lasser cicatrices ( acn\u00e9, chirurgie, vergetures ,etc). Charges d\u00b4acide hyaluronique (l\u00e9vres, joues,menton,etc.) Traitement avec des inducteurs de collag\u00e9ne (Hidroxiapatita C\u00e1lcica). M\u00e9soth\u00e9rapie du visage, du cou et du d\u00e9collet\u00e9 avec vitaminas et antioxydants. Lifting au moyen de [&hellip;]\" \/>\n<meta property=\"og:url\" content=\"https:\/\/goldenclinic.es\/fr\/services\/dermatologie-esthetique-et-laser\/\" \/>\n<meta property=\"og:site_name\" content=\"Golden Clinic - Fran\u00e7ais\" \/>\n<meta property=\"article:modified_time\" content=\"2018-12-28T14:43:25+00:00\" \/>\n<meta name=\"twitter:card\" content=\"summary_large_image\" \/>\n<meta name=\"twitter:label1\" content=\"Dur\u00e9e de lecture estim\u00e9e\" \/>\n\t<meta name=\"twitter:data1\" content=\"1 minute\" \/>\n<script type=\"application\/ld+json\" class=\"yoast-schema-graph\">{\"@context\":\"https:\/\/schema.org\",\"@graph\":[{\"@type\":\"WebPage\",\"@id\":\"https:\/\/goldenclinic.es\/fr\/services\/dermatologie-esthetique-et-laser\/\",\"url\":\"https:\/\/goldenclinic.es\/fr\/services\/dermatologie-esthetique-et-laser\/\",\"name\":\"Dermatologie Esth\u00e9tique et Laser - Golden Clinic - Fran\u00e7ais\",\"isPartOf\":{\"@id\":\"https:\/\/goldenclinic.es\/fr\/#website\"},\"datePublished\":\"2018-12-28T14:37:02+00:00\",\"dateModified\":\"2018-12-28T14:43:25+00:00\",\"breadcrumb\":{\"@id\":\"https:\/\/goldenclinic.es\/fr\/services\/dermatologie-esthetique-et-laser\/#breadcrumb\"},\"inLanguage\":\"fr-FR\",\"potentialAction\":[{\"@type\":\"ReadAction\",\"target\":[\"https:\/\/goldenclinic.es\/fr\/services\/dermatologie-esthetique-et-laser\/\"]}]},{\"@type\":\"BreadcrumbList\",\"@id\":\"https:\/\/goldenclinic.es\/fr\/services\/dermatologie-esthetique-et-laser\/#breadcrumb\",\"itemListElement\":[{\"@type\":\"ListItem\",\"position\":1,\"name\":\"Portada\",\"item\":\"https:\/\/goldenclinic.es\/fr\/\"},{\"@type\":\"ListItem\",\"position\":2,\"name\":\"Services\",\"item\":\"https:\/\/goldenclinic.es\/fr\/services\/\"},{\"@type\":\"ListItem\",\"position\":3,\"name\":\"Dermatologie Esth\u00e9tique et Laser\"}]},{\"@type\":\"WebSite\",\"@id\":\"https:\/\/goldenclinic.es\/fr\/#website\",\"url\":\"https:\/\/goldenclinic.es\/fr\/\",\"name\":\"Golden Clinic - Fran\u00e7ais\",\"description\":\"Marbella Ginecolog\u00eda y Obstreticia\",\"potentialAction\":[{\"@type\":\"SearchAction\",\"target\":{\"@type\":\"EntryPoint\",\"urlTemplate\":\"https:\/\/goldenclinic.es\/fr\/?s={search_term_string}\"},\"query-input\":{\"@type\":\"PropertyValueSpecification\",\"valueRequired\":true,\"valueName\":\"search_term_string\"}}],\"inLanguage\":\"fr-FR\"}]}<\/script>\n<!-- \/ Yoast SEO plugin. -->","yoast_head_json":{"title":"Dermatologie Esth\u00e9tique et Laser - Golden Clinic - Fran\u00e7ais","robots":{"index":"index","follow":"follow","max-snippet":"max-snippet:-1","max-image-preview":"max-image-preview:large","max-video-preview":"max-video-preview:-1"},"canonical":"https:\/\/goldenclinic.es\/fr\/services\/dermatologie-esthetique-et-laser\/","og_locale":"fr_FR","og_type":"article","og_title":"Dermatologie Esth\u00e9tique et Laser - Golden Clinic - Fran\u00e7ais","og_description":"Traitement des rides du visage avec la toxine botulique. Rajeunissement du visage avec laser au CO2 Fractionn\u00e9. Traitement au lasser cicatrices ( acn\u00e9, chirurgie, vergetures ,etc). Charges d\u00b4acide hyaluronique (l\u00e9vres, joues,menton,etc.) Traitement avec des inducteurs de collag\u00e9ne (Hidroxiapatita C\u00e1lcica). M\u00e9soth\u00e9rapie du visage, du cou et du d\u00e9collet\u00e9 avec vitaminas et antioxydants. Lifting au moyen de [&hellip;]","og_url":"https:\/\/goldenclinic.es\/fr\/services\/dermatologie-esthetique-et-laser\/","og_site_name":"Golden Clinic - Fran\u00e7ais","article_modified_time":"2018-12-28T14:43:25+00:00","twitter_card":"summary_large_image","twitter_misc":{"Dur\u00e9e de lecture estim\u00e9e":"1 minute"},"schema":{"@context":"https:\/\/schema.org","@graph":[{"@type":"WebPage","@id":"https:\/\/goldenclinic.es\/fr\/services\/dermatologie-esthetique-et-laser\/","url":"https:\/\/goldenclinic.es\/fr\/services\/dermatologie-esthetique-et-laser\/","name":"Dermatologie Esth\u00e9tique et Laser - Golden Clinic - Fran\u00e7ais","isPartOf":{"@id":"https:\/\/goldenclinic.es\/fr\/#website"},"datePublished":"2018-12-28T14:37:02+00:00","dateModified":"2018-12-28T14:43:25+00:00","breadcrumb":{"@id":"https:\/\/goldenclinic.es\/fr\/services\/dermatologie-esthetique-et-laser\/#breadcrumb"},"inLanguage":"fr-FR","potentialAction":[{"@type":"ReadAction","target":["https:\/\/goldenclinic.es\/fr\/services\/dermatologie-esthetique-et-laser\/"]}]},{"@type":"BreadcrumbList","@id":"https:\/\/goldenclinic.es\/fr\/services\/dermatologie-esthetique-et-laser\/#breadcrumb","itemListElement":[{"@type":"ListItem","position":1,"name":"Portada","item":"https:\/\/goldenclinic.es\/fr\/"},{"@type":"ListItem","position":2,"name":"Services","item":"https:\/\/goldenclinic.es\/fr\/services\/"},{"@type":"ListItem","position":3,"name":"Dermatologie Esth\u00e9tique et Laser"}]},{"@type":"WebSite","@id":"https:\/\/goldenclinic.es\/fr\/#website","url":"https:\/\/goldenclinic.es\/fr\/","name":"Golden Clinic - Fran\u00e7ais","description":"Marbella Ginecolog\u00eda y Obstreticia","potentialAction":[{"@type":"SearchAction","target":{"@type":"EntryPoint","urlTemplate":"https:\/\/goldenclinic.es\/fr\/?s={search_term_string}"},"query-input":{"@type":"PropertyValueSpecification","valueRequired":true,"valueName":"search_term_string"}}],"inLanguage":"fr-FR"}]}},"_links":{"self":[{"href":"https:\/\/goldenclinic.es\/fr\/wp-json\/wp\/v2\/pages\/8222","targetHints":{"allow":["GET"]}}],"collection":[{"href":"https:\/\/goldenclinic.es\/fr\/wp-json\/wp\/v2\/pages"}],"about":[{"href":"https:\/\/goldenclinic.es\/fr\/wp-json\/wp\/v2\/types\/page"}],"author":[{"embeddable":true,"href":"https:\/\/goldenclinic.es\/fr\/wp-json\/wp\/v2\/users\/1"}],"replies":[{"embeddable":true,"href":"https:\/\/goldenclinic.es\/fr\/wp-json\/wp\/v2\/comments?post=8222"}],"version-history":[{"count":9,"href":"https:\/\/goldenclinic.es\/fr\/wp-json\/wp\/v2\/pages\/8222\/revisions"}],"predecessor-version":[{"id":8232,"href":"https:\/\/goldenclinic.es\/fr\/wp-json\/wp\/v2\/pages\/8222\/revisions\/8232"}],"up":[{"embeddable":true,"href":"https:\/\/goldenclinic.es\/fr\/wp-json\/wp\/v2\/pages\/110"}],"wp:attachment":[{"href":"https:\/\/goldenclinic.es\/fr\/wp-json\/wp\/v2\/media?parent=8222"}],"curies":[{"name":"wp","href":"https:\/\/api.w.org\/{rel}","templated":true}]}}