{"id":2,"date":"2018-01-19T08:22:24","date_gmt":"2018-01-19T08:22:24","guid":{"rendered":"http:\/\/www.ginecologosmarbella.com\/web\/?page_id=2"},"modified":"2018-04-18T14:48:37","modified_gmt":"2018-04-18T14:48:37","slug":"dra-maria-jose-castillo-garriga","status":"publish","type":"page","link":"https:\/\/goldenclinic.es\/ru\/dra-maria-jose-castillo-garriga\/","title":{"rendered":"\u0414\u043e\u043a\u0442\u043e\u0440 \u041c\u0430\u0440\u0438\u044f \u0425\u043e\u0441\u0435 \u041a\u0430\u0441\u0442\u0438\u043b\u044c\u0451 \u0413\u0430\u0440\u0438\u0433\u0430"},"content":{"rendered":"<div id=\"pl-2\"  class=\"panel-layout\" ><div id=\"pg-2-0\"  class=\"panel-grid panel-no-style\" ><div id=\"pgc-2-0-0\"  class=\"panel-grid-cell\" ><div id=\"panel-2-0-0-0\" class=\"so-panel widget widget_media_image panel-first-child panel-last-child\" data-index=\"0\" ><img loading=\"lazy\" decoding=\"async\" width=\"548\" height=\"365\" src=\"https:\/\/goldenclinic.es\/ru\/wp-content\/uploads\/sites\/8\/2018\/02\/mjosecastillo_365.jpg\" class=\"image wp-image-7697  attachment-full size-full\" alt=\"Maria Jos\u00e9 Castillo - Ginec\u00f3logo Marbella\" style=\"max-width: 100%; height: auto;\" srcset=\"https:\/\/goldenclinic.es\/ru\/wp-content\/uploads\/sites\/8\/2018\/02\/mjosecastillo_365.jpg 548w, https:\/\/goldenclinic.es\/ru\/wp-content\/uploads\/sites\/8\/2018\/02\/mjosecastillo_365-300x200.jpg 300w, https:\/\/goldenclinic.es\/ru\/wp-content\/uploads\/sites\/8\/2018\/02\/mjosecastillo_365-360x240.jpg 360w, https:\/\/goldenclinic.es\/ru\/wp-content\/uploads\/sites\/8\/2018\/02\/mjosecastillo_365-272x182.jpg 272w\" sizes=\"auto, (max-width: 548px) 100vw, 548px\" \/><\/div><\/div><div id=\"pgc-2-0-1\"  class=\"panel-grid-cell\" ><div id=\"panel-2-0-1-0\" class=\"so-panel widget widget_sow-editor panel-first-child panel-last-child\" data-index=\"1\" ><div\n\t\t\t\n\t\t\tclass=\"so-widget-sow-editor so-widget-sow-editor-base\"\n\t\t\t\n\t\t>\n<div class=\"siteorigin-widget-tinymce textwidget\">\n\t<p>\u0417\u0430\u043a\u043e\u043d\u0447\u0438\u043b\u0430 \u0443\u043d\u0438\u0432\u0435\u0440\u0441\u0438\u0442\u0435\u0442 \u043c\u0435\u0434\u0438\u0446\u0438\u043d\u044b \u0438 \u0445\u0438\u0440\u0443\u0440\u0433\u0438\u0438 \u0432 \u041c\u0430\u043b\u0430\u0433\u0435. \u0418\u043c\u0435\u0435\u0442 \u0441\u043f\u0435\u0446\u0438\u0430\u043b\u044c\u043d\u043e\u0441\u0442\u044c \u0432 \u043e\u0431\u043b\u0430\u0441\u0442\u0438 \u0430\u043a\u0443\u0448\u0435\u0440\u0441\u0442\u0432\u0430 \u0438 \u0433\u0438\u043d\u0435\u043a\u043e\u043b\u043e\u0433\u0438\u0438 \u0443\u043d\u0438\u0432\u0435\u0440\u0441\u0438\u0442\u0435\u0442\u0430 \u0413\u0440\u0430\u043d\u0430\u0434\u044b.<\/p>\n<p>\u041f\u0440\u043e\u0444\u0435\u0441\u0441\u0438\u043e\u043d\u0430\u043b\u044c\u043d\u0430\u044f \u043a\u0430\u0440\u044c\u0435\u0440\u0430 \u0432 \u043a\u0430\u0447\u0435\u0441\u0442\u0432\u0435 \u0441\u043f\u0435\u0446\u0438\u0430\u043b\u0438\u0441\u0442\u0430, \u043f\u0440\u043e\u0448\u043b\u0430 \u0432 \u0433\u043e\u0441\u043f\u0438\u0442\u0430\u043b\u0435 \u041a\u043e\u0441\u0442\u0430-\u0434\u0435\u043b\u044c-\u0421\u043e\u043b\u044c, \u0432 \u0431\u043e\u043b\u044c\u043d\u0438\u0446\u0435 \u0412\u0438\u0440\u0445\u0435\u043d \u0434\u0435 \u043b\u0430\u0441 \u041d\u044c\u0435\u0432\u0435\u0441, \u0432 \u0433\u043e\u0441\u043f\u0438\u0442\u0430\u043b\u0435 Quir\u00f3n Salud \u041c\u0430\u0440\u0431\u0435\u043b\u044c\u044f ( \u0431\u044b\u0432\u0448\u0438\u0439 USB).<\/p>\n<p>\u0412 \u043d\u0430\u0441\u0442\u043e\u044f\u0449\u0435\u0435 \u0432\u0440\u0435\u043c\u044f \u043e\u043d\u0430 \u0440\u0430\u0431\u043e\u0442\u0430\u0435\u0442 \u0432 Golden Cl\u00ednic<\/p>\n<\/div>\n<\/div><\/div><\/div><\/div><div id=\"pg-2-1\"  class=\"panel-grid panel-no-style\" ><div id=\"pgc-2-1-0\"  class=\"panel-grid-cell\" ><div id=\"panel-2-1-0-0\" class=\"so-panel widget widget_sow-editor panel-first-child panel-last-child\" data-index=\"2\" ><div\n\t\t\t\n\t\t\tclass=\"so-widget-sow-editor so-widget-sow-editor-base\"\n\t\t\t\n\t\t><h3 class=\"widget-title\">Get an Appointment with Dra. Castillo<\/h3>\n<div class=\"siteorigin-widget-tinymce textwidget\">\n\t\n<div class=\"wpcf7 no-js\" id=\"wpcf7-f7797-o1\" lang=\"es-ES\" dir=\"ltr\" data-wpcf7-id=\"7797\">\n<div class=\"screen-reader-response\"><p role=\"status\" aria-live=\"polite\" aria-atomic=\"true\"><\/p> <ul><\/ul><\/div>\n<form action=\"\/ru\/wp-json\/wp\/v2\/pages\/2#wpcf7-f7797-o1\" method=\"post\" class=\"wpcf7-form init\" aria-label=\"Formulario de contacto\" novalidate=\"novalidate\" data-status=\"init\">\n<fieldset class=\"hidden-fields-container\"><input type=\"hidden\" name=\"_wpcf7\" value=\"7797\" \/><input type=\"hidden\" name=\"_wpcf7_version\" value=\"6.1.3\" \/><input type=\"hidden\" name=\"_wpcf7_locale\" value=\"es_ES\" \/><input type=\"hidden\" name=\"_wpcf7_unit_tag\" value=\"wpcf7-f7797-o1\" \/><input type=\"hidden\" name=\"_wpcf7_container_post\" value=\"0\" \/><input type=\"hidden\" name=\"_wpcf7_posted_data_hash\" value=\"\" \/>\n<\/fieldset>\n<div class=\"white-featured-box\">\n\t<div class=\"row\">\n\t\t<div class=\"col-xs-12 col-md-6\">\n\t\t\t<p><span>Name *<\/span><span class=\"wpcf7-form-control-wrap\" data-name=\"client-name\"><input size=\"40\" maxlength=\"400\" class=\"wpcf7-form-control wpcf7-text wpcf7-validates-as-required\" aria-required=\"true\" aria-invalid=\"false\" placeholder=\"Name\" value=\"\" type=\"text\" name=\"client-name\" \/><\/span><span>Email *<\/span><span class=\"wpcf7-form-control-wrap\" data-name=\"client-email\"><input size=\"40\" maxlength=\"400\" class=\"wpcf7-form-control wpcf7-email wpcf7-validates-as-required wpcf7-text wpcf7-validates-as-email\" aria-required=\"true\" aria-invalid=\"false\" placeholder=\"Email address\" value=\"\" type=\"email\" name=\"client-email\" \/><\/span><span>Phone number *<\/span><span class=\"wpcf7-form-control-wrap\" data-name=\"client-phone\"><input size=\"40\" maxlength=\"400\" class=\"wpcf7-form-control wpcf7-tel wpcf7-validates-as-required wpcf7-text wpcf7-validates-as-tel\" aria-required=\"true\" aria-invalid=\"false\" placeholder=\"Phone number\" value=\"\" type=\"tel\" name=\"client-phone\" \/><\/span>\n\t\t\t<\/p>\n\t\t<\/div>\n\t\t<div class=\"col-xs-12 col-md-6\">\n\t\t\t<p><span>Reason for appointment *<\/span><span class=\"wpcf7-form-control-wrap\" data-name=\"asunto-cita\"><input size=\"40\" maxlength=\"400\" class=\"wpcf7-form-control wpcf7-text wpcf7-validates-as-required\" aria-required=\"true\" aria-invalid=\"false\" placeholder=\"Gynecologist, Obstretician...\" value=\"\" type=\"text\" name=\"asunto-cita\" \/><\/span><span>Your message <\/span><span class=\"wpcf7-form-control-wrap\" data-name=\"mensaje-cita\"><textarea cols=\"40\" rows=\"10\" maxlength=\"2000\" class=\"wpcf7-form-control wpcf7-textarea\" aria-invalid=\"false\" placeholder=\"Your message...\" name=\"mensaje-cita\"><\/textarea><\/span>\n\t\t\t<\/p>\n\t\t<\/div>\n\t\t<div class=\"col-md-12\">\n\t\t\t<p><span class=\"wpcf7-form-control-wrap\" data-name=\"aceptacion-lopd\"><span class=\"wpcf7-form-control wpcf7-acceptance\"><span class=\"wpcf7-list-item\"><label><input type=\"checkbox\" name=\"aceptacion-lopd\" value=\"1\" class=\"inline-checkbox\" aria-invalid=\"false\" \/><span class=\"wpcf7-list-item-label\">Acceptance according to European Data Protection (RGPD) <br><span style=\"font-size:10px\"> Responsable: Identidad: GINECOSUR S.L. - CIF: B92677186  Dir. postal: URB. EL REAL, CALLE DALIAS 80 29603 MARBELLA Tel\u00e9fono: 952857890    Correo elect: info@goldenclinic.es \n\u201cEn nombre de la empresa tratamos la informaci\u00f3n que nos facilita con el fin de enviarle publicidad relacionada con nuestros productos y servicios por cualquier medio (postal, email o tel\u00e9fono) e invitarle a eventos organizados por la empresa. Los datos proporcionados se conservar\u00e1n mientras no solicite el cese de la actividad. Los datos no se ceder\u00e1n a terceros salvo en los casos en que exista una obligaci\u00f3n legal. Usted tiene derecho a obtener confirmaci\u00f3n sobre si en GINECOSUR S.L. estamos tratando sus datos personales por tanto tiene derecho a acceder a sus datos personales, rectificar los datos inexacto o solicitar su supresi\u00f3n cuando los datos ya no sean necesarios para los fines que fueron recogidos\u201d\n<\/span><\/span><\/label><\/span><\/span><\/span>\n\t\t\t<\/p>\n\t\t<\/div>\n\t\t<div class=\"col-xs-12 col-md-12\">\n\t\t\t<p>[recaptcha ]<input class=\"wpcf7-form-control wpcf7-submit has-spinner btn btn-primary\" type=\"submit\" value=\"Get an appointment\" \/><input type=\"reset\" class=\"btn btn-outline\" value=\"Clear\" \/>\n\t\t\t<\/p>\n\t\t<\/div>\n\t<\/div>\n<\/div><p style=\"display: none !important;\" class=\"akismet-fields-container\" data-prefix=\"_wpcf7_ak_\"><label>&#916;<textarea name=\"_wpcf7_ak_hp_textarea\" cols=\"45\" rows=\"8\" maxlength=\"100\"><\/textarea><\/label><input type=\"hidden\" id=\"ak_js_1\" name=\"_wpcf7_ak_js\" value=\"94\"\/><script>document.getElementById( \"ak_js_1\" ).setAttribute( \"value\", ( new Date() ).getTime() );<\/script><\/p><div class=\"wpcf7-response-output\" aria-hidden=\"true\"><\/div>\n<\/form>\n<\/div>\n\n<\/div>\n<\/div><\/div><\/div><\/div><\/div>","protected":false},"excerpt":{"rendered":"<p>\u0417\u0430\u043a\u043e\u043d\u0447\u0438\u043b\u0430 \u0443\u043d\u0438\u0432\u0435\u0440\u0441\u0438\u0442\u0435\u0442 \u043c\u0435\u0434\u0438\u0446\u0438\u043d\u044b \u0438 \u0445\u0438\u0440\u0443\u0440\u0433\u0438\u0438 \u0432 \u041c\u0430\u043b\u0430\u0433\u0435. \u0418\u043c\u0435\u0435\u0442 \u0441\u043f\u0435\u0446\u0438\u0430\u043b\u044c\u043d\u043e\u0441\u0442\u044c \u0432 \u043e\u0431\u043b\u0430\u0441\u0442\u0438 \u0430\u043a\u0443\u0448\u0435\u0440\u0441\u0442\u0432\u0430 \u0438 \u0433\u0438\u043d\u0435\u043a\u043e\u043b\u043e\u0433\u0438\u0438 \u0443\u043d\u0438\u0432\u0435\u0440\u0441\u0438\u0442\u0435\u0442\u0430 \u0413\u0440\u0430\u043d\u0430\u0434\u044b. \u041f\u0440\u043e\u0444\u0435\u0441\u0441\u0438\u043e\u043d\u0430\u043b\u044c\u043d\u0430\u044f \u043a\u0430\u0440\u044c\u0435\u0440\u0430 \u0432 \u043a\u0430\u0447\u0435\u0441\u0442\u0432\u0435 \u0441\u043f\u0435\u0446\u0438\u0430\u043b\u0438\u0441\u0442\u0430, \u043f\u0440\u043e\u0448\u043b\u0430 \u0432 \u0433\u043e\u0441\u043f\u0438\u0442\u0430\u043b\u0435 \u041a\u043e\u0441\u0442\u0430-\u0434\u0435\u043b\u044c-\u0421\u043e\u043b\u044c, \u0432 \u0431\u043e\u043b\u044c\u043d\u0438\u0446\u0435 \u0412\u0438\u0440\u0445\u0435\u043d \u0434\u0435 \u043b\u0430\u0441 \u041d\u044c\u0435\u0432\u0435\u0441, \u0432 \u0433\u043e\u0441\u043f\u0438\u0442\u0430\u043b\u0435 Quir\u00f3n Salud \u041c\u0430\u0440\u0431\u0435\u043b\u044c\u044f ( \u0431\u044b\u0432\u0448\u0438\u0439 USB). \u0412 \u043d\u0430\u0441\u0442\u043e\u044f\u0449\u0435\u0435 \u0432\u0440\u0435\u043c\u044f \u043e\u043d\u0430 \u0440\u0430\u0431\u043e\u0442\u0430\u0435\u0442 \u0432 Golden Cl\u00ednic<\/p>\n","protected":false},"author":1,"featured_media":0,"parent":0,"menu_order":0,"comment_status":"closed","ping_status":"open","template":"","meta":{"footnotes":""},"class_list":["post-2","page","type-page","status-publish","hentry"],"yoast_head":"<!-- This site is optimized with the Yoast SEO plugin v26.2 - https:\/\/yoast.com\/wordpress\/plugins\/seo\/ -->\n<title>\u0414\u043e\u043a\u0442\u043e\u0440 \u041c\u0430\u0440\u0438\u044f \u0425\u043e\u0441\u0435 \u041a\u0430\u0441\u0442\u0438\u043b\u044c\u0451 \u0413\u0430\u0440\u0438\u0433\u0430 - Golden Clinic - P\u0443\u0301\u0441\u0441\u043a\u0438\u0439<\/title>\n<meta name=\"robots\" content=\"index, follow, max-snippet:-1, max-image-preview:large, max-video-preview:-1\" \/>\n<link rel=\"canonical\" href=\"https:\/\/goldenclinic.es\/ru\/dra-maria-jose-castillo-garriga\/\" \/>\n<meta property=\"og:locale\" content=\"ru_RU\" \/>\n<meta property=\"og:type\" content=\"article\" \/>\n<meta property=\"og:title\" content=\"\u0414\u043e\u043a\u0442\u043e\u0440 \u041c\u0430\u0440\u0438\u044f \u0425\u043e\u0441\u0435 \u041a\u0430\u0441\u0442\u0438\u043b\u044c\u0451 \u0413\u0430\u0440\u0438\u0433\u0430 - Golden Clinic - P\u0443\u0301\u0441\u0441\u043a\u0438\u0439\" \/>\n<meta property=\"og:description\" content=\"\u0417\u0430\u043a\u043e\u043d\u0447\u0438\u043b\u0430 \u0443\u043d\u0438\u0432\u0435\u0440\u0441\u0438\u0442\u0435\u0442 \u043c\u0435\u0434\u0438\u0446\u0438\u043d\u044b \u0438 \u0445\u0438\u0440\u0443\u0440\u0433\u0438\u0438 \u0432 \u041c\u0430\u043b\u0430\u0433\u0435. \u0418\u043c\u0435\u0435\u0442 \u0441\u043f\u0435\u0446\u0438\u0430\u043b\u044c\u043d\u043e\u0441\u0442\u044c \u0432 \u043e\u0431\u043b\u0430\u0441\u0442\u0438 \u0430\u043a\u0443\u0448\u0435\u0440\u0441\u0442\u0432\u0430 \u0438 \u0433\u0438\u043d\u0435\u043a\u043e\u043b\u043e\u0433\u0438\u0438 \u0443\u043d\u0438\u0432\u0435\u0440\u0441\u0438\u0442\u0435\u0442\u0430 \u0413\u0440\u0430\u043d\u0430\u0434\u044b. \u041f\u0440\u043e\u0444\u0435\u0441\u0441\u0438\u043e\u043d\u0430\u043b\u044c\u043d\u0430\u044f \u043a\u0430\u0440\u044c\u0435\u0440\u0430 \u0432 \u043a\u0430\u0447\u0435\u0441\u0442\u0432\u0435 \u0441\u043f\u0435\u0446\u0438\u0430\u043b\u0438\u0441\u0442\u0430, \u043f\u0440\u043e\u0448\u043b\u0430 \u0432 \u0433\u043e\u0441\u043f\u0438\u0442\u0430\u043b\u0435 \u041a\u043e\u0441\u0442\u0430-\u0434\u0435\u043b\u044c-\u0421\u043e\u043b\u044c, \u0432 \u0431\u043e\u043b\u044c\u043d\u0438\u0446\u0435 \u0412\u0438\u0440\u0445\u0435\u043d \u0434\u0435 \u043b\u0430\u0441 \u041d\u044c\u0435\u0432\u0435\u0441, \u0432 \u0433\u043e\u0441\u043f\u0438\u0442\u0430\u043b\u0435 Quir\u00f3n Salud \u041c\u0430\u0440\u0431\u0435\u043b\u044c\u044f ( \u0431\u044b\u0432\u0448\u0438\u0439 USB). \u0412 \u043d\u0430\u0441\u0442\u043e\u044f\u0449\u0435\u0435 \u0432\u0440\u0435\u043c\u044f \u043e\u043d\u0430 \u0440\u0430\u0431\u043e\u0442\u0430\u0435\u0442 \u0432 Golden Cl\u00ednic\" \/>\n<meta property=\"og:url\" content=\"https:\/\/goldenclinic.es\/ru\/dra-maria-jose-castillo-garriga\/\" \/>\n<meta property=\"og:site_name\" content=\"Golden Clinic - P\u0443\u0301\u0441\u0441\u043a\u0438\u0439\" \/>\n<meta property=\"article:modified_time\" content=\"2018-04-18T14:48:37+00:00\" \/>\n<meta name=\"twitter:card\" content=\"summary_large_image\" \/>\n<script type=\"application\/ld+json\" class=\"yoast-schema-graph\">{\"@context\":\"https:\/\/schema.org\",\"@graph\":[{\"@type\":\"WebPage\",\"@id\":\"https:\/\/goldenclinic.es\/ru\/dra-maria-jose-castillo-garriga\/\",\"url\":\"https:\/\/goldenclinic.es\/ru\/dra-maria-jose-castillo-garriga\/\",\"name\":\"\u0414\u043e\u043a\u0442\u043e\u0440 \u041c\u0430\u0440\u0438\u044f \u0425\u043e\u0441\u0435 \u041a\u0430\u0441\u0442\u0438\u043b\u044c\u0451 \u0413\u0430\u0440\u0438\u0433\u0430 - Golden Clinic - P\u0443\u0301\u0441\u0441\u043a\u0438\u0439\",\"isPartOf\":{\"@id\":\"https:\/\/goldenclinic.es\/ru\/#website\"},\"datePublished\":\"2018-01-19T08:22:24+00:00\",\"dateModified\":\"2018-04-18T14:48:37+00:00\",\"breadcrumb\":{\"@id\":\"https:\/\/goldenclinic.es\/ru\/dra-maria-jose-castillo-garriga\/#breadcrumb\"},\"inLanguage\":\"ru-RU\",\"potentialAction\":[{\"@type\":\"ReadAction\",\"target\":[\"https:\/\/goldenclinic.es\/ru\/dra-maria-jose-castillo-garriga\/\"]}]},{\"@type\":\"BreadcrumbList\",\"@id\":\"https:\/\/goldenclinic.es\/ru\/dra-maria-jose-castillo-garriga\/#breadcrumb\",\"itemListElement\":[{\"@type\":\"ListItem\",\"position\":1,\"name\":\"Portada\",\"item\":\"https:\/\/goldenclinic.es\/ru\/\"},{\"@type\":\"ListItem\",\"position\":2,\"name\":\"\u0414\u043e\u043a\u0442\u043e\u0440 \u041c\u0430\u0440\u0438\u044f \u0425\u043e\u0441\u0435 \u041a\u0430\u0441\u0442\u0438\u043b\u044c\u0451 \u0413\u0430\u0440\u0438\u0433\u0430\"}]},{\"@type\":\"WebSite\",\"@id\":\"https:\/\/goldenclinic.es\/ru\/#website\",\"url\":\"https:\/\/goldenclinic.es\/ru\/\",\"name\":\"Golden Clinic - P\u0443\u0301\u0441\u0441\u043a\u0438\u0439\",\"description\":\"\u0430\u043a\u0443\u0448\u0435\u0440\u0441\u0442\u0432\u0430 \u0438 \u0433\u0438\u043d\u0435\u043a\u043e\u043b\u043e\u0433\u0438\u0438\",\"potentialAction\":[{\"@type\":\"SearchAction\",\"target\":{\"@type\":\"EntryPoint\",\"urlTemplate\":\"https:\/\/goldenclinic.es\/ru\/?s={search_term_string}\"},\"query-input\":{\"@type\":\"PropertyValueSpecification\",\"valueRequired\":true,\"valueName\":\"search_term_string\"}}],\"inLanguage\":\"ru-RU\"}]}<\/script>\n<!-- \/ Yoast SEO plugin. -->","yoast_head_json":{"title":"\u0414\u043e\u043a\u0442\u043e\u0440 \u041c\u0430\u0440\u0438\u044f \u0425\u043e\u0441\u0435 \u041a\u0430\u0441\u0442\u0438\u043b\u044c\u0451 \u0413\u0430\u0440\u0438\u0433\u0430 - Golden Clinic - P\u0443\u0301\u0441\u0441\u043a\u0438\u0439","robots":{"index":"index","follow":"follow","max-snippet":"max-snippet:-1","max-image-preview":"max-image-preview:large","max-video-preview":"max-video-preview:-1"},"canonical":"https:\/\/goldenclinic.es\/ru\/dra-maria-jose-castillo-garriga\/","og_locale":"ru_RU","og_type":"article","og_title":"\u0414\u043e\u043a\u0442\u043e\u0440 \u041c\u0430\u0440\u0438\u044f \u0425\u043e\u0441\u0435 \u041a\u0430\u0441\u0442\u0438\u043b\u044c\u0451 \u0413\u0430\u0440\u0438\u0433\u0430 - Golden Clinic - P\u0443\u0301\u0441\u0441\u043a\u0438\u0439","og_description":"\u0417\u0430\u043a\u043e\u043d\u0447\u0438\u043b\u0430 \u0443\u043d\u0438\u0432\u0435\u0440\u0441\u0438\u0442\u0435\u0442 \u043c\u0435\u0434\u0438\u0446\u0438\u043d\u044b \u0438 \u0445\u0438\u0440\u0443\u0440\u0433\u0438\u0438 \u0432 \u041c\u0430\u043b\u0430\u0433\u0435. \u0418\u043c\u0435\u0435\u0442 \u0441\u043f\u0435\u0446\u0438\u0430\u043b\u044c\u043d\u043e\u0441\u0442\u044c \u0432 \u043e\u0431\u043b\u0430\u0441\u0442\u0438 \u0430\u043a\u0443\u0448\u0435\u0440\u0441\u0442\u0432\u0430 \u0438 \u0433\u0438\u043d\u0435\u043a\u043e\u043b\u043e\u0433\u0438\u0438 \u0443\u043d\u0438\u0432\u0435\u0440\u0441\u0438\u0442\u0435\u0442\u0430 \u0413\u0440\u0430\u043d\u0430\u0434\u044b. \u041f\u0440\u043e\u0444\u0435\u0441\u0441\u0438\u043e\u043d\u0430\u043b\u044c\u043d\u0430\u044f \u043a\u0430\u0440\u044c\u0435\u0440\u0430 \u0432 \u043a\u0430\u0447\u0435\u0441\u0442\u0432\u0435 \u0441\u043f\u0435\u0446\u0438\u0430\u043b\u0438\u0441\u0442\u0430, \u043f\u0440\u043e\u0448\u043b\u0430 \u0432 \u0433\u043e\u0441\u043f\u0438\u0442\u0430\u043b\u0435 \u041a\u043e\u0441\u0442\u0430-\u0434\u0435\u043b\u044c-\u0421\u043e\u043b\u044c, \u0432 \u0431\u043e\u043b\u044c\u043d\u0438\u0446\u0435 \u0412\u0438\u0440\u0445\u0435\u043d \u0434\u0435 \u043b\u0430\u0441 \u041d\u044c\u0435\u0432\u0435\u0441, \u0432 \u0433\u043e\u0441\u043f\u0438\u0442\u0430\u043b\u0435 Quir\u00f3n Salud \u041c\u0430\u0440\u0431\u0435\u043b\u044c\u044f ( \u0431\u044b\u0432\u0448\u0438\u0439 USB). \u0412 \u043d\u0430\u0441\u0442\u043e\u044f\u0449\u0435\u0435 \u0432\u0440\u0435\u043c\u044f \u043e\u043d\u0430 \u0440\u0430\u0431\u043e\u0442\u0430\u0435\u0442 \u0432 Golden Cl\u00ednic","og_url":"https:\/\/goldenclinic.es\/ru\/dra-maria-jose-castillo-garriga\/","og_site_name":"Golden Clinic - P\u0443\u0301\u0441\u0441\u043a\u0438\u0439","article_modified_time":"2018-04-18T14:48:37+00:00","twitter_card":"summary_large_image","schema":{"@context":"https:\/\/schema.org","@graph":[{"@type":"WebPage","@id":"https:\/\/goldenclinic.es\/ru\/dra-maria-jose-castillo-garriga\/","url":"https:\/\/goldenclinic.es\/ru\/dra-maria-jose-castillo-garriga\/","name":"\u0414\u043e\u043a\u0442\u043e\u0440 \u041c\u0430\u0440\u0438\u044f \u0425\u043e\u0441\u0435 \u041a\u0430\u0441\u0442\u0438\u043b\u044c\u0451 \u0413\u0430\u0440\u0438\u0433\u0430 - Golden Clinic - P\u0443\u0301\u0441\u0441\u043a\u0438\u0439","isPartOf":{"@id":"https:\/\/goldenclinic.es\/ru\/#website"},"datePublished":"2018-01-19T08:22:24+00:00","dateModified":"2018-04-18T14:48:37+00:00","breadcrumb":{"@id":"https:\/\/goldenclinic.es\/ru\/dra-maria-jose-castillo-garriga\/#breadcrumb"},"inLanguage":"ru-RU","potentialAction":[{"@type":"ReadAction","target":["https:\/\/goldenclinic.es\/ru\/dra-maria-jose-castillo-garriga\/"]}]},{"@type":"BreadcrumbList","@id":"https:\/\/goldenclinic.es\/ru\/dra-maria-jose-castillo-garriga\/#breadcrumb","itemListElement":[{"@type":"ListItem","position":1,"name":"Portada","item":"https:\/\/goldenclinic.es\/ru\/"},{"@type":"ListItem","position":2,"name":"\u0414\u043e\u043a\u0442\u043e\u0440 \u041c\u0430\u0440\u0438\u044f \u0425\u043e\u0441\u0435 \u041a\u0430\u0441\u0442\u0438\u043b\u044c\u0451 \u0413\u0430\u0440\u0438\u0433\u0430"}]},{"@type":"WebSite","@id":"https:\/\/goldenclinic.es\/ru\/#website","url":"https:\/\/goldenclinic.es\/ru\/","name":"Golden Clinic - P\u0443\u0301\u0441\u0441\u043a\u0438\u0439","description":"\u0430\u043a\u0443\u0448\u0435\u0440\u0441\u0442\u0432\u0430 \u0438 \u0433\u0438\u043d\u0435\u043a\u043e\u043b\u043e\u0433\u0438\u0438","potentialAction":[{"@type":"SearchAction","target":{"@type":"EntryPoint","urlTemplate":"https:\/\/goldenclinic.es\/ru\/?s={search_term_string}"},"query-input":{"@type":"PropertyValueSpecification","valueRequired":true,"valueName":"search_term_string"}}],"inLanguage":"ru-RU"}]}},"_links":{"self":[{"href":"https:\/\/goldenclinic.es\/ru\/wp-json\/wp\/v2\/pages\/2","targetHints":{"allow":["GET"]}}],"collection":[{"href":"https:\/\/goldenclinic.es\/ru\/wp-json\/wp\/v2\/pages"}],"about":[{"href":"https:\/\/goldenclinic.es\/ru\/wp-json\/wp\/v2\/types\/page"}],"author":[{"embeddable":true,"href":"https:\/\/goldenclinic.es\/ru\/wp-json\/wp\/v2\/users\/1"}],"replies":[{"embeddable":true,"href":"https:\/\/goldenclinic.es\/ru\/wp-json\/wp\/v2\/comments?post=2"}],"version-history":[{"count":14,"href":"https:\/\/goldenclinic.es\/ru\/wp-json\/wp\/v2\/pages\/2\/revisions"}],"predecessor-version":[{"id":8185,"href":"https:\/\/goldenclinic.es\/ru\/wp-json\/wp\/v2\/pages\/2\/revisions\/8185"}],"wp:attachment":[{"href":"https:\/\/goldenclinic.es\/ru\/wp-json\/wp\/v2\/media?parent=2"}],"curies":[{"name":"wp","href":"https:\/\/api.w.org\/{rel}","templated":true}]}}