{"id":7818,"date":"2018-02-26T12:22:21","date_gmt":"2018-02-26T12:22:21","guid":{"rendered":"http:\/\/goldenclinic.es\/web\/?page_id=7818"},"modified":"2018-03-06T13:25:52","modified_gmt":"2018-03-06T13:25:52","slug":"lopd","status":"publish","type":"page","link":"https:\/\/goldenclinic.es\/ru\/lopd\/","title":{"rendered":"LOPD"},"content":{"rendered":"<div id=\"pl-7818\"  class=\"panel-layout\" ><div id=\"pg-7818-0\"  class=\"panel-grid panel-no-style\" ><div id=\"pgc-7818-0-0\"  class=\"panel-grid-cell\" ><div id=\"panel-7818-0-0-0\" class=\"so-panel widget widget_sow-editor panel-first-child panel-last-child\" data-index=\"0\" ><div\n\t\t\t\n\t\t\tclass=\"so-widget-sow-editor so-widget-sow-editor-base\"\n\t\t\t\n\t\t>\n<div class=\"siteorigin-widget-tinymce textwidget\">\n\t<p>POL\u00cdTICA DE PRIVACIDAD<br \/>\nEn cumplimiento de lo dispuesto en la Ley Org\u00e1nica 15\/1999, de 13 de Diciembre, de Protecci\u00f3n de Datos de Car\u00e1cter Personal (LOPD) se informa al usuario que todos los datos que nos proporcione ser\u00e1n incorporados a un fichero, creado y mantenido bajo la responsabilidad de GOLDEN Clinic.<br \/>\nSiempre se va a respetar la confidencialidad de sus datos personales que s\u00f3lo ser\u00e1n utilizados con la finalidad de gestionar los servicios ofrecidos, atender a las solicitudes que nos plantee, realizar tareas administrativas, as\u00ed como remitir informaci\u00f3n t\u00e9cnica, comercial o publicitaria por v\u00eda ordinaria o electr\u00f3nica.<\/p>\n<p>Para ejercer sus derechos de oposici\u00f3n, rectificaci\u00f3n o cancelaci\u00f3n deber\u00e1 dirigirse a la sede de la empresa (direcci\u00f3n de la empresa), escribirnos al siguiente correo (email de contacto de la empresa) o ll\u00e1manos al (n\u00famero de tel\u00e9fono).<\/p>\n<p>CONDICIONES DE USO<br \/>\nLas condiciones de acceso y uso del presente sitio web se rigen por la legalidad vigente y por el principio de buena fe comprometi\u00e9ndose el usuario a realizar un buen uso de la web. No se permiten conductas que vayan contra la ley, los derechos o intereses de terceros.<\/p>\n<p>Ser usuario de la web www.goldenclinic.es implica que reconoce haber le\u00eddo y aceptado las presentes condiciones y lo que las extienda la normativa legal aplicable en esta materia. Si por el motivo que fuere no est\u00e1 de acuerdo con estas condiciones no contin\u00fae usando esta web.<\/p>\n<p>Cualquier tipo de notificaci\u00f3n y\/o reclamaci\u00f3n solamente ser\u00e1 v\u00e1lida por notificaci\u00f3n escrita y\/o correo certificado.<\/p>\n<p>RESPONSABILIDADES<br \/>\nGOLDEN Clinic no se hace responsable de la informaci\u00f3n y contenidos almacenados en foros, redes sociales o cualesquier otro medio que permita a terceros publicar contenidos de forma independiente en la p\u00e1gina web del prestador.<\/p>\n<p>Sin embargo, teniendo en cuenta los art. 11 y 16 de la LSSI-CE, GOLDEN Clinic se compromete a la retirada o en su caso bloqueo de aquellos contenidos que pudieran afectar o contravenir la legislaci\u00f3n nacional o internacional, derechos de terceros o la moral y el orden p\u00fablico.<\/p>\n<p>Tampoco la empresa se responsabilizar\u00e1 de los da\u00f1os y perjuicios que se produzcan por fallos o malas configuraciones del software instalado en el ordenador del internauta. Se excluye toda responsabilidad por alguna incidencia t\u00e9cnica o fallo que se produzca cuando el usuario se conecte a internet. Igualmente no se garantiza la inexistencia de interrupciones o errores en el acceso al sitio web.<\/p>\n<p>As\u00ed mismo, GOLDEN Clinic se reserva el derecho a actualizar, modificar o eliminar la informaci\u00f3n contenida en su p\u00e1gina web, as\u00ed como la configuraci\u00f3n o presentaci\u00f3n del mismo, en cualquier momento sin asumir alguna responsabilidad por ello.<\/p>\n<p>Le comunicamos que cualquier precio que pueda ver en nuestra web ser\u00e1 solamente orientativo. Si el usuario desea saber con exactitud el precio o si el producto en el momento actual cuenta con alguna oferta de la cual se puede beneficiar ha de acudir a alguna de las tiendas f\u00edsicas con las que cuenta GOLDEN Clinic<\/p>\n<p>PROPIEDAD INTELECTUAL E INDUSTRIAL<br \/>\nAviso legalGOLDEN Clinic es titular de todos los derechos sobre el software de la publicaci\u00f3n digital as\u00ed como de los derechos de propiedad industrial e intelectual referidos a los contenidos que se incluyan, a excepci\u00f3n de los derechos sobre productos y servicios de car\u00e1cter p\u00fablico que no son propiedad de esta empresa.<\/p>\n<p>Ning\u00fan material publicado en esta web podr\u00e1 ser reproducido, copiado o publicado sin el consentimiento por escrito de GOLDEN Clinic<\/p>\n<p>Toda la informaci\u00f3n que se reciba en la web, como comentarios, sugerencias o ideas, se considerar\u00e1 cedida a GOLDEN Clinic de manera gratuita. No debe enviarse informaci\u00f3n que NO pueda ser tratada de este modo.<\/p>\n<p>Todos los productos y servicios de estas p\u00e1ginas que NO son propiedad de GOLDEN Clinic son marcas registradas de sus respectivos propietarios y son reconocidas como tales por nuestra empresa. Solamente aparecen en la web de GOLDEN Clinic a efectos de promoci\u00f3n y de recopilaci\u00f3n de informaci\u00f3n. Estos propietarios pueden solicitar la modificaci\u00f3n o eliminaci\u00f3n de la informaci\u00f3n que les pertenece.<\/p>\n<p>LEY APLICABLE Y JURISDICCI\u00d3N<br \/>\nLas presentes condiciones generales se rigen por la legislaci\u00f3n espa\u00f1ola. Para cualquier litigio que pudiera surgir relacionado con el sitio web o la actividad que en \u00e9l se desarrolla ser\u00e1n competentes Juzgados de (lugar en el que le sea m\u00e1s f\u00e1cil a la empresa llegar, normalmente es la ciudad en la que se encuentra ubicada), renunciando expresamente el usuario a cualquier otro fuero que pudiera corresponderle.<\/p>\n<p>POL\u00cdTICA DE COOKIES<br \/>\nGOLDEN Clinic por su propia cuenta o la de un tercero contratado para prestaci\u00f3n de servicios de medici\u00f3n, pueden utilizar cookies cuando el usuario navega por el sitio web. Las cookies son ficheros enviados al navegador por medio de un servicio web con la finalidad de registrar las actividades del usuario durante su tiempo de navegaci\u00f3n.<\/p>\n<p>Las cookies utilizadas se asocian \u00fanicamente con un usuario an\u00f3nimo y su ordenador, y no proporcionan por s\u00ed mismas los datos personales del usuario.<\/p>\n<p>Mediante el uso de las cookies resulta posible que el servidor donde se encuentra la web reconozca el navegador web utilizado por el usuario con la finalidad de que la navegaci\u00f3n sea m\u00e1s sencilla. Se utilizan tambi\u00e9n para medir la audiencia y par\u00e1metros del tr\u00e1fico, controlar el proceso y n\u00famero de entradas.<\/p>\n<p>El usuario tiene la posibilidad de configurar su navegador para ser avisado de la recepci\u00f3n de cookies y para impedir su instalaci\u00f3n en su equipo. Por favor consulte las instrucciones y manuales de su navegador para ampliar esta informaci\u00f3n.<\/p>\n<p>Para utilizar el sitio web no es necesario que el usuario permita la instalaci\u00f3n de las cookies enviadas al sitio web, o el tercero que act\u00fae en su nombre, sin perjuicio de que sea necesario que el usuario inicie una sesi\u00f3n tal en cada uno de los servicios cuya prestaci\u00f3n requiera el previo registro.<\/p>\n<p>En todo caso las cookies tienen un car\u00e1cter temporal con la \u00fanica finalidad de hacer m\u00e1s eficaz su transmisi\u00f3n ulterior. En ning\u00fan caso se utilizar\u00e1 cookies para recoger informaci\u00f3n de car\u00e1cter personal.<\/p>\n<\/div>\n<\/div><\/div><\/div><\/div><\/div>","protected":false},"excerpt":{"rendered":"<p>POL\u00cdTICA DE PRIVACIDAD En cumplimiento de lo dispuesto en la Ley Org\u00e1nica 15\/1999, de 13 de Diciembre, de Protecci\u00f3n de Datos de Car\u00e1cter Personal (LOPD) se informa al usuario que todos los datos que nos proporcione ser\u00e1n incorporados a un fichero, creado y mantenido bajo la responsabilidad de GOLDEN Clinic. Siempre se va a respetar [&hellip;]<\/p>\n","protected":false},"author":1,"featured_media":0,"parent":0,"menu_order":0,"comment_status":"closed","ping_status":"closed","template":"","meta":{"footnotes":""},"class_list":["post-7818","page","type-page","status-publish","hentry"],"yoast_head":"<!-- This site is optimized with the Yoast SEO plugin v26.2 - https:\/\/yoast.com\/wordpress\/plugins\/seo\/ -->\n<title>LOPD - Golden Clinic - P\u0443\u0301\u0441\u0441\u043a\u0438\u0439<\/title>\n<meta name=\"robots\" content=\"index, follow, max-snippet:-1, max-image-preview:large, max-video-preview:-1\" \/>\n<link rel=\"canonical\" href=\"https:\/\/goldenclinic.es\/ru\/lopd\/\" \/>\n<meta property=\"og:locale\" content=\"ru_RU\" \/>\n<meta property=\"og:type\" content=\"article\" \/>\n<meta property=\"og:title\" content=\"LOPD - Golden Clinic - P\u0443\u0301\u0441\u0441\u043a\u0438\u0439\" \/>\n<meta property=\"og:description\" content=\"POL\u00cdTICA DE PRIVACIDAD En cumplimiento de lo dispuesto en la Ley Org\u00e1nica 15\/1999, de 13 de Diciembre, de Protecci\u00f3n de Datos de Car\u00e1cter Personal (LOPD) se informa al usuario que todos los datos que nos proporcione ser\u00e1n incorporados a un fichero, creado y mantenido bajo la responsabilidad de GOLDEN Clinic. Siempre se va a respetar [&hellip;]\" \/>\n<meta property=\"og:url\" content=\"https:\/\/goldenclinic.es\/ru\/lopd\/\" \/>\n<meta property=\"og:site_name\" content=\"Golden Clinic - P\u0443\u0301\u0441\u0441\u043a\u0438\u0439\" \/>\n<meta property=\"article:modified_time\" content=\"2018-03-06T13:25:52+00:00\" \/>\n<meta name=\"twitter:card\" content=\"summary_large_image\" \/>\n<meta name=\"twitter:label1\" content=\"\u041f\u0440\u0438\u043c\u0435\u0440\u043d\u043e\u0435 \u0432\u0440\u0435\u043c\u044f \u0434\u043b\u044f \u0447\u0442\u0435\u043d\u0438\u044f\" \/>\n\t<meta name=\"twitter:data1\" content=\"5 \u043c\u0438\u043d\u0443\u0442\" \/>\n<script type=\"application\/ld+json\" class=\"yoast-schema-graph\">{\"@context\":\"https:\/\/schema.org\",\"@graph\":[{\"@type\":\"WebPage\",\"@id\":\"https:\/\/goldenclinic.es\/ru\/lopd\/\",\"url\":\"https:\/\/goldenclinic.es\/ru\/lopd\/\",\"name\":\"LOPD - Golden Clinic - P\u0443\u0301\u0441\u0441\u043a\u0438\u0439\",\"isPartOf\":{\"@id\":\"https:\/\/goldenclinic.es\/ru\/#website\"},\"datePublished\":\"2018-02-26T12:22:21+00:00\",\"dateModified\":\"2018-03-06T13:25:52+00:00\",\"breadcrumb\":{\"@id\":\"https:\/\/goldenclinic.es\/ru\/lopd\/#breadcrumb\"},\"inLanguage\":\"ru-RU\",\"potentialAction\":[{\"@type\":\"ReadAction\",\"target\":[\"https:\/\/goldenclinic.es\/ru\/lopd\/\"]}]},{\"@type\":\"BreadcrumbList\",\"@id\":\"https:\/\/goldenclinic.es\/ru\/lopd\/#breadcrumb\",\"itemListElement\":[{\"@type\":\"ListItem\",\"position\":1,\"name\":\"Portada\",\"item\":\"https:\/\/goldenclinic.es\/ru\/\"},{\"@type\":\"ListItem\",\"position\":2,\"name\":\"LOPD\"}]},{\"@type\":\"WebSite\",\"@id\":\"https:\/\/goldenclinic.es\/ru\/#website\",\"url\":\"https:\/\/goldenclinic.es\/ru\/\",\"name\":\"Golden Clinic - P\u0443\u0301\u0441\u0441\u043a\u0438\u0439\",\"description\":\"\u0430\u043a\u0443\u0448\u0435\u0440\u0441\u0442\u0432\u0430 \u0438 \u0433\u0438\u043d\u0435\u043a\u043e\u043b\u043e\u0433\u0438\u0438\",\"potentialAction\":[{\"@type\":\"SearchAction\",\"target\":{\"@type\":\"EntryPoint\",\"urlTemplate\":\"https:\/\/goldenclinic.es\/ru\/?s={search_term_string}\"},\"query-input\":{\"@type\":\"PropertyValueSpecification\",\"valueRequired\":true,\"valueName\":\"search_term_string\"}}],\"inLanguage\":\"ru-RU\"}]}<\/script>\n<!-- \/ Yoast SEO plugin. -->","yoast_head_json":{"title":"LOPD - Golden Clinic - P\u0443\u0301\u0441\u0441\u043a\u0438\u0439","robots":{"index":"index","follow":"follow","max-snippet":"max-snippet:-1","max-image-preview":"max-image-preview:large","max-video-preview":"max-video-preview:-1"},"canonical":"https:\/\/goldenclinic.es\/ru\/lopd\/","og_locale":"ru_RU","og_type":"article","og_title":"LOPD - Golden Clinic - P\u0443\u0301\u0441\u0441\u043a\u0438\u0439","og_description":"POL\u00cdTICA DE PRIVACIDAD En cumplimiento de lo dispuesto en la Ley Org\u00e1nica 15\/1999, de 13 de Diciembre, de Protecci\u00f3n de Datos de Car\u00e1cter Personal (LOPD) se informa al usuario que todos los datos que nos proporcione ser\u00e1n incorporados a un fichero, creado y mantenido bajo la responsabilidad de GOLDEN Clinic. Siempre se va a respetar [&hellip;]","og_url":"https:\/\/goldenclinic.es\/ru\/lopd\/","og_site_name":"Golden Clinic - P\u0443\u0301\u0441\u0441\u043a\u0438\u0439","article_modified_time":"2018-03-06T13:25:52+00:00","twitter_card":"summary_large_image","twitter_misc":{"\u041f\u0440\u0438\u043c\u0435\u0440\u043d\u043e\u0435 \u0432\u0440\u0435\u043c\u044f \u0434\u043b\u044f \u0447\u0442\u0435\u043d\u0438\u044f":"5 \u043c\u0438\u043d\u0443\u0442"},"schema":{"@context":"https:\/\/schema.org","@graph":[{"@type":"WebPage","@id":"https:\/\/goldenclinic.es\/ru\/lopd\/","url":"https:\/\/goldenclinic.es\/ru\/lopd\/","name":"LOPD - Golden Clinic - P\u0443\u0301\u0441\u0441\u043a\u0438\u0439","isPartOf":{"@id":"https:\/\/goldenclinic.es\/ru\/#website"},"datePublished":"2018-02-26T12:22:21+00:00","dateModified":"2018-03-06T13:25:52+00:00","breadcrumb":{"@id":"https:\/\/goldenclinic.es\/ru\/lopd\/#breadcrumb"},"inLanguage":"ru-RU","potentialAction":[{"@type":"ReadAction","target":["https:\/\/goldenclinic.es\/ru\/lopd\/"]}]},{"@type":"BreadcrumbList","@id":"https:\/\/goldenclinic.es\/ru\/lopd\/#breadcrumb","itemListElement":[{"@type":"ListItem","position":1,"name":"Portada","item":"https:\/\/goldenclinic.es\/ru\/"},{"@type":"ListItem","position":2,"name":"LOPD"}]},{"@type":"WebSite","@id":"https:\/\/goldenclinic.es\/ru\/#website","url":"https:\/\/goldenclinic.es\/ru\/","name":"Golden Clinic - P\u0443\u0301\u0441\u0441\u043a\u0438\u0439","description":"\u0430\u043a\u0443\u0448\u0435\u0440\u0441\u0442\u0432\u0430 \u0438 \u0433\u0438\u043d\u0435\u043a\u043e\u043b\u043e\u0433\u0438\u0438","potentialAction":[{"@type":"SearchAction","target":{"@type":"EntryPoint","urlTemplate":"https:\/\/goldenclinic.es\/ru\/?s={search_term_string}"},"query-input":{"@type":"PropertyValueSpecification","valueRequired":true,"valueName":"search_term_string"}}],"inLanguage":"ru-RU"}]}},"_links":{"self":[{"href":"https:\/\/goldenclinic.es\/ru\/wp-json\/wp\/v2\/pages\/7818","targetHints":{"allow":["GET"]}}],"collection":[{"href":"https:\/\/goldenclinic.es\/ru\/wp-json\/wp\/v2\/pages"}],"about":[{"href":"https:\/\/goldenclinic.es\/ru\/wp-json\/wp\/v2\/types\/page"}],"author":[{"embeddable":true,"href":"https:\/\/goldenclinic.es\/ru\/wp-json\/wp\/v2\/users\/1"}],"replies":[{"embeddable":true,"href":"https:\/\/goldenclinic.es\/ru\/wp-json\/wp\/v2\/comments?post=7818"}],"version-history":[{"count":3,"href":"https:\/\/goldenclinic.es\/ru\/wp-json\/wp\/v2\/pages\/7818\/revisions"}],"predecessor-version":[{"id":7915,"href":"https:\/\/goldenclinic.es\/ru\/wp-json\/wp\/v2\/pages\/7818\/revisions\/7915"}],"wp:attachment":[{"href":"https:\/\/goldenclinic.es\/ru\/wp-json\/wp\/v2\/media?parent=7818"}],"curies":[{"name":"wp","href":"https:\/\/api.w.org\/{rel}","templated":true}]}}